{"id":11101,"date":"2025-08-07T15:19:10","date_gmt":"2025-08-07T13:19:10","guid":{"rendered":"https:\/\/mitsuiairconditioner.com\/system-multiflex\/"},"modified":"2025-08-07T15:19:10","modified_gmt":"2025-08-07T13:19:10","slug":"system-multiflex","status":"publish","type":"page","link":"https:\/\/mitsuiairconditioner.com\/sk\/system-multiflex\/","title":{"rendered":"Syst\u00e9m Multiflex"},"content":{"rendered":"\t\t<div data-elementor-type=\"wp-page\" data-elementor-id=\"11101\" class=\"elementor elementor-11101 elementor-7373\" data-elementor-post-type=\"page\">\n\t\t\t\t\t\t<section class=\"elementor-section elementor-top-section elementor-element elementor-element-b7c2346 elementor-section-boxed elementor-section-height-default elementor-section-height-default\" data-id=\"b7c2346\" data-element_type=\"section\" data-settings=\"{&quot;background_background&quot;:&quot;classic&quot;}\">\n\t\t\t\t\t\t\t<div class=\"elementor-background-overlay\"><\/div>\n\t\t\t\t\t\t\t<div class=\"elementor-container elementor-column-gap-default\">\n\t\t\t\t\t<div class=\"elementor-column elementor-col-100 elementor-top-column elementor-element elementor-element-3eb9fdc\" data-id=\"3eb9fdc\" data-element_type=\"column\">\n\t\t\t<div class=\"elementor-widget-wrap elementor-element-populated\">\n\t\t\t\t\t\t<div class=\"elementor-element elementor-element-a17ee7a elementor-widget elementor-widget-image\" data-id=\"a17ee7a\" data-element_type=\"widget\" data-widget_type=\"image.default\">\n\t\t\t\t<div class=\"elementor-widget-container\">\n\t\t\t\t\t\t\t\t\t\t\t\t\t<img fetchpriority=\"high\" decoding=\"async\" width=\"950\" height=\"667\" src=\"https:\/\/mitsuiairconditioner.com\/wp-content\/uploads\/2025\/03\/SISTEMA-FLESSIBILE-MULTIFLEX_sito.png\" class=\"attachment-full size-full wp-image-10517\" alt=\"\" srcset=\"https:\/\/mitsuiairconditioner.com\/wp-content\/uploads\/2025\/03\/SISTEMA-FLESSIBILE-MULTIFLEX_sito.png 950w, https:\/\/mitsuiairconditioner.com\/wp-content\/uploads\/2025\/03\/SISTEMA-FLESSIBILE-MULTIFLEX_sito-300x211.png 300w, https:\/\/mitsuiairconditioner.com\/wp-content\/uploads\/2025\/03\/SISTEMA-FLESSIBILE-MULTIFLEX_sito-768x539.png 768w, https:\/\/mitsuiairconditioner.com\/wp-content\/uploads\/2025\/03\/SISTEMA-FLESSIBILE-MULTIFLEX_sito-230x161.png 230w, https:\/\/mitsuiairconditioner.com\/wp-content\/uploads\/2025\/03\/SISTEMA-FLESSIBILE-MULTIFLEX_sito-350x246.png 350w, https:\/\/mitsuiairconditioner.com\/wp-content\/uploads\/2025\/03\/SISTEMA-FLESSIBILE-MULTIFLEX_sito-480x337.png 480w\" sizes=\"(max-width: 950px) 100vw, 950px\" \/>\t\t\t\t\t\t\t\t\t\t\t\t\t<\/div>\n\t\t\t\t<\/div>\n\t\t\t\t\t<\/div>\n\t\t<\/div>\n\t\t\t\t\t<\/div>\n\t\t<\/section>\n\t\t\t\t<section class=\"elementor-section elementor-top-section elementor-element elementor-element-851d4eb elementor-section-boxed elementor-section-height-default elementor-section-height-default\" data-id=\"851d4eb\" data-element_type=\"section\" data-settings=\"{&quot;background_background&quot;:&quot;classic&quot;}\">\n\t\t\t\t\t\t<div class=\"elementor-container elementor-column-gap-wide\">\n\t\t\t\t\t<div class=\"elementor-column elementor-col-100 elementor-top-column elementor-element elementor-element-204e738\" data-id=\"204e738\" data-element_type=\"column\">\n\t\t\t<div class=\"elementor-widget-wrap elementor-element-populated\">\n\t\t\t\t\t\t<div class=\"elementor-element elementor-element-fa225ff elementor-widget elementor-widget-heading\" data-id=\"fa225ff\" data-element_type=\"widget\" data-widget_type=\"heading.default\">\n\t\t\t\t<div class=\"elementor-widget-container\">\n\t\t\t<h1 class=\"elementor-heading-title elementor-size-default\">Syst\u00e9m Multiflex<\/h1>\t\t<\/div>\n\t\t\t\t<\/div>\n\t\t\t\t<div class=\"elementor-element elementor-element-a844de7 elementor-widget elementor-widget-heading\" data-id=\"a844de7\" data-element_type=\"widget\" data-widget_type=\"heading.default\">\n\t\t\t\t<div class=\"elementor-widget-container\">\n\t\t\t<h1 class=\"elementor-heading-title elementor-size-default\">Obytn\u00e9 \/ obchodn\u00e9 priestory<\/h1>\t\t<\/div>\n\t\t\t\t<\/div>\n\t\t\t\t<div class=\"elementor-element elementor-element-70d6a30 elementor-widget elementor-widget-text-editor\" data-id=\"70d6a30\" data-element_type=\"widget\" data-widget_type=\"text-editor.default\">\n\t\t\t\t<div class=\"elementor-widget-container\">\n\t\t\t\t\t\t\t<p class=\"p1\"><span class=\"s1\">Kompaktn\u00fd a \u00fa\u010dinn\u00fd syst\u00e9m all-in, ktor\u00fd poskytuje <\/span><span class=\"s1\">vykurovanie, chladenie a tepl\u00fa vodu<span class=\"Apple-converted-space\">  <\/span><\/span><span class=\"s1\">s jedinou multi-split vonkaj\u0161ou jednotkou.<\/span><\/p>\n<p><strong>Chladenie prostredn\u00edctvom priamej expanzie<\/strong>: zladi\u0165 so stenovou, kazetovou, potrubnou alebo stropnou jednotkou.<br \/><strong>Vykurovanie prostredn\u00edctvom priamej expanzie<\/strong>: zladi\u0165 so stenovou, kazetovou, potrubnou alebo stropnou jednotkou.<br \/><strong>Hydronick\u00e9 vykurovanie prostredn\u00edctvom s\u00e1lav\u00e9ho syst\u00e9mu<\/strong>.<br \/> V\u00fdroba teplej vody (<strong>prostredn\u00edctvom z\u00e1sobn\u00edka teplej vody <\/strong>) na v\u00fdrobu teplej vody pre dom\u00e1cnos\u0165<\/p>\n\t\t\t\t\t\t<\/div>\n\t\t\t\t<\/div>\n\t\t\t\t\t<\/div>\n\t\t<\/div>\n\t\t\t\t\t<\/div>\n\t\t<\/section>\n\t\t\t\t<section class=\"elementor-section elementor-top-section elementor-element elementor-element-90ec4d7 elementor-section-stretched elementor-section-boxed elementor-section-height-default elementor-section-height-default\" data-id=\"90ec4d7\" data-element_type=\"section\" data-settings=\"{&quot;background_background&quot;:&quot;classic&quot;,&quot;stretch_section&quot;:&quot;section-stretched&quot;}\">\n\t\t\t\t\t\t<div class=\"elementor-container elementor-column-gap-default\">\n\t\t\t\t\t<div class=\"elementor-column elementor-col-100 elementor-top-column elementor-element elementor-element-ea5f95c\" data-id=\"ea5f95c\" data-element_type=\"column\">\n\t\t\t<div class=\"elementor-widget-wrap elementor-element-populated\">\n\t\t\t\t\t\t<div class=\"elementor-element elementor-element-0215dcf elementor-widget elementor-widget-heading\" data-id=\"0215dcf\" data-element_type=\"widget\" data-widget_type=\"heading.default\">\n\t\t\t\t<div class=\"elementor-widget-container\">\n\t\t\t<h3 class=\"elementor-heading-title elementor-size-default\">Zlo\u017eenie syst\u00e9mu<\/h3>\t\t<\/div>\n\t\t\t\t<\/div>\n\t\t\t\t<div class=\"elementor-element elementor-element-58c11a2 elementor-widget elementor-widget-spacer\" data-id=\"58c11a2\" data-element_type=\"widget\" data-widget_type=\"spacer.default\">\n\t\t\t\t<div class=\"elementor-widget-container\">\n\t\t\t\t\t<div class=\"elementor-spacer\">\n\t\t\t<div class=\"elementor-spacer-inner\"><\/div>\n\t\t<\/div>\n\t\t\t\t<\/div>\n\t\t\t\t<\/div>\n\t\t\t\t<div class=\"elementor-element elementor-element-740b8c2 elementor-widget elementor-widget-heading\" data-id=\"740b8c2\" data-element_type=\"widget\" data-widget_type=\"heading.default\">\n\t\t\t\t<div class=\"elementor-widget-container\">\n\t\t\t<h4 class=\"elementor-heading-title elementor-size-default\">1 vonkaj\u0161ia jednotka<\/h4>\t\t<\/div>\n\t\t\t\t<\/div>\n\t\t\t\t<div class=\"elementor-element elementor-element-084383f elementor-vertical-align-top elementor-widget elementor-widget-icon-box\" data-id=\"084383f\" data-element_type=\"widget\" data-widget_type=\"icon-box.default\">\n\t\t\t\t<div class=\"elementor-widget-container\">\n\t\t\t\t\t<div class=\"elementor-icon-box-wrapper\">\n\t\t\t\t\t\t<div class=\"elementor-icon-box-content\">\n\t\t\t\t<h3 class=\"elementor-icon-box-title\">\n\t\t\t\t\t<span  >\n\t\t\t\t\t\tJedna vonkaj\u0161ia jednotka\t\t\t\t\t<\/span>\n\t\t\t\t<\/h3>\n\t\t\t\t\t\t\t\t\t<p class=\"elementor-icon-box-description\">\n\t\t\t\t\t\tna chladenie a vykurovanie pomocou obnovite\u013en\u00fdch zdrojov. Jednoduch\u00e1 in\u0161tal\u00e1cia s minim\u00e1lnymi n\u00e1rokmi na priestor, mo\u017eno pripoji\u0165 1 hydraulick\u00fa jednotku a a\u017e 3 vn\u00fatorn\u00e9 jednotky. \n\t\t\t\t\t<\/p>\n\t\t\t\t\t\t\t<\/div>\n\t\t<\/div>\n\t\t\t\t<\/div>\n\t\t\t\t<\/div>\n\t\t\t\t<div class=\"elementor-element elementor-element-ebb232c elementor-widget elementor-widget-spacer\" data-id=\"ebb232c\" data-element_type=\"widget\" data-widget_type=\"spacer.default\">\n\t\t\t\t<div class=\"elementor-widget-container\">\n\t\t\t\t\t<div class=\"elementor-spacer\">\n\t\t\t<div class=\"elementor-spacer-inner\"><\/div>\n\t\t<\/div>\n\t\t\t\t<\/div>\n\t\t\t\t<\/div>\n\t\t\t\t<div class=\"elementor-element elementor-element-fc4956d elementor-widget elementor-widget-heading\" data-id=\"fc4956d\" data-element_type=\"widget\" data-widget_type=\"heading.default\">\n\t\t\t\t<div class=\"elementor-widget-container\">\n\t\t\t<h4 class=\"elementor-heading-title elementor-size-default\">3 VN\u00daTORN\u00c9 JEDNOTKY<br>Mo\u017eno vybra\u0165 a\u017e 3 vn\u00fatorn\u00e9 jednotky z r\u00f4znych typov: n\u00e1stenn\u00e9, konzolov\u00e9, podlahov\u00e9\/stropn\u00e9, kazetov\u00e9 a kan\u00e1lov\u00e9.<\/h4>\t\t<\/div>\n\t\t\t\t<\/div>\n\t\t\t\t<div class=\"elementor-element elementor-element-74367dd elementor-vertical-align-top elementor-widget elementor-widget-icon-box\" data-id=\"74367dd\" data-element_type=\"widget\" data-widget_type=\"icon-box.default\">\n\t\t\t\t<div class=\"elementor-widget-container\">\n\t\t\t\t\t<div class=\"elementor-icon-box-wrapper\">\n\t\t\t\t\t\t<div class=\"elementor-icon-box-content\">\n\t\t\t\t<h3 class=\"elementor-icon-box-title\">\n\t\t\t\t\t<span  >\n\t\t\t\t\t\tVn\u00fatorn\u00e9 jednotky\t\t\t\t\t<\/span>\n\t\t\t\t<\/h3>\n\t\t\t\t\t\t\t\t\t<p class=\"elementor-icon-box-description\">\n\t\t\t\t\t\tpre letn\u00fa a zimn\u00fa klimatiz\u00e1ciu, pre maxim\u00e1lny komfort a dizajn. V\u0161etky vn\u00fatorn\u00e9 jednotky mo\u017eno ovl\u00e1da\u0165 nez\u00e1visle. \n\t\t\t\t\t<\/p>\n\t\t\t\t\t\t\t<\/div>\n\t\t<\/div>\n\t\t\t\t<\/div>\n\t\t\t\t<\/div>\n\t\t\t\t<div class=\"elementor-element elementor-element-2b5beb1 elementor-widget elementor-widget-spacer\" data-id=\"2b5beb1\" data-element_type=\"widget\" data-widget_type=\"spacer.default\">\n\t\t\t\t<div class=\"elementor-widget-container\">\n\t\t\t\t\t<div class=\"elementor-spacer\">\n\t\t\t<div class=\"elementor-spacer-inner\"><\/div>\n\t\t<\/div>\n\t\t\t\t<\/div>\n\t\t\t\t<\/div>\n\t\t\t\t<div class=\"elementor-element elementor-element-699b89d elementor-widget elementor-widget-heading\" data-id=\"699b89d\" data-element_type=\"widget\" data-widget_type=\"heading.default\">\n\t\t\t\t<div class=\"elementor-widget-container\">\n\t\t\t<h4 class=\"elementor-heading-title elementor-size-default\">1 HYDRAULICK\u00c1 JEDNOTKA<\/h4>\t\t<\/div>\n\t\t\t\t<\/div>\n\t\t\t\t<div class=\"elementor-element elementor-element-80ceb2c elementor-vertical-align-top elementor-widget elementor-widget-icon-box\" data-id=\"80ceb2c\" data-element_type=\"widget\" data-widget_type=\"icon-box.default\">\n\t\t\t\t<div class=\"elementor-widget-container\">\n\t\t\t\t\t<div class=\"elementor-icon-box-wrapper\">\n\t\t\t\t\t\t<div class=\"elementor-icon-box-content\">\n\t\t\t\t<h3 class=\"elementor-icon-box-title\">\n\t\t\t\t\t<span  >\n\t\t\t\t\t\tHydraulick\u00e1 vn\u00fatorn\u00e1 jednotka\t\t\t\t\t<\/span>\n\t\t\t\t<\/h3>\n\t\t\t\t\t\t\t\t\t<p class=\"elementor-icon-box-description\">\n\t\t\t\t\t\tHydraulick\u00fd modul na vykurovanie a v\u00fdrobu T\u00daV, kompaktn\u00e9 rozmery, jednoduch\u00e1 in\u0161tal\u00e1cia, nevy\u017eaduje rozsiahlu rekon\u0161trukciu.\t\t\t\t\t<\/p>\n\t\t\t\t\t\t\t<\/div>\n\t\t<\/div>\n\t\t\t\t<\/div>\n\t\t\t\t<\/div>\n\t\t\t\t<div class=\"elementor-element elementor-element-238f860 elementor-widget elementor-widget-spacer\" data-id=\"238f860\" data-element_type=\"widget\" data-widget_type=\"spacer.default\">\n\t\t\t\t<div class=\"elementor-widget-container\">\n\t\t\t\t\t<div class=\"elementor-spacer\">\n\t\t\t<div class=\"elementor-spacer-inner\"><\/div>\n\t\t<\/div>\n\t\t\t\t<\/div>\n\t\t\t\t<\/div>\n\t\t\t\t<div class=\"elementor-element elementor-element-fe8c6e2 elementor-widget elementor-widget-heading\" data-id=\"fe8c6e2\" data-element_type=\"widget\" data-widget_type=\"heading.default\">\n\t\t\t\t<div class=\"elementor-widget-container\">\n\t\t\t<h4 class=\"elementor-heading-title elementor-size-default\">1 DHW BOLLET<br>Na pr\u00edpravu teplej vody pre dom\u00e1cnos\u0165.<\/h4>\t\t<\/div>\n\t\t\t\t<\/div>\n\t\t\t\t<div class=\"elementor-element elementor-element-6eabfc6 elementor-vertical-align-top elementor-widget elementor-widget-icon-box\" data-id=\"6eabfc6\" data-element_type=\"widget\" data-widget_type=\"icon-box.default\">\n\t\t\t\t<div class=\"elementor-widget-container\">\n\t\t\t\t\t<div class=\"elementor-icon-box-wrapper\">\n\t\t\t\t\t\t<div class=\"elementor-icon-box-content\">\n\t\t\t\t<h3 class=\"elementor-icon-box-title\">\n\t\t\t\t\t<span  >\n\t\t\t\t\t\tR\u00fdchlovarn\u00e1 kanvica ACS\t\t\t\t\t<\/span>\n\t\t\t\t<\/h3>\n\t\t\t\t\t\t\t\t\t<p class=\"elementor-icon-box-description\">\n\t\t\t\t\t\tJednotka Multi Split Quadri pracuje v kombin\u00e1cii s hydronickou vn\u00fatornou jednotkou na v\u00fdrobu T\u00daV a uskladnenie vody v z\u00e1sobn\u00edku T\u00daV.\t\t\t\t\t<\/p>\n\t\t\t\t\t\t\t<\/div>\n\t\t<\/div>\n\t\t\t\t<\/div>\n\t\t\t\t<\/div>\n\t\t\t\t<div class=\"elementor-element elementor-element-b459316 elementor-widget elementor-widget-spacer\" data-id=\"b459316\" data-element_type=\"widget\" data-widget_type=\"spacer.default\">\n\t\t\t\t<div class=\"elementor-widget-container\">\n\t\t\t\t\t<div class=\"elementor-spacer\">\n\t\t\t<div class=\"elementor-spacer-inner\"><\/div>\n\t\t<\/div>\n\t\t\t\t<\/div>\n\t\t\t\t<\/div>\n\t\t\t\t<div class=\"elementor-element elementor-element-fced004 elementor-widget elementor-widget-image\" data-id=\"fced004\" data-element_type=\"widget\" data-widget_type=\"image.default\">\n\t\t\t\t<div class=\"elementor-widget-container\">\n\t\t\t\t\t\t\t\t\t\t\t\t\t\t<a href=\"https:\/\/mitsuiairconditioner.com\/wp-content\/uploads\/2022\/09\/Schema-Sistema-Flessibile_Tavola-disegno-1-copia.jpg\" data-elementor-open-lightbox=\"yes\" data-elementor-lightbox-title=\"Schema Sistema Flessibile_Tavola disegno 1 copia\" data-e-action-hash=\"#elementor-action%3Aaction%3Dlightbox%26settings%3DeyJpZCI6MTExMDYsInVybCI6Imh0dHBzOlwvXC9taXRzdWlhaXJjb25kaXRpb25lci5jb21cL3dwLWNvbnRlbnRcL3VwbG9hZHNcLzIwMjJcLzA5XC9TY2hlbWEtU2lzdGVtYS1GbGVzc2liaWxlX1Rhdm9sYS1kaXNlZ25vLTEtY29waWEuanBnIn0%3D\">\n\t\t\t\t\t\t\t<img decoding=\"async\" width=\"1024\" height=\"569\" src=\"https:\/\/mitsuiairconditioner.com\/wp-content\/uploads\/2022\/09\/Schema-Sistema-Flessibile_Tavola-disegno-1-copia-1024x569.jpg\" class=\"attachment-large size-large wp-image-11106\" alt=\"\" srcset=\"https:\/\/mitsuiairconditioner.com\/wp-content\/uploads\/2022\/09\/Schema-Sistema-Flessibile_Tavola-disegno-1-copia-1024x569.jpg 1024w, https:\/\/mitsuiairconditioner.com\/wp-content\/uploads\/2022\/09\/Schema-Sistema-Flessibile_Tavola-disegno-1-copia-300x167.jpg 300w, https:\/\/mitsuiairconditioner.com\/wp-content\/uploads\/2022\/09\/Schema-Sistema-Flessibile_Tavola-disegno-1-copia-768x426.jpg 768w, https:\/\/mitsuiairconditioner.com\/wp-content\/uploads\/2022\/09\/Schema-Sistema-Flessibile_Tavola-disegno-1-copia-1536x853.jpg 1536w, https:\/\/mitsuiairconditioner.com\/wp-content\/uploads\/2022\/09\/Schema-Sistema-Flessibile_Tavola-disegno-1-copia-1000x555.jpg 1000w, https:\/\/mitsuiairconditioner.com\/wp-content\/uploads\/2022\/09\/Schema-Sistema-Flessibile_Tavola-disegno-1-copia-230x128.jpg 230w, https:\/\/mitsuiairconditioner.com\/wp-content\/uploads\/2022\/09\/Schema-Sistema-Flessibile_Tavola-disegno-1-copia-350x194.jpg 350w, https:\/\/mitsuiairconditioner.com\/wp-content\/uploads\/2022\/09\/Schema-Sistema-Flessibile_Tavola-disegno-1-copia-480x266.jpg 480w, https:\/\/mitsuiairconditioner.com\/wp-content\/uploads\/2022\/09\/Schema-Sistema-Flessibile_Tavola-disegno-1-copia.jpg 1803w\" sizes=\"(max-width: 1024px) 100vw, 1024px\" \/>\t\t\t\t\t\t\t\t<\/a>\n\t\t\t\t\t\t\t\t\t\t\t\t\t<\/div>\n\t\t\t\t<\/div>\n\t\t\t\t\t<\/div>\n\t\t<\/div>\n\t\t\t\t\t<\/div>\n\t\t<\/section>\n\t\t\t\t<\/div>\n\t\t","protected":false},"excerpt":{"rendered":"<p>Obytn\u00e9 \/ obchodn\u00e9 priestory Kompaktn\u00fd a \u00fa\u010dinn\u00fd syst\u00e9m all-in, ktor\u00fd poskytuje vykurovanie, chladenie a tepl\u00fa vodu s jedinou multi-split vonkaj\u0161ou jednotkou. Chladenie [&hellip;]<\/p>\n","protected":false},"author":3,"featured_media":0,"parent":0,"menu_order":0,"comment_status":"closed","ping_status":"closed","template":"page-templates\/page_front-page.php","meta":{"_acf_changed":false,"footnotes":""},"folder":[],"class_list":["post-11101","page","type-page","status-publish","hentry"],"acf":[],"yoast_head":"<!-- This site is optimized with the Yoast SEO plugin v21.6 - https:\/\/yoast.com\/wordpress\/plugins\/seo\/ -->\n<title>Syst\u00e9m Multiflex - Mitsui Air Conditioners - Air Conditioners and Heating Pumps<\/title>\n<meta name=\"robots\" content=\"index, follow, max-snippet:-1, max-image-preview:large, max-video-preview:-1\" \/>\n<link rel=\"canonical\" href=\"https:\/\/mitsuiairconditioner.com\/sk\/system-multiflex\/\" \/>\n<meta property=\"og:locale\" content=\"sk_SK\" \/>\n<meta property=\"og:type\" content=\"article\" \/>\n<meta property=\"og:title\" content=\"Syst\u00e9m Multiflex - Mitsui Air Conditioners - Air Conditioners and Heating Pumps\" \/>\n<meta property=\"og:description\" content=\"Obytn\u00e9 \/ obchodn\u00e9 priestory Kompaktn\u00fd a \u00fa\u010dinn\u00fd syst\u00e9m all-in, ktor\u00fd poskytuje vykurovanie, chladenie a tepl\u00fa vodu s jedinou multi-split vonkaj\u0161ou jednotkou. Chladenie [&hellip;]\" \/>\n<meta property=\"og:url\" content=\"https:\/\/mitsuiairconditioner.com\/sk\/system-multiflex\/\" \/>\n<meta property=\"og:site_name\" content=\"Mitsui\" \/>\n<meta property=\"article:publisher\" content=\"https:\/\/www.facebook.com\/mitsuiairconditioners\/\" \/>\n<meta property=\"og:image\" content=\"https:\/\/mitsuiairconditioner.com\/wp-content\/uploads\/2025\/03\/SISTEMA-FLESSIBILE-MULTIFLEX_sito.png\" \/>\n<meta name=\"twitter:card\" content=\"summary_large_image\" \/>\n<meta name=\"twitter:label1\" content=\"Predpokladan\u00fd \u010das \u010d\u00edtania\" \/>\n\t<meta name=\"twitter:data1\" content=\"1 min\u00fata\" \/>\n<script type=\"application\/ld+json\" class=\"yoast-schema-graph\">{\"@context\":\"https:\/\/schema.org\",\"@graph\":[{\"@type\":\"WebPage\",\"@id\":\"https:\/\/mitsuiairconditioner.com\/sk\/system-multiflex\/\",\"url\":\"https:\/\/mitsuiairconditioner.com\/sk\/system-multiflex\/\",\"name\":\"Syst\u00e9m Multiflex - Mitsui Air Conditioners - Air Conditioners and Heating Pumps\",\"isPartOf\":{\"@id\":\"https:\/\/mitsuiairconditioner.com\/#website\"},\"datePublished\":\"2025-08-07T13:19:10+00:00\",\"dateModified\":\"2025-08-07T13:19:10+00:00\",\"breadcrumb\":{\"@id\":\"https:\/\/mitsuiairconditioner.com\/sk\/system-multiflex\/#breadcrumb\"},\"inLanguage\":\"sk-SK\",\"potentialAction\":[{\"@type\":\"ReadAction\",\"target\":[\"https:\/\/mitsuiairconditioner.com\/sk\/system-multiflex\/\"]}]},{\"@type\":\"BreadcrumbList\",\"@id\":\"https:\/\/mitsuiairconditioner.com\/sk\/system-multiflex\/#breadcrumb\",\"itemListElement\":[{\"@type\":\"ListItem\",\"position\":1,\"name\":\"Home\",\"item\":\"https:\/\/mitsuiairconditioner.com\/sk\/uvodna-stranka\/\"},{\"@type\":\"ListItem\",\"position\":2,\"name\":\"Syst\u00e9m Multiflex\"}]},{\"@type\":\"WebSite\",\"@id\":\"https:\/\/mitsuiairconditioner.com\/#website\",\"url\":\"https:\/\/mitsuiairconditioner.com\/\",\"name\":\"Mitsui\",\"description\":\"Air Conditioners and Heating Pumps\",\"publisher\":{\"@id\":\"https:\/\/mitsuiairconditioner.com\/#organization\"},\"potentialAction\":[{\"@type\":\"SearchAction\",\"target\":{\"@type\":\"EntryPoint\",\"urlTemplate\":\"https:\/\/mitsuiairconditioner.com\/?s={search_term_string}\"},\"query-input\":\"required name=search_term_string\"}],\"inLanguage\":\"sk-SK\"},{\"@type\":\"Organization\",\"@id\":\"https:\/\/mitsuiairconditioner.com\/#organization\",\"name\":\"Mitsui\",\"url\":\"https:\/\/mitsuiairconditioner.com\/\",\"logo\":{\"@type\":\"ImageObject\",\"inLanguage\":\"sk-SK\",\"@id\":\"https:\/\/mitsuiairconditioner.com\/#\/schema\/logo\/image\/\",\"url\":\"https:\/\/mitsuiairconditioner.com\/wp-content\/uploads\/2018\/02\/logo-mitsui.png\",\"contentUrl\":\"https:\/\/mitsuiairconditioner.com\/wp-content\/uploads\/2018\/02\/logo-mitsui.png\",\"width\":317,\"height\":213,\"caption\":\"Mitsui\"},\"image\":{\"@id\":\"https:\/\/mitsuiairconditioner.com\/#\/schema\/logo\/image\/\"},\"sameAs\":[\"https:\/\/www.facebook.com\/mitsuiairconditioners\/\"]}]}<\/script>\n<!-- \/ Yoast SEO plugin. -->","yoast_head_json":{"title":"Syst\u00e9m Multiflex - Mitsui Air Conditioners - Air Conditioners and Heating Pumps","robots":{"index":"index","follow":"follow","max-snippet":"max-snippet:-1","max-image-preview":"max-image-preview:large","max-video-preview":"max-video-preview:-1"},"canonical":"https:\/\/mitsuiairconditioner.com\/sk\/system-multiflex\/","og_locale":"sk_SK","og_type":"article","og_title":"Syst\u00e9m Multiflex - Mitsui Air Conditioners - Air Conditioners and Heating Pumps","og_description":"Obytn\u00e9 \/ obchodn\u00e9 priestory Kompaktn\u00fd a \u00fa\u010dinn\u00fd syst\u00e9m all-in, ktor\u00fd poskytuje vykurovanie, chladenie a tepl\u00fa vodu s jedinou multi-split vonkaj\u0161ou jednotkou. Chladenie [&hellip;]","og_url":"https:\/\/mitsuiairconditioner.com\/sk\/system-multiflex\/","og_site_name":"Mitsui","article_publisher":"https:\/\/www.facebook.com\/mitsuiairconditioners\/","og_image":[{"url":"https:\/\/mitsuiairconditioner.com\/wp-content\/uploads\/2025\/03\/SISTEMA-FLESSIBILE-MULTIFLEX_sito.png"}],"twitter_card":"summary_large_image","twitter_misc":{"Predpokladan\u00fd \u010das \u010d\u00edtania":"1 min\u00fata"},"schema":{"@context":"https:\/\/schema.org","@graph":[{"@type":"WebPage","@id":"https:\/\/mitsuiairconditioner.com\/sk\/system-multiflex\/","url":"https:\/\/mitsuiairconditioner.com\/sk\/system-multiflex\/","name":"Syst\u00e9m Multiflex - Mitsui Air Conditioners - Air Conditioners and Heating Pumps","isPartOf":{"@id":"https:\/\/mitsuiairconditioner.com\/#website"},"datePublished":"2025-08-07T13:19:10+00:00","dateModified":"2025-08-07T13:19:10+00:00","breadcrumb":{"@id":"https:\/\/mitsuiairconditioner.com\/sk\/system-multiflex\/#breadcrumb"},"inLanguage":"sk-SK","potentialAction":[{"@type":"ReadAction","target":["https:\/\/mitsuiairconditioner.com\/sk\/system-multiflex\/"]}]},{"@type":"BreadcrumbList","@id":"https:\/\/mitsuiairconditioner.com\/sk\/system-multiflex\/#breadcrumb","itemListElement":[{"@type":"ListItem","position":1,"name":"Home","item":"https:\/\/mitsuiairconditioner.com\/sk\/uvodna-stranka\/"},{"@type":"ListItem","position":2,"name":"Syst\u00e9m Multiflex"}]},{"@type":"WebSite","@id":"https:\/\/mitsuiairconditioner.com\/#website","url":"https:\/\/mitsuiairconditioner.com\/","name":"Mitsui","description":"Air Conditioners and Heating Pumps","publisher":{"@id":"https:\/\/mitsuiairconditioner.com\/#organization"},"potentialAction":[{"@type":"SearchAction","target":{"@type":"EntryPoint","urlTemplate":"https:\/\/mitsuiairconditioner.com\/?s={search_term_string}"},"query-input":"required name=search_term_string"}],"inLanguage":"sk-SK"},{"@type":"Organization","@id":"https:\/\/mitsuiairconditioner.com\/#organization","name":"Mitsui","url":"https:\/\/mitsuiairconditioner.com\/","logo":{"@type":"ImageObject","inLanguage":"sk-SK","@id":"https:\/\/mitsuiairconditioner.com\/#\/schema\/logo\/image\/","url":"https:\/\/mitsuiairconditioner.com\/wp-content\/uploads\/2018\/02\/logo-mitsui.png","contentUrl":"https:\/\/mitsuiairconditioner.com\/wp-content\/uploads\/2018\/02\/logo-mitsui.png","width":317,"height":213,"caption":"Mitsui"},"image":{"@id":"https:\/\/mitsuiairconditioner.com\/#\/schema\/logo\/image\/"},"sameAs":["https:\/\/www.facebook.com\/mitsuiairconditioners\/"]}]}},"_links":{"self":[{"href":"https:\/\/mitsuiairconditioner.com\/sk\/wp-json\/wp\/v2\/pages\/11101","targetHints":{"allow":["GET"]}}],"collection":[{"href":"https:\/\/mitsuiairconditioner.com\/sk\/wp-json\/wp\/v2\/pages"}],"about":[{"href":"https:\/\/mitsuiairconditioner.com\/sk\/wp-json\/wp\/v2\/types\/page"}],"author":[{"embeddable":true,"href":"https:\/\/mitsuiairconditioner.com\/sk\/wp-json\/wp\/v2\/users\/3"}],"replies":[{"embeddable":true,"href":"https:\/\/mitsuiairconditioner.com\/sk\/wp-json\/wp\/v2\/comments?post=11101"}],"version-history":[{"count":1,"href":"https:\/\/mitsuiairconditioner.com\/sk\/wp-json\/wp\/v2\/pages\/11101\/revisions"}],"predecessor-version":[{"id":11109,"href":"https:\/\/mitsuiairconditioner.com\/sk\/wp-json\/wp\/v2\/pages\/11101\/revisions\/11109"}],"wp:attachment":[{"href":"https:\/\/mitsuiairconditioner.com\/sk\/wp-json\/wp\/v2\/media?parent=11101"}],"wp:term":[{"taxonomy":"folder","embeddable":true,"href":"https:\/\/mitsuiairconditioner.com\/sk\/wp-json\/wp\/v2\/folder?post=11101"}],"curies":[{"name":"wp","href":"https:\/\/api.w.org\/{rel}","templated":true}]}}