{"id":11057,"date":"2025-08-07T15:13:50","date_gmt":"2025-08-07T13:13:50","guid":{"rendered":"https:\/\/mitsuiairconditioner.com\/ziadne-vedenie-vonkajsej-jednotky\/"},"modified":"2025-08-07T15:13:50","modified_gmt":"2025-08-07T13:13:50","slug":"ziadne-vedenie-vonkajsej-jednotky","status":"publish","type":"page","link":"https:\/\/mitsuiairconditioner.com\/sk\/ziadne-vedenie-vonkajsej-jednotky\/","title":{"rendered":"\u017diadne vedenie vonkaj\u0161ej jednotky"},"content":{"rendered":"\t\t<div data-elementor-type=\"wp-post\" data-elementor-id=\"11057\" class=\"elementor elementor-11057 elementor-8333\" data-elementor-post-type=\"page\">\n\t\t\t\t\t\t<section class=\"elementor-section elementor-top-section elementor-element elementor-element-3f12c9cc elementor-section-stretched elementor-section-boxed elementor-section-height-default elementor-section-height-default\" data-id=\"3f12c9cc\" data-element_type=\"section\" data-settings=\"{&quot;background_background&quot;:&quot;classic&quot;,&quot;stretch_section&quot;:&quot;section-stretched&quot;}\">\n\t\t\t\t\t\t<div class=\"elementor-container elementor-column-gap-default\">\n\t\t\t\t\t<div class=\"elementor-column elementor-col-50 elementor-top-column elementor-element elementor-element-4bad4bfb\" data-id=\"4bad4bfb\" data-element_type=\"column\" data-settings=\"{&quot;background_background&quot;:&quot;classic&quot;}\">\n\t\t\t<div class=\"elementor-widget-wrap elementor-element-populated\">\n\t\t\t\t\t\t<div class=\"elementor-element elementor-element-1c8f61a elementor-invisible elementor-widget elementor-widget-image\" data-id=\"1c8f61a\" data-element_type=\"widget\" data-settings=\"{&quot;_animation&quot;:&quot;fadeIn&quot;}\" data-widget_type=\"image.default\">\n\t\t\t\t<div class=\"elementor-widget-container\">\n\t\t\t\t\t\t\t\t\t\t\t\t\t<img fetchpriority=\"high\" decoding=\"async\" width=\"995\" height=\"785\" src=\"https:\/\/mitsuiairconditioner.com\/wp-content\/uploads\/2022\/11\/no-outdoor-unit.jpg\" class=\"attachment-large size-large wp-image-8340\" alt=\"\" srcset=\"https:\/\/mitsuiairconditioner.com\/wp-content\/uploads\/2022\/11\/no-outdoor-unit.jpg 995w, https:\/\/mitsuiairconditioner.com\/wp-content\/uploads\/2022\/11\/no-outdoor-unit-300x237.jpg 300w, https:\/\/mitsuiairconditioner.com\/wp-content\/uploads\/2022\/11\/no-outdoor-unit-768x606.jpg 768w, https:\/\/mitsuiairconditioner.com\/wp-content\/uploads\/2022\/11\/no-outdoor-unit-230x181.jpg 230w, https:\/\/mitsuiairconditioner.com\/wp-content\/uploads\/2022\/11\/no-outdoor-unit-350x276.jpg 350w, https:\/\/mitsuiairconditioner.com\/wp-content\/uploads\/2022\/11\/no-outdoor-unit-480x379.jpg 480w\" sizes=\"(max-width: 995px) 100vw, 995px\" \/>\t\t\t\t\t\t\t\t\t\t\t\t\t<\/div>\n\t\t\t\t<\/div>\n\t\t\t\t\t<\/div>\n\t\t<\/div>\n\t\t\t\t<div class=\"elementor-column elementor-col-50 elementor-top-column elementor-element elementor-element-7c83edb9\" data-id=\"7c83edb9\" data-element_type=\"column\">\n\t\t\t<div class=\"elementor-widget-wrap elementor-element-populated\">\n\t\t\t\t\t\t<div class=\"elementor-element elementor-element-356b42e4 elementor-widget elementor-widget-heading\" data-id=\"356b42e4\" data-element_type=\"widget\" data-widget_type=\"heading.default\">\n\t\t\t\t<div class=\"elementor-widget-container\">\n\t\t\t<h1 class=\"elementor-heading-title elementor-size-default\">\u017diadne vedenie vonkaj\u0161ej jednotky<\/h1>\t\t<\/div>\n\t\t\t\t<\/div>\n\t\t\t\t<div class=\"elementor-element elementor-element-6c43685 elementor-widget elementor-widget-text-editor\" data-id=\"6c43685\" data-element_type=\"widget\" data-widget_type=\"text-editor.default\">\n\t\t\t\t<div class=\"elementor-widget-container\">\n\t\t\t\t\t\t\t<p>Klimatiz\u00e1cia Mitsui bez vonkaj\u0161ej jednotky bola vytvoren\u00e1 tak, aby sp\u013a\u0148ala cel\u00fd rad syst\u00e9mov\u00fdch a in\u0161tala\u010dn\u00fdch potrieb, ktor\u00e9 by pri tradi\u010dn\u00fdch splitov\u00fdch syst\u00e9moch neboli mo\u017en\u00e9. Uplatnenie n\u00e1jde najm\u00e4 v historick\u00fdch centr\u00e1ch, bytov\u00fdch domoch, hoteloch, panelov\u00fdch stavb\u00e1ch a stavb\u00e1ch podliehaj\u00facich obmedzeniam v oblasti v\u00fdtvarn\u00e9ho umenia. <\/p>\n<p>T\u00fato jednotku je mo\u017en\u00e9 <strong>in\u0161talova\u0165 v jednej rovine s podlahou alebo so stenou<\/strong>. Povinne sa umiest\u0148uje pozd\u013a\u017e obvodovej steny, kde je potrebn\u00e9 pou\u017ei\u0165 jadrov\u00e9 v\u0155tanie, aby sa vytvorili dva otvory pre pr\u00edpojky na pr\u00edvod a odvod vonkaj\u0161ieho vzduchu. Model je naplnen\u00fd chladivom R32 s menovit\u00fdm v\u00fdkonom <strong>12 000 BTU\/h.<\/strong>  <\/p>\n\t\t\t\t\t\t<\/div>\n\t\t\t\t<\/div>\n\t\t\t\t<div class=\"elementor-element elementor-element-17364cb4 elementor-widget elementor-widget-spacer\" data-id=\"17364cb4\" data-element_type=\"widget\" data-widget_type=\"spacer.default\">\n\t\t\t\t<div class=\"elementor-widget-container\">\n\t\t\t\t\t<div class=\"elementor-spacer\">\n\t\t\t<div class=\"elementor-spacer-inner\"><\/div>\n\t\t<\/div>\n\t\t\t\t<\/div>\n\t\t\t\t<\/div>\n\t\t\t\t\t<\/div>\n\t\t<\/div>\n\t\t\t\t\t<\/div>\n\t\t<\/section>\n\t\t\t\t<section class=\"elementor-section elementor-top-section elementor-element elementor-element-b5ef917 elementor-section-stretched elementor-section-boxed elementor-section-height-default elementor-section-height-default\" data-id=\"b5ef917\" data-element_type=\"section\" data-settings=\"{&quot;background_background&quot;:&quot;classic&quot;,&quot;stretch_section&quot;:&quot;section-stretched&quot;}\">\n\t\t\t\t\t\t<div class=\"elementor-container elementor-column-gap-default\">\n\t\t\t\t\t<div class=\"elementor-column elementor-col-33 elementor-top-column elementor-element elementor-element-4b3211b\" data-id=\"4b3211b\" data-element_type=\"column\">\n\t\t\t<div class=\"elementor-widget-wrap elementor-element-populated\">\n\t\t\t\t\t\t<div class=\"elementor-element elementor-element-2be632f elementor-widget elementor-widget-toggle\" data-id=\"2be632f\" data-element_type=\"widget\" data-widget_type=\"toggle.default\">\n\t\t\t\t<div class=\"elementor-widget-container\">\n\t\t\t\t\t<div class=\"elementor-toggle\">\n\t\t\t\t\t\t\t<div class=\"elementor-toggle-item\">\n\t\t\t\t\t<div id=\"elementor-tab-title-4601\" class=\"elementor-tab-title\" data-tab=\"1\" role=\"button\" aria-controls=\"elementor-tab-content-4601\" aria-expanded=\"false\">\n\t\t\t\t\t\t\t\t\t\t\t\t<span class=\"elementor-toggle-icon elementor-toggle-icon-right\" aria-hidden=\"true\">\n\t\t\t\t\t\t\t\t\t\t\t\t\t\t\t<span class=\"elementor-toggle-icon-closed\"><i class=\"fas fa-caret-right\"><\/i><\/span>\n\t\t\t\t\t\t\t\t<span class=\"elementor-toggle-icon-opened\"><i class=\"elementor-toggle-icon-opened fas fa-caret-up\"><\/i><\/span>\n\t\t\t\t\t\t\t\t\t\t\t\t\t<\/span>\n\t\t\t\t\t\t\t\t\t\t\t\t<a class=\"elementor-toggle-title\" tabindex=\"0\">12000 BTU\/h<\/a>\n\t\t\t\t\t<\/div>\n\n\t\t\t\t\t<div id=\"elementor-tab-content-4601\" class=\"elementor-tab-content elementor-clearfix\" data-tab=\"1\" role=\"region\" aria-labelledby=\"elementor-tab-title-4601\"><p><strong>Nap\u00e1janie<\/strong>: 220-240\/1\/50 V\/Ph\/Hz<br \/><strong>Vykurovanie<\/strong><strong>(kapacita)<\/strong>: 12800 BTU\/h<br \/><strong>Vykurovanie (COP)<\/strong>: 3,10<br \/><span style=\"font-weight: 600; letter-spacing: 0.8px;\">Chladenie (kapacita)<\/span>: 11400 BTU\/h<br \/><span style=\"font-weight: 600; letter-spacing: 0.8px;\">Chladenie (<\/span><strong>EER)<\/strong>: 2,61<br \/><strong>Rozmery vn\u00fatornej jednotky (\u0160xHxV<\/strong>): 1000x245x580mm<br \/><strong>Typ chladiva<\/strong>: R32<\/p>\n<\/div>\n\t\t\t\t<\/div>\n\t\t\t\t\t\t\t\t<\/div>\n\t\t\t\t<\/div>\n\t\t\t\t<\/div>\n\t\t\t\t\t<\/div>\n\t\t<\/div>\n\t\t\t\t<div class=\"elementor-column elementor-col-33 elementor-top-column elementor-element elementor-element-fc0a5ef\" data-id=\"fc0a5ef\" data-element_type=\"column\">\n\t\t\t<div class=\"elementor-widget-wrap\">\n\t\t\t\t\t\t\t<\/div>\n\t\t<\/div>\n\t\t\t\t<div class=\"elementor-column elementor-col-33 elementor-top-column elementor-element elementor-element-2f4b7423\" data-id=\"2f4b7423\" data-element_type=\"column\">\n\t\t\t<div class=\"elementor-widget-wrap\">\n\t\t\t\t\t\t\t<\/div>\n\t\t<\/div>\n\t\t\t\t\t<\/div>\n\t\t<\/section>\n\t\t\t\t<section class=\"elementor-section elementor-top-section elementor-element elementor-element-98844fe elementor-section-stretched elementor-section-boxed elementor-section-height-default elementor-section-height-default\" data-id=\"98844fe\" data-element_type=\"section\" data-settings=\"{&quot;stretch_section&quot;:&quot;section-stretched&quot;,&quot;background_background&quot;:&quot;classic&quot;}\">\n\t\t\t\t\t\t<div class=\"elementor-container elementor-column-gap-wider\">\n\t\t\t\t\t<div class=\"elementor-column elementor-col-50 elementor-top-column elementor-element elementor-element-29bc477a animated-fast elementor-invisible\" data-id=\"29bc477a\" data-element_type=\"column\" data-settings=\"{&quot;animation&quot;:&quot;fadeInUp&quot;,&quot;background_background&quot;:&quot;classic&quot;}\">\n\t\t\t<div class=\"elementor-widget-wrap elementor-element-populated\">\n\t\t\t\t\t\t<div class=\"elementor-element elementor-element-16c73118 elementor-widget elementor-widget-heading\" data-id=\"16c73118\" data-element_type=\"widget\" data-widget_type=\"heading.default\">\n\t\t\t\t<div class=\"elementor-widget-container\">\n\t\t\t<h3 class=\"elementor-heading-title elementor-size-default\">Da\u0148ov\u00e9 stimuly<\/h3>\t\t<\/div>\n\t\t\t\t<\/div>\n\t\t\t\t<div class=\"elementor-element elementor-element-62268483 elementor-widget elementor-widget-text-editor\" data-id=\"62268483\" data-element_type=\"widget\" data-widget_type=\"text-editor.default\">\n\t\t\t\t<div class=\"elementor-widget-container\">\n\t\t\t\t\t\t\t<p>Pri k\u00fape jednej alebo viacer\u00fdch vysoko\u00fa\u010dinn\u00fdch klimatiz\u00e1ci\u00ed a tepeln\u00fdch \u010derpadiel m\u00f4\u017eete vyu\u017ei\u0165 da\u0148ov\u00e9 bonusy a stimuly, ktor\u00e9 zaru\u010duj\u00fa \u010diasto\u010dn\u00fa alebo \u00fapln\u00fa n\u00e1hradu zaplatenej sumy.<\/p>\n\t\t\t\t\t\t<\/div>\n\t\t\t\t<\/div>\n\t\t\t\t<div class=\"elementor-element elementor-element-3ae94398 elementor-widget elementor-widget-button\" data-id=\"3ae94398\" data-element_type=\"widget\" data-widget_type=\"button.default\">\n\t\t\t\t<div class=\"elementor-widget-container\">\n\t\t\t\t\t<div class=\"elementor-button-wrapper\">\n\t\t\t<a class=\"elementor-button elementor-button-link elementor-size-md\" href=\"https:\/\/mitsuiairconditioner.com\/incentivi-fiscali\/\">\n\t\t\t\t\t\t<span class=\"elementor-button-content-wrapper\">\n\t\t\t\t\t\t<span class=\"elementor-button-text\">Zistite viac<\/span>\n\t\t<\/span>\n\t\t\t\t\t<\/a>\n\t\t<\/div>\n\t\t\t\t<\/div>\n\t\t\t\t<\/div>\n\t\t\t\t\t<\/div>\n\t\t<\/div>\n\t\t\t\t<div class=\"elementor-column elementor-col-50 elementor-top-column elementor-element elementor-element-405d675d\" data-id=\"405d675d\" data-element_type=\"column\" data-settings=\"{&quot;background_background&quot;:&quot;classic&quot;}\">\n\t\t\t<div class=\"elementor-widget-wrap elementor-element-populated\">\n\t\t\t\t\t\t<div class=\"elementor-element elementor-element-49025ac7 elementor-widget elementor-widget-spacer\" data-id=\"49025ac7\" data-element_type=\"widget\" data-widget_type=\"spacer.default\">\n\t\t\t\t<div class=\"elementor-widget-container\">\n\t\t\t\t\t<div class=\"elementor-spacer\">\n\t\t\t<div class=\"elementor-spacer-inner\"><\/div>\n\t\t<\/div>\n\t\t\t\t<\/div>\n\t\t\t\t<\/div>\n\t\t\t\t\t<\/div>\n\t\t<\/div>\n\t\t\t\t\t<\/div>\n\t\t<\/section>\n\t\t\t\t<section class=\"elementor-section elementor-top-section elementor-element elementor-element-c31f870 elementor-section-stretched elementor-section-boxed elementor-section-height-default elementor-section-height-default\" data-id=\"c31f870\" data-element_type=\"section\" data-settings=\"{&quot;background_background&quot;:&quot;classic&quot;,&quot;stretch_section&quot;:&quot;section-stretched&quot;}\">\n\t\t\t\t\t\t<div class=\"elementor-container elementor-column-gap-default\">\n\t\t\t\t\t<div class=\"elementor-column elementor-col-100 elementor-top-column elementor-element elementor-element-9f4666e\" data-id=\"9f4666e\" data-element_type=\"column\">\n\t\t\t<div class=\"elementor-widget-wrap elementor-element-populated\">\n\t\t\t\t\t\t<section class=\"elementor-section elementor-inner-section elementor-element elementor-element-f2e8215 elementor-section-boxed elementor-section-height-default elementor-section-height-default\" data-id=\"f2e8215\" data-element_type=\"section\">\n\t\t\t\t\t\t<div class=\"elementor-container elementor-column-gap-default\">\n\t\t\t\t\t<div class=\"elementor-column elementor-col-25 elementor-inner-column elementor-element elementor-element-890221c\" data-id=\"890221c\" data-element_type=\"column\">\n\t\t\t<div class=\"elementor-widget-wrap elementor-element-populated\">\n\t\t\t\t\t\t<div class=\"elementor-element elementor-element-bd52978 elementor-position-left elementor-vertical-align-top elementor-widget elementor-widget-image-box\" data-id=\"bd52978\" data-element_type=\"widget\" data-widget_type=\"image-box.default\">\n\t\t\t\t<div class=\"elementor-widget-container\">\n\t\t\t<div class=\"elementor-image-box-wrapper\"><figure class=\"elementor-image-box-img\"><img decoding=\"async\" width=\"387\" height=\"387\" src=\"https:\/\/mitsuiairconditioner.com\/wp-content\/uploads\/2022\/06\/follow-me-1.svg\" class=\"attachment-full size-full wp-image-5588\" alt=\"\" \/><\/figure><div class=\"elementor-image-box-content\"><h6 class=\"elementor-image-box-title\">Dia\u013ekov\u00e9 ovl\u00e1danie je s\u00fa\u010das\u0165ou balenia<\/h6><\/div><\/div>\t\t<\/div>\n\t\t\t\t<\/div>\n\t\t\t\t\t<\/div>\n\t\t<\/div>\n\t\t\t\t<div class=\"elementor-column elementor-col-25 elementor-inner-column elementor-element elementor-element-206c942\" data-id=\"206c942\" data-element_type=\"column\">\n\t\t\t<div class=\"elementor-widget-wrap elementor-element-populated\">\n\t\t\t\t\t\t<div class=\"elementor-element elementor-element-5293019 elementor-position-left elementor-vertical-align-top elementor-widget elementor-widget-image-box\" data-id=\"5293019\" data-element_type=\"widget\" data-widget_type=\"image-box.default\">\n\t\t\t\t<div class=\"elementor-widget-container\">\n\t\t\t<div class=\"elementor-image-box-wrapper\"><figure class=\"elementor-image-box-img\"><img decoding=\"async\" src=\"https:\/\/mitsuiairconditioner.com\/wp-content\/uploads\/2022\/05\/ic-conto-termico.svg\" class=\"attachment-full size-full wp-image-3089\" alt=\"\" \/><\/figure><div class=\"elementor-image-box-content\"><h6 class=\"elementor-image-box-title\">TEPELN\u00dd \u00da\u010cET 2.0<\/h6><\/div><\/div>\t\t<\/div>\n\t\t\t\t<\/div>\n\t\t\t\t\t<\/div>\n\t\t<\/div>\n\t\t\t\t<div class=\"elementor-column elementor-col-25 elementor-inner-column elementor-element elementor-element-ec344f3\" data-id=\"ec344f3\" data-element_type=\"column\">\n\t\t\t<div class=\"elementor-widget-wrap elementor-element-populated\">\n\t\t\t\t\t\t<div class=\"elementor-element elementor-element-471bc5f elementor-position-left elementor-vertical-align-top elementor-widget elementor-widget-image-box\" data-id=\"471bc5f\" data-element_type=\"widget\" data-widget_type=\"image-box.default\">\n\t\t\t\t<div class=\"elementor-widget-container\">\n\t\t\t<div class=\"elementor-image-box-wrapper\"><figure class=\"elementor-image-box-img\"><img decoding=\"async\" src=\"https:\/\/mitsuiairconditioner.com\/wp-content\/uploads\/2022\/05\/ic-gas-refrigerante.svg\" class=\"attachment-full size-full wp-image-3087\" alt=\"\" \/><\/figure><div class=\"elementor-image-box-content\"><h6 class=\"elementor-image-box-title\">CHLADIACI PLYN<\/h6><\/div><\/div>\t\t<\/div>\n\t\t\t\t<\/div>\n\t\t\t\t\t<\/div>\n\t\t<\/div>\n\t\t\t\t<div class=\"elementor-column elementor-col-25 elementor-inner-column elementor-element elementor-element-a4e7c21\" data-id=\"a4e7c21\" data-element_type=\"column\">\n\t\t\t<div class=\"elementor-widget-wrap elementor-element-populated\">\n\t\t\t\t\t\t<div class=\"elementor-element elementor-element-15ac09e elementor-position-left elementor-vertical-align-top elementor-widget elementor-widget-image-box\" data-id=\"15ac09e\" data-element_type=\"widget\" data-widget_type=\"image-box.default\">\n\t\t\t\t<div class=\"elementor-widget-container\">\n\t\t\t<div class=\"elementor-image-box-wrapper\"><figure class=\"elementor-image-box-img\"><img decoding=\"async\" src=\"https:\/\/mitsuiairconditioner.com\/wp-content\/uploads\/2022\/05\/ic-normativa-2002.svg\" class=\"attachment-full size-full wp-image-3090\" alt=\"\" \/><\/figure><div class=\"elementor-image-box-content\"><h6 class=\"elementor-image-box-title\">NARIADENIE 2002\/95\/ES<\/h6><\/div><\/div>\t\t<\/div>\n\t\t\t\t<\/div>\n\t\t\t\t\t<\/div>\n\t\t<\/div>\n\t\t\t\t\t<\/div>\n\t\t<\/section>\n\t\t\t\t\t<\/div>\n\t\t<\/div>\n\t\t\t\t\t<\/div>\n\t\t<\/section>\n\t\t\t\t<\/div>\n\t\t","protected":false},"excerpt":{"rendered":"<p>Klimatiz\u00e1cia Mitsui bez vonkaj\u0161ej jednotky bola vytvoren\u00e1 tak, aby sp\u013a\u0148ala cel\u00fd rad syst\u00e9mov\u00fdch a in\u0161tala\u010dn\u00fdch potrieb, ktor\u00e9 by pri tradi\u010dn\u00fdch splitov\u00fdch syst\u00e9moch [&hellip;]<\/p>\n","protected":false},"author":3,"featured_media":0,"parent":0,"menu_order":3,"comment_status":"closed","ping_status":"closed","template":"","meta":{"_acf_changed":false,"footnotes":""},"folder":[],"class_list":["post-11057","page","type-page","status-publish","hentry"],"acf":[],"yoast_head":"<!-- This site is optimized with the Yoast SEO plugin v21.6 - https:\/\/yoast.com\/wordpress\/plugins\/seo\/ -->\n<title>\u017diadne vedenie vonkaj\u0161ej jednotky - Mitsui Air Conditioners - Air Conditioners and Heating Pumps<\/title>\n<meta name=\"robots\" content=\"index, follow, max-snippet:-1, max-image-preview:large, max-video-preview:-1\" \/>\n<link rel=\"canonical\" href=\"https:\/\/mitsuiairconditioner.com\/sk\/ziadne-vedenie-vonkajsej-jednotky\/\" \/>\n<meta property=\"og:locale\" content=\"sk_SK\" \/>\n<meta property=\"og:type\" content=\"article\" \/>\n<meta property=\"og:title\" content=\"\u017diadne vedenie vonkaj\u0161ej jednotky - Mitsui Air Conditioners - Air Conditioners and Heating Pumps\" \/>\n<meta property=\"og:description\" content=\"Klimatiz\u00e1cia Mitsui bez vonkaj\u0161ej jednotky bola vytvoren\u00e1 tak, aby sp\u013a\u0148ala cel\u00fd rad syst\u00e9mov\u00fdch a in\u0161tala\u010dn\u00fdch potrieb, ktor\u00e9 by pri tradi\u010dn\u00fdch splitov\u00fdch syst\u00e9moch [&hellip;]\" \/>\n<meta property=\"og:url\" content=\"https:\/\/mitsuiairconditioner.com\/sk\/ziadne-vedenie-vonkajsej-jednotky\/\" \/>\n<meta property=\"og:site_name\" content=\"Mitsui\" \/>\n<meta property=\"article:publisher\" content=\"https:\/\/www.facebook.com\/mitsuiairconditioners\/\" \/>\n<meta property=\"og:image\" content=\"https:\/\/mitsuiairconditioner.com\/wp-content\/uploads\/2022\/11\/no-outdoor-unit.jpg\" \/>\n<meta name=\"twitter:card\" content=\"summary_large_image\" \/>\n<meta name=\"twitter:label1\" content=\"Predpokladan\u00fd \u010das \u010d\u00edtania\" \/>\n\t<meta name=\"twitter:data1\" content=\"1 min\u00fata\" \/>\n<script type=\"application\/ld+json\" class=\"yoast-schema-graph\">{\"@context\":\"https:\/\/schema.org\",\"@graph\":[{\"@type\":\"WebPage\",\"@id\":\"https:\/\/mitsuiairconditioner.com\/sk\/ziadne-vedenie-vonkajsej-jednotky\/\",\"url\":\"https:\/\/mitsuiairconditioner.com\/sk\/ziadne-vedenie-vonkajsej-jednotky\/\",\"name\":\"\u017diadne vedenie vonkaj\u0161ej jednotky - Mitsui Air Conditioners - Air Conditioners and Heating Pumps\",\"isPartOf\":{\"@id\":\"https:\/\/mitsuiairconditioner.com\/#website\"},\"datePublished\":\"2025-08-07T13:13:50+00:00\",\"dateModified\":\"2025-08-07T13:13:50+00:00\",\"breadcrumb\":{\"@id\":\"https:\/\/mitsuiairconditioner.com\/sk\/ziadne-vedenie-vonkajsej-jednotky\/#breadcrumb\"},\"inLanguage\":\"sk-SK\",\"potentialAction\":[{\"@type\":\"ReadAction\",\"target\":[\"https:\/\/mitsuiairconditioner.com\/sk\/ziadne-vedenie-vonkajsej-jednotky\/\"]}]},{\"@type\":\"BreadcrumbList\",\"@id\":\"https:\/\/mitsuiairconditioner.com\/sk\/ziadne-vedenie-vonkajsej-jednotky\/#breadcrumb\",\"itemListElement\":[{\"@type\":\"ListItem\",\"position\":1,\"name\":\"Home\",\"item\":\"https:\/\/mitsuiairconditioner.com\/sk\/uvodna-stranka\/\"},{\"@type\":\"ListItem\",\"position\":2,\"name\":\"\u017diadne vedenie vonkaj\u0161ej jednotky\"}]},{\"@type\":\"WebSite\",\"@id\":\"https:\/\/mitsuiairconditioner.com\/#website\",\"url\":\"https:\/\/mitsuiairconditioner.com\/\",\"name\":\"Mitsui\",\"description\":\"Air Conditioners and Heating Pumps\",\"publisher\":{\"@id\":\"https:\/\/mitsuiairconditioner.com\/#organization\"},\"potentialAction\":[{\"@type\":\"SearchAction\",\"target\":{\"@type\":\"EntryPoint\",\"urlTemplate\":\"https:\/\/mitsuiairconditioner.com\/?s={search_term_string}\"},\"query-input\":\"required name=search_term_string\"}],\"inLanguage\":\"sk-SK\"},{\"@type\":\"Organization\",\"@id\":\"https:\/\/mitsuiairconditioner.com\/#organization\",\"name\":\"Mitsui\",\"url\":\"https:\/\/mitsuiairconditioner.com\/\",\"logo\":{\"@type\":\"ImageObject\",\"inLanguage\":\"sk-SK\",\"@id\":\"https:\/\/mitsuiairconditioner.com\/#\/schema\/logo\/image\/\",\"url\":\"https:\/\/mitsuiairconditioner.com\/wp-content\/uploads\/2018\/02\/logo-mitsui.png\",\"contentUrl\":\"https:\/\/mitsuiairconditioner.com\/wp-content\/uploads\/2018\/02\/logo-mitsui.png\",\"width\":317,\"height\":213,\"caption\":\"Mitsui\"},\"image\":{\"@id\":\"https:\/\/mitsuiairconditioner.com\/#\/schema\/logo\/image\/\"},\"sameAs\":[\"https:\/\/www.facebook.com\/mitsuiairconditioners\/\"]}]}<\/script>\n<!-- \/ Yoast SEO plugin. -->","yoast_head_json":{"title":"\u017diadne vedenie vonkaj\u0161ej jednotky - Mitsui Air Conditioners - Air Conditioners and Heating Pumps","robots":{"index":"index","follow":"follow","max-snippet":"max-snippet:-1","max-image-preview":"max-image-preview:large","max-video-preview":"max-video-preview:-1"},"canonical":"https:\/\/mitsuiairconditioner.com\/sk\/ziadne-vedenie-vonkajsej-jednotky\/","og_locale":"sk_SK","og_type":"article","og_title":"\u017diadne vedenie vonkaj\u0161ej jednotky - Mitsui Air Conditioners - Air Conditioners and Heating Pumps","og_description":"Klimatiz\u00e1cia Mitsui bez vonkaj\u0161ej jednotky bola vytvoren\u00e1 tak, aby sp\u013a\u0148ala cel\u00fd rad syst\u00e9mov\u00fdch a in\u0161tala\u010dn\u00fdch potrieb, ktor\u00e9 by pri tradi\u010dn\u00fdch splitov\u00fdch syst\u00e9moch [&hellip;]","og_url":"https:\/\/mitsuiairconditioner.com\/sk\/ziadne-vedenie-vonkajsej-jednotky\/","og_site_name":"Mitsui","article_publisher":"https:\/\/www.facebook.com\/mitsuiairconditioners\/","og_image":[{"url":"https:\/\/mitsuiairconditioner.com\/wp-content\/uploads\/2022\/11\/no-outdoor-unit.jpg"}],"twitter_card":"summary_large_image","twitter_misc":{"Predpokladan\u00fd \u010das \u010d\u00edtania":"1 min\u00fata"},"schema":{"@context":"https:\/\/schema.org","@graph":[{"@type":"WebPage","@id":"https:\/\/mitsuiairconditioner.com\/sk\/ziadne-vedenie-vonkajsej-jednotky\/","url":"https:\/\/mitsuiairconditioner.com\/sk\/ziadne-vedenie-vonkajsej-jednotky\/","name":"\u017diadne vedenie vonkaj\u0161ej jednotky - Mitsui Air Conditioners - Air Conditioners and Heating Pumps","isPartOf":{"@id":"https:\/\/mitsuiairconditioner.com\/#website"},"datePublished":"2025-08-07T13:13:50+00:00","dateModified":"2025-08-07T13:13:50+00:00","breadcrumb":{"@id":"https:\/\/mitsuiairconditioner.com\/sk\/ziadne-vedenie-vonkajsej-jednotky\/#breadcrumb"},"inLanguage":"sk-SK","potentialAction":[{"@type":"ReadAction","target":["https:\/\/mitsuiairconditioner.com\/sk\/ziadne-vedenie-vonkajsej-jednotky\/"]}]},{"@type":"BreadcrumbList","@id":"https:\/\/mitsuiairconditioner.com\/sk\/ziadne-vedenie-vonkajsej-jednotky\/#breadcrumb","itemListElement":[{"@type":"ListItem","position":1,"name":"Home","item":"https:\/\/mitsuiairconditioner.com\/sk\/uvodna-stranka\/"},{"@type":"ListItem","position":2,"name":"\u017diadne vedenie vonkaj\u0161ej jednotky"}]},{"@type":"WebSite","@id":"https:\/\/mitsuiairconditioner.com\/#website","url":"https:\/\/mitsuiairconditioner.com\/","name":"Mitsui","description":"Air Conditioners and Heating Pumps","publisher":{"@id":"https:\/\/mitsuiairconditioner.com\/#organization"},"potentialAction":[{"@type":"SearchAction","target":{"@type":"EntryPoint","urlTemplate":"https:\/\/mitsuiairconditioner.com\/?s={search_term_string}"},"query-input":"required name=search_term_string"}],"inLanguage":"sk-SK"},{"@type":"Organization","@id":"https:\/\/mitsuiairconditioner.com\/#organization","name":"Mitsui","url":"https:\/\/mitsuiairconditioner.com\/","logo":{"@type":"ImageObject","inLanguage":"sk-SK","@id":"https:\/\/mitsuiairconditioner.com\/#\/schema\/logo\/image\/","url":"https:\/\/mitsuiairconditioner.com\/wp-content\/uploads\/2018\/02\/logo-mitsui.png","contentUrl":"https:\/\/mitsuiairconditioner.com\/wp-content\/uploads\/2018\/02\/logo-mitsui.png","width":317,"height":213,"caption":"Mitsui"},"image":{"@id":"https:\/\/mitsuiairconditioner.com\/#\/schema\/logo\/image\/"},"sameAs":["https:\/\/www.facebook.com\/mitsuiairconditioners\/"]}]}},"_links":{"self":[{"href":"https:\/\/mitsuiairconditioner.com\/sk\/wp-json\/wp\/v2\/pages\/11057","targetHints":{"allow":["GET"]}}],"collection":[{"href":"https:\/\/mitsuiairconditioner.com\/sk\/wp-json\/wp\/v2\/pages"}],"about":[{"href":"https:\/\/mitsuiairconditioner.com\/sk\/wp-json\/wp\/v2\/types\/page"}],"author":[{"embeddable":true,"href":"https:\/\/mitsuiairconditioner.com\/sk\/wp-json\/wp\/v2\/users\/3"}],"replies":[{"embeddable":true,"href":"https:\/\/mitsuiairconditioner.com\/sk\/wp-json\/wp\/v2\/comments?post=11057"}],"version-history":[{"count":1,"href":"https:\/\/mitsuiairconditioner.com\/sk\/wp-json\/wp\/v2\/pages\/11057\/revisions"}],"predecessor-version":[{"id":11058,"href":"https:\/\/mitsuiairconditioner.com\/sk\/wp-json\/wp\/v2\/pages\/11057\/revisions\/11058"}],"wp:attachment":[{"href":"https:\/\/mitsuiairconditioner.com\/sk\/wp-json\/wp\/v2\/media?parent=11057"}],"wp:term":[{"taxonomy":"folder","embeddable":true,"href":"https:\/\/mitsuiairconditioner.com\/sk\/wp-json\/wp\/v2\/folder?post=11057"}],"curies":[{"name":"wp","href":"https:\/\/api.w.org\/{rel}","templated":true}]}}