{"id":8486,"date":"2022-11-17T18:50:23","date_gmt":"2022-11-17T16:50:23","guid":{"rendered":"https:\/\/mitsuiairconditioner.com\/?page_id=8486"},"modified":"2022-11-17T18:59:46","modified_gmt":"2022-11-17T16:59:46","slug":"informations-sur-le-traitement-des-donnees-a-caractere-personnel","status":"publish","type":"page","link":"https:\/\/mitsuiairconditioner.com\/fr\/informations-sur-le-traitement-des-donnees-a-caractere-personnel\/","title":{"rendered":"Informations sur le traitement des donn\u00e9es \u00e0 caract\u00e8re personnel"},"content":{"rendered":"\t\t<div data-elementor-type=\"wp-post\" data-elementor-id=\"8486\" class=\"elementor elementor-8486 elementor-8484\" data-elementor-post-type=\"page\">\n\t\t\t\t\t\t<section class=\"elementor-section elementor-top-section elementor-element elementor-element-8461259 elementor-section-content-bottom elementor-section-stretched elementor-section-height-min-height elementor-section-boxed elementor-section-height-default elementor-section-items-middle\" data-id=\"8461259\" data-element_type=\"section\" data-settings=\"{&quot;stretch_section&quot;:&quot;section-stretched&quot;,&quot;background_background&quot;:&quot;classic&quot;}\">\n\t\t\t\t\t\t\t<div class=\"elementor-background-overlay\"><\/div>\n\t\t\t\t\t\t\t<div class=\"elementor-container elementor-column-gap-wide\">\n\t\t\t\t\t<div class=\"elementor-column elementor-col-100 elementor-top-column elementor-element elementor-element-de34137\" data-id=\"de34137\" data-element_type=\"column\">\n\t\t\t<div class=\"elementor-widget-wrap elementor-element-populated\">\n\t\t\t\t\t\t<div class=\"elementor-element elementor-element-e85790c elementor-widget elementor-widget-text-editor\" data-id=\"e85790c\" data-element_type=\"widget\" data-widget_type=\"text-editor.default\">\n\t\t\t\t<div class=\"elementor-widget-container\">\n\t\t\t\t\t\t\t<h1>INFORMATION SUR LE TRAITEMENT DES DONN\u00c9ES &#8211; DEMANDE G\u00c9N\u00c9RALE<\/h1><p>Informations conform\u00e9ment \u00e0 l&rsquo;article 13 du r\u00e8glement europ\u00e9en sur le traitement des donn\u00e9es \u00e0 caract\u00e8re personnel(GDPR &#8211; EU Reg. 2016\/679).<\/p><p>Conform\u00e9ment \u00e0 l&rsquo;article 13 du r\u00e8glement UE 2016\/679, vous recevez par la pr\u00e9sente les informations suivantes sur le traitement qui peut avoir lieu en raison du remplissage et de l&rsquo;envoi des donn\u00e9es du formulaire que vous \u00eates sur le point de remplir. Le responsable du traitement des donn\u00e9es est AMG Spa, dont le si\u00e8ge social est situ\u00e9 Via delle Arti e dei Mestieri 20, San Vito di Leguzzano (VI) t\u00e9l\u00e9phone +39 0445\/519933 contact email privacy@amg-spa.com . Les donn\u00e9es figurant dans le formulaire seront utilis\u00e9es, apr\u00e8s l&rsquo;expression de votre consentement au traitement de vos donn\u00e9es personnelles, aux fins suivantes<\/p><p>&#8211; pour r\u00e9pondre aux questions formul\u00e9es et traiter la demande d&rsquo;information re\u00e7ue par le contr\u00f4leur (obligatoire) ;<\/p><p>&#8211; pour envoyer des communications promotionnelles (facultatif).<\/p><p>Nous vous rappelons que les donn\u00e9es marqu\u00e9es d&rsquo;un ast\u00e9risque (*) doivent \u00eatre fournies afin de pouvoir b\u00e9n\u00e9ficier des services que vous avez l&rsquo;intention de demander ; si ces donn\u00e9es ne sont pas remplies, il se peut que nous ne puissions pas vous fournir ces services et que les donn\u00e9es elles-m\u00eames ne soient pas acquises, comme cela peut \u00eatre indiqu\u00e9 au moment de remplir le formulaire. Le remplissage des autres donn\u00e9es du formulaire est facultatif et vous \u00eates libre de d\u00e9cider de les remplir ou non. Les donn\u00e9es que vous avez communiqu\u00e9es pourront \u00eatre divulgu\u00e9es aux employ\u00e9s du Responsable du traitement impliqu\u00e9s dans l&rsquo;ex\u00e9cution des services que vous avez demand\u00e9s ou dans la gestion technique du site (limit\u00e9 aux cas o\u00f9 cela s&rsquo;av\u00e8re indispensable) et \u00e0 tous les tiers impliqu\u00e9s dans l&rsquo;ex\u00e9cution des m\u00eames activit\u00e9s en leur qualit\u00e9 de responsables du traitement des donn\u00e9es. En outre, les donn\u00e9es communiqu\u00e9es peuvent \u00eatre communiqu\u00e9es \u00e0 notre organisation de vente directe et indirecte, si la demande est de nature commerciale. Les donn\u00e9es seront conserv\u00e9es jusqu&rsquo;\u00e0 l&rsquo;ex\u00e9cution des services demand\u00e9s ou votre demande de suppression et, en cas de besoins organisationnels ou d&rsquo;obligations r\u00e9glementaires, pourront \u00eatre conserv\u00e9es dans des archives sp\u00e9cifiques pendant la p\u00e9riode strictement n\u00e9cessaire \u00e0 ces fins. Nous vous rappelons que vous pouvez exercer votre droit de demander au Responsable du traitement l&rsquo;acc\u00e8s \u00e0 vos donn\u00e9es personnelles, leur rectification ou leur effacement, ou la limitation du traitement vous concernant et de vous opposer \u00e0 ce traitement, ainsi que le droit \u00e0 la portabilit\u00e9 des donn\u00e9es ; vous pouvez exercer ces droits en utilisant les coordonn\u00e9es ci-dessus. Le consentement donn\u00e9 peut \u00eatre r\u00e9voqu\u00e9 \u00e0 tout moment en contactant le contr\u00f4leur \u00e0 l&rsquo;adresse \u00e9lectronique indiqu\u00e9e ou en utilisant les m\u00e9thodes indiqu\u00e9es par les outils utilis\u00e9s pour le traitement. Nous vous rappelons \u00e9galement votre droit de d\u00e9poser une plainte aupr\u00e8s de l&rsquo;autorit\u00e9 de surveillance, repr\u00e9sent\u00e9e en Italie par le Garante per la protezione dei dati personali (www.garanteprivacy.it). De plus amples informations sur le contr\u00f4leur des donn\u00e9es et sur les m\u00e9thodes de traitement r\u00e9sultant de la navigation sur ce site sont disponibles sur la page o\u00f9 est pr\u00e9sent\u00e9e la politique de confidentialit\u00e9 du site.<\/p><p>\u00a0<\/p>\t\t\t\t\t\t<\/div>\n\t\t\t\t<\/div>\n\t\t\t\t\t<\/div>\n\t\t<\/div>\n\t\t\t\t\t<\/div>\n\t\t<\/section>\n\t\t\t\t<section class=\"elementor-section elementor-top-section elementor-element elementor-element-66e2abe elementor-section-boxed elementor-section-height-default elementor-section-height-default\" data-id=\"66e2abe\" data-element_type=\"section\">\n\t\t\t\t\t\t<div class=\"elementor-container elementor-column-gap-default\">\n\t\t\t\t\t<div class=\"elementor-column elementor-col-100 elementor-top-column elementor-element elementor-element-412b329\" data-id=\"412b329\" data-element_type=\"column\">\n\t\t\t<div class=\"elementor-widget-wrap elementor-element-populated\">\n\t\t\t\t\t\t<div class=\"elementor-element elementor-element-3d6ff3a elementor-widget elementor-widget-spacer\" data-id=\"3d6ff3a\" data-element_type=\"widget\" data-widget_type=\"spacer.default\">\n\t\t\t\t<div class=\"elementor-widget-container\">\n\t\t\t\t\t<div class=\"elementor-spacer\">\n\t\t\t<div class=\"elementor-spacer-inner\"><\/div>\n\t\t<\/div>\n\t\t\t\t<\/div>\n\t\t\t\t<\/div>\n\t\t\t\t\t<\/div>\n\t\t<\/div>\n\t\t\t\t\t<\/div>\n\t\t<\/section>\n\t\t\t\t<\/div>\n\t\t","protected":false},"excerpt":{"rendered":"<p>INFORMATION SUR LE TRAITEMENT DES DONN\u00c9ES &#8211; DEMANDE G\u00c9N\u00c9RALE Informations conform\u00e9ment \u00e0 l&rsquo;article 13 du r\u00e8glement europ\u00e9en sur le traitement des donn\u00e9es [&hellip;]<\/p>\n","protected":false},"author":3,"featured_media":0,"parent":0,"menu_order":6,"comment_status":"closed","ping_status":"closed","template":"elementor_header_footer","meta":{"_acf_changed":false,"footnotes":""},"folder":[],"class_list":["post-8486","page","type-page","status-publish","hentry"],"acf":[],"yoast_head":"<!-- This site is optimized with the Yoast SEO plugin v21.6 - https:\/\/yoast.com\/wordpress\/plugins\/seo\/ -->\n<title>Informations sur le traitement des donn\u00e9es \u00e0 caract\u00e8re personnel - Mitsui Air Conditioners - Air Conditioners and Heating Pumps<\/title>\n<meta name=\"robots\" content=\"index, follow, max-snippet:-1, max-image-preview:large, max-video-preview:-1\" \/>\n<link rel=\"canonical\" href=\"https:\/\/mitsuiairconditioner.com\/fr\/informations-sur-le-traitement-des-donnees-a-caractere-personnel\/\" \/>\n<meta property=\"og:locale\" content=\"fr_FR\" \/>\n<meta property=\"og:type\" content=\"article\" \/>\n<meta property=\"og:title\" content=\"Informations sur le traitement des donn\u00e9es \u00e0 caract\u00e8re personnel - Mitsui Air Conditioners - Air Conditioners and Heating Pumps\" \/>\n<meta property=\"og:description\" content=\"INFORMATION SUR LE TRAITEMENT DES DONN\u00c9ES &#8211; DEMANDE G\u00c9N\u00c9RALE Informations conform\u00e9ment \u00e0 l&rsquo;article 13 du r\u00e8glement europ\u00e9en sur le traitement des donn\u00e9es [&hellip;]\" \/>\n<meta property=\"og:url\" content=\"https:\/\/mitsuiairconditioner.com\/fr\/informations-sur-le-traitement-des-donnees-a-caractere-personnel\/\" \/>\n<meta property=\"og:site_name\" content=\"Mitsui\" \/>\n<meta property=\"article:publisher\" content=\"https:\/\/www.facebook.com\/mitsuiairconditioners\/\" \/>\n<meta property=\"article:modified_time\" content=\"2022-11-17T16:59:46+00:00\" \/>\n<meta name=\"twitter:card\" content=\"summary_large_image\" \/>\n<meta name=\"twitter:label1\" content=\"Dur\u00e9e de lecture estim\u00e9e\" \/>\n\t<meta name=\"twitter:data1\" content=\"3 minutes\" \/>\n<script type=\"application\/ld+json\" class=\"yoast-schema-graph\">{\"@context\":\"https:\/\/schema.org\",\"@graph\":[{\"@type\":\"WebPage\",\"@id\":\"https:\/\/mitsuiairconditioner.com\/fr\/informations-sur-le-traitement-des-donnees-a-caractere-personnel\/\",\"url\":\"https:\/\/mitsuiairconditioner.com\/fr\/informations-sur-le-traitement-des-donnees-a-caractere-personnel\/\",\"name\":\"Informations sur le traitement des donn\u00e9es \u00e0 caract\u00e8re personnel - Mitsui Air Conditioners - Air Conditioners and Heating Pumps\",\"isPartOf\":{\"@id\":\"https:\/\/mitsuiairconditioner.com\/#website\"},\"datePublished\":\"2022-11-17T16:50:23+00:00\",\"dateModified\":\"2022-11-17T16:59:46+00:00\",\"breadcrumb\":{\"@id\":\"https:\/\/mitsuiairconditioner.com\/fr\/informations-sur-le-traitement-des-donnees-a-caractere-personnel\/#breadcrumb\"},\"inLanguage\":\"fr-FR\",\"potentialAction\":[{\"@type\":\"ReadAction\",\"target\":[\"https:\/\/mitsuiairconditioner.com\/fr\/informations-sur-le-traitement-des-donnees-a-caractere-personnel\/\"]}]},{\"@type\":\"BreadcrumbList\",\"@id\":\"https:\/\/mitsuiairconditioner.com\/fr\/informations-sur-le-traitement-des-donnees-a-caractere-personnel\/#breadcrumb\",\"itemListElement\":[{\"@type\":\"ListItem\",\"position\":1,\"name\":\"Home\",\"item\":\"https:\/\/mitsuiairconditioner.com\/fr\/\"},{\"@type\":\"ListItem\",\"position\":2,\"name\":\"Informations sur le traitement des donn\u00e9es \u00e0 caract\u00e8re personnel\"}]},{\"@type\":\"WebSite\",\"@id\":\"https:\/\/mitsuiairconditioner.com\/#website\",\"url\":\"https:\/\/mitsuiairconditioner.com\/\",\"name\":\"Mitsui\",\"description\":\"Air Conditioners and Heating Pumps\",\"publisher\":{\"@id\":\"https:\/\/mitsuiairconditioner.com\/#organization\"},\"potentialAction\":[{\"@type\":\"SearchAction\",\"target\":{\"@type\":\"EntryPoint\",\"urlTemplate\":\"https:\/\/mitsuiairconditioner.com\/?s={search_term_string}\"},\"query-input\":\"required name=search_term_string\"}],\"inLanguage\":\"fr-FR\"},{\"@type\":\"Organization\",\"@id\":\"https:\/\/mitsuiairconditioner.com\/#organization\",\"name\":\"Mitsui\",\"url\":\"https:\/\/mitsuiairconditioner.com\/\",\"logo\":{\"@type\":\"ImageObject\",\"inLanguage\":\"fr-FR\",\"@id\":\"https:\/\/mitsuiairconditioner.com\/#\/schema\/logo\/image\/\",\"url\":\"https:\/\/mitsuiairconditioner.com\/wp-content\/uploads\/2018\/02\/logo-mitsui.png\",\"contentUrl\":\"https:\/\/mitsuiairconditioner.com\/wp-content\/uploads\/2018\/02\/logo-mitsui.png\",\"width\":317,\"height\":213,\"caption\":\"Mitsui\"},\"image\":{\"@id\":\"https:\/\/mitsuiairconditioner.com\/#\/schema\/logo\/image\/\"},\"sameAs\":[\"https:\/\/www.facebook.com\/mitsuiairconditioners\/\"]}]}<\/script>\n<!-- \/ Yoast SEO plugin. -->","yoast_head_json":{"title":"Informations sur le traitement des donn\u00e9es \u00e0 caract\u00e8re personnel - Mitsui Air Conditioners - Air Conditioners and Heating Pumps","robots":{"index":"index","follow":"follow","max-snippet":"max-snippet:-1","max-image-preview":"max-image-preview:large","max-video-preview":"max-video-preview:-1"},"canonical":"https:\/\/mitsuiairconditioner.com\/fr\/informations-sur-le-traitement-des-donnees-a-caractere-personnel\/","og_locale":"fr_FR","og_type":"article","og_title":"Informations sur le traitement des donn\u00e9es \u00e0 caract\u00e8re personnel - Mitsui Air Conditioners - Air Conditioners and Heating Pumps","og_description":"INFORMATION SUR LE TRAITEMENT DES DONN\u00c9ES &#8211; DEMANDE G\u00c9N\u00c9RALE Informations conform\u00e9ment \u00e0 l&rsquo;article 13 du r\u00e8glement europ\u00e9en sur le traitement des donn\u00e9es [&hellip;]","og_url":"https:\/\/mitsuiairconditioner.com\/fr\/informations-sur-le-traitement-des-donnees-a-caractere-personnel\/","og_site_name":"Mitsui","article_publisher":"https:\/\/www.facebook.com\/mitsuiairconditioners\/","article_modified_time":"2022-11-17T16:59:46+00:00","twitter_card":"summary_large_image","twitter_misc":{"Dur\u00e9e de lecture estim\u00e9e":"3 minutes"},"schema":{"@context":"https:\/\/schema.org","@graph":[{"@type":"WebPage","@id":"https:\/\/mitsuiairconditioner.com\/fr\/informations-sur-le-traitement-des-donnees-a-caractere-personnel\/","url":"https:\/\/mitsuiairconditioner.com\/fr\/informations-sur-le-traitement-des-donnees-a-caractere-personnel\/","name":"Informations sur le traitement des donn\u00e9es \u00e0 caract\u00e8re personnel - Mitsui Air Conditioners - Air Conditioners and Heating Pumps","isPartOf":{"@id":"https:\/\/mitsuiairconditioner.com\/#website"},"datePublished":"2022-11-17T16:50:23+00:00","dateModified":"2022-11-17T16:59:46+00:00","breadcrumb":{"@id":"https:\/\/mitsuiairconditioner.com\/fr\/informations-sur-le-traitement-des-donnees-a-caractere-personnel\/#breadcrumb"},"inLanguage":"fr-FR","potentialAction":[{"@type":"ReadAction","target":["https:\/\/mitsuiairconditioner.com\/fr\/informations-sur-le-traitement-des-donnees-a-caractere-personnel\/"]}]},{"@type":"BreadcrumbList","@id":"https:\/\/mitsuiairconditioner.com\/fr\/informations-sur-le-traitement-des-donnees-a-caractere-personnel\/#breadcrumb","itemListElement":[{"@type":"ListItem","position":1,"name":"Home","item":"https:\/\/mitsuiairconditioner.com\/fr\/"},{"@type":"ListItem","position":2,"name":"Informations sur le traitement des donn\u00e9es \u00e0 caract\u00e8re personnel"}]},{"@type":"WebSite","@id":"https:\/\/mitsuiairconditioner.com\/#website","url":"https:\/\/mitsuiairconditioner.com\/","name":"Mitsui","description":"Air Conditioners and Heating Pumps","publisher":{"@id":"https:\/\/mitsuiairconditioner.com\/#organization"},"potentialAction":[{"@type":"SearchAction","target":{"@type":"EntryPoint","urlTemplate":"https:\/\/mitsuiairconditioner.com\/?s={search_term_string}"},"query-input":"required name=search_term_string"}],"inLanguage":"fr-FR"},{"@type":"Organization","@id":"https:\/\/mitsuiairconditioner.com\/#organization","name":"Mitsui","url":"https:\/\/mitsuiairconditioner.com\/","logo":{"@type":"ImageObject","inLanguage":"fr-FR","@id":"https:\/\/mitsuiairconditioner.com\/#\/schema\/logo\/image\/","url":"https:\/\/mitsuiairconditioner.com\/wp-content\/uploads\/2018\/02\/logo-mitsui.png","contentUrl":"https:\/\/mitsuiairconditioner.com\/wp-content\/uploads\/2018\/02\/logo-mitsui.png","width":317,"height":213,"caption":"Mitsui"},"image":{"@id":"https:\/\/mitsuiairconditioner.com\/#\/schema\/logo\/image\/"},"sameAs":["https:\/\/www.facebook.com\/mitsuiairconditioners\/"]}]}},"_links":{"self":[{"href":"https:\/\/mitsuiairconditioner.com\/fr\/wp-json\/wp\/v2\/pages\/8486","targetHints":{"allow":["GET"]}}],"collection":[{"href":"https:\/\/mitsuiairconditioner.com\/fr\/wp-json\/wp\/v2\/pages"}],"about":[{"href":"https:\/\/mitsuiairconditioner.com\/fr\/wp-json\/wp\/v2\/types\/page"}],"author":[{"embeddable":true,"href":"https:\/\/mitsuiairconditioner.com\/fr\/wp-json\/wp\/v2\/users\/3"}],"replies":[{"embeddable":true,"href":"https:\/\/mitsuiairconditioner.com\/fr\/wp-json\/wp\/v2\/comments?post=8486"}],"version-history":[{"count":7,"href":"https:\/\/mitsuiairconditioner.com\/fr\/wp-json\/wp\/v2\/pages\/8486\/revisions"}],"predecessor-version":[{"id":8505,"href":"https:\/\/mitsuiairconditioner.com\/fr\/wp-json\/wp\/v2\/pages\/8486\/revisions\/8505"}],"wp:attachment":[{"href":"https:\/\/mitsuiairconditioner.com\/fr\/wp-json\/wp\/v2\/media?parent=8486"}],"wp:term":[{"taxonomy":"folder","embeddable":true,"href":"https:\/\/mitsuiairconditioner.com\/fr\/wp-json\/wp\/v2\/folder?post=8486"}],"curies":[{"name":"wp","href":"https:\/\/api.w.org\/{rel}","templated":true}]}}