{"id":8363,"date":"2022-11-15T11:25:03","date_gmt":"2022-11-15T09:25:03","guid":{"rendered":"https:\/\/mitsuiairconditioner.com\/linea-no-outdoor-unit\/"},"modified":"2022-11-15T13:20:41","modified_gmt":"2022-11-15T11:20:41","slug":"ligne-no-outdoor-unit","status":"publish","type":"page","link":"https:\/\/mitsuiairconditioner.com\/fr\/ligne-no-outdoor-unit\/","title":{"rendered":"Ligne no outdoor unit"},"content":{"rendered":"\t\t<div data-elementor-type=\"wp-post\" data-elementor-id=\"8363\" class=\"elementor elementor-8363 elementor-8333\" data-elementor-post-type=\"page\">\n\t\t\t\t\t\t<section class=\"elementor-section elementor-top-section elementor-element elementor-element-3f12c9cc elementor-section-stretched elementor-section-boxed elementor-section-height-default elementor-section-height-default\" data-id=\"3f12c9cc\" data-element_type=\"section\" data-settings=\"{&quot;background_background&quot;:&quot;classic&quot;,&quot;stretch_section&quot;:&quot;section-stretched&quot;}\">\n\t\t\t\t\t\t<div class=\"elementor-container elementor-column-gap-default\">\n\t\t\t\t\t<div class=\"elementor-column elementor-col-50 elementor-top-column elementor-element elementor-element-4bad4bfb\" data-id=\"4bad4bfb\" data-element_type=\"column\" data-settings=\"{&quot;background_background&quot;:&quot;classic&quot;}\">\n\t\t\t<div class=\"elementor-widget-wrap elementor-element-populated\">\n\t\t\t\t\t\t<div class=\"elementor-element elementor-element-1c8f61a elementor-invisible elementor-widget elementor-widget-image\" data-id=\"1c8f61a\" data-element_type=\"widget\" data-settings=\"{&quot;_animation&quot;:&quot;fadeIn&quot;}\" data-widget_type=\"image.default\">\n\t\t\t\t<div class=\"elementor-widget-container\">\n\t\t\t\t\t\t\t\t\t\t\t\t\t<img fetchpriority=\"high\" decoding=\"async\" width=\"995\" height=\"785\" src=\"https:\/\/mitsuiairconditioner.com\/wp-content\/uploads\/2022\/11\/no-outdoor-unit.jpg\" class=\"attachment-large size-large wp-image-8342\" alt=\"\" srcset=\"https:\/\/mitsuiairconditioner.com\/wp-content\/uploads\/2022\/11\/no-outdoor-unit.jpg 995w, https:\/\/mitsuiairconditioner.com\/wp-content\/uploads\/2022\/11\/no-outdoor-unit-300x237.jpg 300w, https:\/\/mitsuiairconditioner.com\/wp-content\/uploads\/2022\/11\/no-outdoor-unit-768x606.jpg 768w, https:\/\/mitsuiairconditioner.com\/wp-content\/uploads\/2022\/11\/no-outdoor-unit-230x181.jpg 230w, https:\/\/mitsuiairconditioner.com\/wp-content\/uploads\/2022\/11\/no-outdoor-unit-350x276.jpg 350w, https:\/\/mitsuiairconditioner.com\/wp-content\/uploads\/2022\/11\/no-outdoor-unit-480x379.jpg 480w\" sizes=\"(max-width: 995px) 100vw, 995px\" \/>\t\t\t\t\t\t\t\t\t\t\t\t\t<\/div>\n\t\t\t\t<\/div>\n\t\t\t\t\t<\/div>\n\t\t<\/div>\n\t\t\t\t<div class=\"elementor-column elementor-col-50 elementor-top-column elementor-element elementor-element-7c83edb9\" data-id=\"7c83edb9\" data-element_type=\"column\">\n\t\t\t<div class=\"elementor-widget-wrap elementor-element-populated\">\n\t\t\t\t\t\t<div class=\"elementor-element elementor-element-356b42e4 elementor-widget elementor-widget-heading\" data-id=\"356b42e4\" data-element_type=\"widget\" data-widget_type=\"heading.default\">\n\t\t\t\t<div class=\"elementor-widget-container\">\n\t\t\t<h1 class=\"elementor-heading-title elementor-size-default\">Ligne no outdoor unit<\/h1>\t\t<\/div>\n\t\t\t\t<\/div>\n\t\t\t\t<div class=\"elementor-element elementor-element-6c43685 elementor-widget elementor-widget-text-editor\" data-id=\"6c43685\" data-element_type=\"widget\" data-widget_type=\"text-editor.default\">\n\t\t\t\t<div class=\"elementor-widget-container\">\n\t\t\t\t\t\t\t<p>Le climatiseur Mitsui sans unit\u00e9 externe a \u00e9t\u00e9 cr\u00e9\u00e9 pour r\u00e9pondre \u00e0 toute une s\u00e9rie de besoins en mati\u00e8re de syst\u00e8mes et d&rsquo;installations, qui ne seraient pas possibles avec les syst\u00e8mes Split traditionnels. Il est particuli\u00e8rement utilis\u00e9 dans les centres historiques, les immeubles d&rsquo;habitation, les h\u00f4tels, les structures pr\u00e9fabriqu\u00e9es et les structures soumises \u00e0 des restrictions en mati\u00e8re de beaux-arts.<\/p><p>Cette unit\u00e9 peut \u00eatre install\u00e9e au niveau du sol ou du mur. Il est obligatoirement positionn\u00e9 le long d&rsquo;un mur p\u00e9riph\u00e9rique o\u00f9 une carotteuse est n\u00e9cessaire pour r\u00e9aliser les deux trous pour les connexions d&rsquo;entr\u00e9e et d&rsquo;expulsion d&rsquo;air ext\u00e9rieur. Ce mod\u00e8le est charg\u00e9 de r\u00e9frig\u00e9rant R32, avec une puissance de 12000Btu\/h.<\/p>\t\t\t\t\t\t<\/div>\n\t\t\t\t<\/div>\n\t\t\t\t<div class=\"elementor-element elementor-element-17364cb4 elementor-widget elementor-widget-spacer\" data-id=\"17364cb4\" data-element_type=\"widget\" data-widget_type=\"spacer.default\">\n\t\t\t\t<div class=\"elementor-widget-container\">\n\t\t\t\t\t<div class=\"elementor-spacer\">\n\t\t\t<div class=\"elementor-spacer-inner\"><\/div>\n\t\t<\/div>\n\t\t\t\t<\/div>\n\t\t\t\t<\/div>\n\t\t\t\t\t<\/div>\n\t\t<\/div>\n\t\t\t\t\t<\/div>\n\t\t<\/section>\n\t\t\t\t<section class=\"elementor-section elementor-top-section elementor-element elementor-element-b5ef917 elementor-section-stretched elementor-section-boxed elementor-section-height-default elementor-section-height-default\" data-id=\"b5ef917\" data-element_type=\"section\" data-settings=\"{&quot;background_background&quot;:&quot;classic&quot;,&quot;stretch_section&quot;:&quot;section-stretched&quot;}\">\n\t\t\t\t\t\t<div class=\"elementor-container elementor-column-gap-default\">\n\t\t\t\t\t<div class=\"elementor-column elementor-col-33 elementor-top-column elementor-element elementor-element-4b3211b\" data-id=\"4b3211b\" data-element_type=\"column\">\n\t\t\t<div class=\"elementor-widget-wrap elementor-element-populated\">\n\t\t\t\t\t\t<div class=\"elementor-element elementor-element-2be632f elementor-widget elementor-widget-toggle\" data-id=\"2be632f\" data-element_type=\"widget\" data-widget_type=\"toggle.default\">\n\t\t\t\t<div class=\"elementor-widget-container\">\n\t\t\t\t\t<div class=\"elementor-toggle\">\n\t\t\t\t\t\t\t<div class=\"elementor-toggle-item\">\n\t\t\t\t\t<div id=\"elementor-tab-title-4601\" class=\"elementor-tab-title\" data-tab=\"1\" role=\"button\" aria-controls=\"elementor-tab-content-4601\" aria-expanded=\"false\">\n\t\t\t\t\t\t\t\t\t\t\t\t<span class=\"elementor-toggle-icon elementor-toggle-icon-right\" aria-hidden=\"true\">\n\t\t\t\t\t\t\t\t\t\t\t\t\t\t\t<span class=\"elementor-toggle-icon-closed\"><i class=\"fas fa-caret-right\"><\/i><\/span>\n\t\t\t\t\t\t\t\t<span class=\"elementor-toggle-icon-opened\"><i class=\"elementor-toggle-icon-opened fas fa-caret-up\"><\/i><\/span>\n\t\t\t\t\t\t\t\t\t\t\t\t\t<\/span>\n\t\t\t\t\t\t\t\t\t\t\t\t<a class=\"elementor-toggle-title\" tabindex=\"0\">12000 BTU\/h<\/a>\n\t\t\t\t\t<\/div>\n\n\t\t\t\t\t<div id=\"elementor-tab-content-4601\" class=\"elementor-tab-content elementor-clearfix\" data-tab=\"1\" role=\"region\" aria-labelledby=\"elementor-tab-title-4601\"><p><strong>Alimentation \u00e9lectrique<\/strong> : 220-240\/1\/50 V\/Ph\/Hz<br \/><strong>Chauffage (capacit\u00e9)<\/strong> : 12800 BTU\/h<br \/><strong>Chauffage (COP)<\/strong> : 3,10<br \/><strong>Refroidissement (capacit\u00e9)<\/strong> : 11400 BTU\/h<br \/><strong>Refroidissement (EER)<\/strong> : 2,61<br \/><strong>Dimensions de l&rsquo;unit\u00e9 int\u00e9rieure (LxPxH)<\/strong> : 1000x245x580mm<br \/><strong>Type de r\u00e9frig\u00e9rant<\/strong> : R32<\/p><\/div>\n\t\t\t\t<\/div>\n\t\t\t\t\t\t\t\t<\/div>\n\t\t\t\t<\/div>\n\t\t\t\t<\/div>\n\t\t\t\t\t<\/div>\n\t\t<\/div>\n\t\t\t\t<div class=\"elementor-column elementor-col-33 elementor-top-column elementor-element elementor-element-fc0a5ef\" data-id=\"fc0a5ef\" data-element_type=\"column\">\n\t\t\t<div class=\"elementor-widget-wrap\">\n\t\t\t\t\t\t\t<\/div>\n\t\t<\/div>\n\t\t\t\t<div class=\"elementor-column elementor-col-33 elementor-top-column elementor-element elementor-element-2f4b7423\" data-id=\"2f4b7423\" data-element_type=\"column\">\n\t\t\t<div class=\"elementor-widget-wrap\">\n\t\t\t\t\t\t\t<\/div>\n\t\t<\/div>\n\t\t\t\t\t<\/div>\n\t\t<\/section>\n\t\t\t\t<section class=\"elementor-section elementor-top-section elementor-element elementor-element-c31f870 elementor-section-stretched elementor-section-boxed elementor-section-height-default elementor-section-height-default\" data-id=\"c31f870\" data-element_type=\"section\" data-settings=\"{&quot;background_background&quot;:&quot;classic&quot;,&quot;stretch_section&quot;:&quot;section-stretched&quot;}\">\n\t\t\t\t\t\t<div class=\"elementor-container elementor-column-gap-default\">\n\t\t\t\t\t<div class=\"elementor-column elementor-col-100 elementor-top-column elementor-element elementor-element-9f4666e\" data-id=\"9f4666e\" data-element_type=\"column\">\n\t\t\t<div class=\"elementor-widget-wrap elementor-element-populated\">\n\t\t\t\t\t\t<section class=\"elementor-section elementor-inner-section elementor-element elementor-element-f2e8215 elementor-section-boxed elementor-section-height-default elementor-section-height-default\" data-id=\"f2e8215\" data-element_type=\"section\">\n\t\t\t\t\t\t<div class=\"elementor-container elementor-column-gap-default\">\n\t\t\t\t\t<div class=\"elementor-column elementor-col-25 elementor-inner-column elementor-element elementor-element-890221c\" data-id=\"890221c\" data-element_type=\"column\">\n\t\t\t<div class=\"elementor-widget-wrap elementor-element-populated\">\n\t\t\t\t\t\t<div class=\"elementor-element elementor-element-bd52978 elementor-position-left elementor-vertical-align-top elementor-widget elementor-widget-image-box\" data-id=\"bd52978\" data-element_type=\"widget\" data-widget_type=\"image-box.default\">\n\t\t\t\t<div class=\"elementor-widget-container\">\n\t\t\t<div class=\"elementor-image-box-wrapper\"><figure class=\"elementor-image-box-img\"><img decoding=\"async\" width=\"387\" height=\"387\" src=\"https:\/\/mitsuiairconditioner.com\/wp-content\/uploads\/2022\/06\/follow-me-1.svg\" class=\"attachment-full size-full wp-image-6397\" alt=\"\" \/><\/figure><div class=\"elementor-image-box-content\"><h6 class=\"elementor-image-box-title\">T\u00e9l\u00e9commande incluse<\/h6><\/div><\/div>\t\t<\/div>\n\t\t\t\t<\/div>\n\t\t\t\t\t<\/div>\n\t\t<\/div>\n\t\t\t\t<div class=\"elementor-column elementor-col-25 elementor-inner-column elementor-element elementor-element-206c942\" data-id=\"206c942\" data-element_type=\"column\">\n\t\t\t<div class=\"elementor-widget-wrap elementor-element-populated\">\n\t\t\t\t\t\t<div class=\"elementor-element elementor-element-5293019 elementor-position-left elementor-vertical-align-top elementor-widget elementor-widget-image-box\" data-id=\"5293019\" data-element_type=\"widget\" data-widget_type=\"image-box.default\">\n\t\t\t\t<div class=\"elementor-widget-container\">\n\t\t\t<div class=\"elementor-image-box-wrapper\"><figure class=\"elementor-image-box-img\"><img decoding=\"async\" src=\"https:\/\/mitsuiairconditioner.com\/wp-content\/uploads\/2022\/05\/ic-conto-termico.svg\" class=\"attachment-full size-full wp-image-6223\" alt=\"\" \/><\/figure><div class=\"elementor-image-box-content\"><h6 class=\"elementor-image-box-title\">COMPTE THERMIQUE 2.0<\/h6><\/div><\/div>\t\t<\/div>\n\t\t\t\t<\/div>\n\t\t\t\t\t<\/div>\n\t\t<\/div>\n\t\t\t\t<div class=\"elementor-column elementor-col-25 elementor-inner-column elementor-element elementor-element-ec344f3\" data-id=\"ec344f3\" data-element_type=\"column\">\n\t\t\t<div class=\"elementor-widget-wrap elementor-element-populated\">\n\t\t\t\t\t\t<div class=\"elementor-element elementor-element-471bc5f elementor-position-left elementor-vertical-align-top elementor-widget elementor-widget-image-box\" data-id=\"471bc5f\" data-element_type=\"widget\" data-widget_type=\"image-box.default\">\n\t\t\t\t<div class=\"elementor-widget-container\">\n\t\t\t<div class=\"elementor-image-box-wrapper\"><figure class=\"elementor-image-box-img\"><img decoding=\"async\" src=\"https:\/\/mitsuiairconditioner.com\/wp-content\/uploads\/2022\/05\/ic-gas-refrigerante.svg\" class=\"attachment-full size-full wp-image-6221\" alt=\"\" \/><\/figure><div class=\"elementor-image-box-content\"><h6 class=\"elementor-image-box-title\">GAZ R\u00c9FRIG\u00c9RANT<\/h6><\/div><\/div>\t\t<\/div>\n\t\t\t\t<\/div>\n\t\t\t\t\t<\/div>\n\t\t<\/div>\n\t\t\t\t<div class=\"elementor-column elementor-col-25 elementor-inner-column elementor-element elementor-element-a4e7c21\" data-id=\"a4e7c21\" data-element_type=\"column\">\n\t\t\t<div class=\"elementor-widget-wrap elementor-element-populated\">\n\t\t\t\t\t\t<div class=\"elementor-element elementor-element-15ac09e elementor-position-left elementor-vertical-align-top elementor-widget elementor-widget-image-box\" data-id=\"15ac09e\" data-element_type=\"widget\" data-widget_type=\"image-box.default\">\n\t\t\t\t<div class=\"elementor-widget-container\">\n\t\t\t<div class=\"elementor-image-box-wrapper\"><figure class=\"elementor-image-box-img\"><img decoding=\"async\" src=\"https:\/\/mitsuiairconditioner.com\/wp-content\/uploads\/2022\/05\/ic-normativa-2002.svg\" class=\"attachment-full size-full wp-image-6224\" alt=\"\" \/><\/figure><div class=\"elementor-image-box-content\"><h6 class=\"elementor-image-box-title\">R\u00c8GLEMENT 2002\/95\/EC<\/h6><\/div><\/div>\t\t<\/div>\n\t\t\t\t<\/div>\n\t\t\t\t\t<\/div>\n\t\t<\/div>\n\t\t\t\t\t<\/div>\n\t\t<\/section>\n\t\t\t\t\t<\/div>\n\t\t<\/div>\n\t\t\t\t\t<\/div>\n\t\t<\/section>\n\t\t\t\t<\/div>\n\t\t","protected":false},"excerpt":{"rendered":"<p>Le climatiseur Mitsui sans unit\u00e9 externe a \u00e9t\u00e9 cr\u00e9\u00e9 pour r\u00e9pondre \u00e0 toute une s\u00e9rie de besoins en mati\u00e8re de syst\u00e8mes et [&hellip;]<\/p>\n","protected":false},"author":3,"featured_media":0,"parent":0,"menu_order":3,"comment_status":"closed","ping_status":"closed","template":"","meta":{"_acf_changed":false,"footnotes":""},"folder":[],"class_list":["post-8363","page","type-page","status-publish","hentry"],"acf":[],"yoast_head":"<!-- This site is optimized with the Yoast SEO plugin v21.6 - https:\/\/yoast.com\/wordpress\/plugins\/seo\/ -->\n<title>Ligne no outdoor unit - Mitsui Air Conditioners - Air Conditioners and Heating Pumps<\/title>\n<meta name=\"robots\" content=\"index, follow, max-snippet:-1, max-image-preview:large, max-video-preview:-1\" \/>\n<link rel=\"canonical\" href=\"https:\/\/mitsuiairconditioner.com\/fr\/ligne-no-outdoor-unit\/\" \/>\n<meta property=\"og:locale\" content=\"fr_FR\" \/>\n<meta property=\"og:type\" content=\"article\" \/>\n<meta property=\"og:title\" content=\"Ligne no outdoor unit - Mitsui Air Conditioners - Air Conditioners and Heating Pumps\" \/>\n<meta property=\"og:description\" content=\"Le climatiseur Mitsui sans unit\u00e9 externe a \u00e9t\u00e9 cr\u00e9\u00e9 pour r\u00e9pondre \u00e0 toute une s\u00e9rie de besoins en mati\u00e8re de syst\u00e8mes et [&hellip;]\" \/>\n<meta property=\"og:url\" content=\"https:\/\/mitsuiairconditioner.com\/fr\/ligne-no-outdoor-unit\/\" \/>\n<meta property=\"og:site_name\" content=\"Mitsui\" \/>\n<meta property=\"article:publisher\" content=\"https:\/\/www.facebook.com\/mitsuiairconditioners\/\" \/>\n<meta property=\"article:modified_time\" content=\"2022-11-15T11:20:41+00:00\" \/>\n<meta property=\"og:image\" content=\"https:\/\/mitsuiairconditioner.com\/wp-content\/uploads\/2022\/11\/no-outdoor-unit.jpg\" \/>\n<meta name=\"twitter:card\" content=\"summary_large_image\" \/>\n<meta name=\"twitter:label1\" content=\"Dur\u00e9e de lecture estim\u00e9e\" \/>\n\t<meta name=\"twitter:data1\" content=\"2 minutes\" \/>\n<script type=\"application\/ld+json\" class=\"yoast-schema-graph\">{\"@context\":\"https:\/\/schema.org\",\"@graph\":[{\"@type\":\"WebPage\",\"@id\":\"https:\/\/mitsuiairconditioner.com\/fr\/ligne-no-outdoor-unit\/\",\"url\":\"https:\/\/mitsuiairconditioner.com\/fr\/ligne-no-outdoor-unit\/\",\"name\":\"Ligne no outdoor unit - Mitsui Air Conditioners - Air Conditioners and Heating Pumps\",\"isPartOf\":{\"@id\":\"https:\/\/mitsuiairconditioner.com\/#website\"},\"datePublished\":\"2022-11-15T09:25:03+00:00\",\"dateModified\":\"2022-11-15T11:20:41+00:00\",\"breadcrumb\":{\"@id\":\"https:\/\/mitsuiairconditioner.com\/fr\/ligne-no-outdoor-unit\/#breadcrumb\"},\"inLanguage\":\"fr-FR\",\"potentialAction\":[{\"@type\":\"ReadAction\",\"target\":[\"https:\/\/mitsuiairconditioner.com\/fr\/ligne-no-outdoor-unit\/\"]}]},{\"@type\":\"BreadcrumbList\",\"@id\":\"https:\/\/mitsuiairconditioner.com\/fr\/ligne-no-outdoor-unit\/#breadcrumb\",\"itemListElement\":[{\"@type\":\"ListItem\",\"position\":1,\"name\":\"Home\",\"item\":\"https:\/\/mitsuiairconditioner.com\/fr\/\"},{\"@type\":\"ListItem\",\"position\":2,\"name\":\"Ligne no outdoor unit\"}]},{\"@type\":\"WebSite\",\"@id\":\"https:\/\/mitsuiairconditioner.com\/#website\",\"url\":\"https:\/\/mitsuiairconditioner.com\/\",\"name\":\"Mitsui\",\"description\":\"Air Conditioners and Heating Pumps\",\"publisher\":{\"@id\":\"https:\/\/mitsuiairconditioner.com\/#organization\"},\"potentialAction\":[{\"@type\":\"SearchAction\",\"target\":{\"@type\":\"EntryPoint\",\"urlTemplate\":\"https:\/\/mitsuiairconditioner.com\/?s={search_term_string}\"},\"query-input\":\"required name=search_term_string\"}],\"inLanguage\":\"fr-FR\"},{\"@type\":\"Organization\",\"@id\":\"https:\/\/mitsuiairconditioner.com\/#organization\",\"name\":\"Mitsui\",\"url\":\"https:\/\/mitsuiairconditioner.com\/\",\"logo\":{\"@type\":\"ImageObject\",\"inLanguage\":\"fr-FR\",\"@id\":\"https:\/\/mitsuiairconditioner.com\/#\/schema\/logo\/image\/\",\"url\":\"https:\/\/mitsuiairconditioner.com\/wp-content\/uploads\/2018\/02\/logo-mitsui.png\",\"contentUrl\":\"https:\/\/mitsuiairconditioner.com\/wp-content\/uploads\/2018\/02\/logo-mitsui.png\",\"width\":317,\"height\":213,\"caption\":\"Mitsui\"},\"image\":{\"@id\":\"https:\/\/mitsuiairconditioner.com\/#\/schema\/logo\/image\/\"},\"sameAs\":[\"https:\/\/www.facebook.com\/mitsuiairconditioners\/\"]}]}<\/script>\n<!-- \/ Yoast SEO plugin. -->","yoast_head_json":{"title":"Ligne no outdoor unit - Mitsui Air Conditioners - Air Conditioners and Heating Pumps","robots":{"index":"index","follow":"follow","max-snippet":"max-snippet:-1","max-image-preview":"max-image-preview:large","max-video-preview":"max-video-preview:-1"},"canonical":"https:\/\/mitsuiairconditioner.com\/fr\/ligne-no-outdoor-unit\/","og_locale":"fr_FR","og_type":"article","og_title":"Ligne no outdoor unit - Mitsui Air Conditioners - Air Conditioners and Heating Pumps","og_description":"Le climatiseur Mitsui sans unit\u00e9 externe a \u00e9t\u00e9 cr\u00e9\u00e9 pour r\u00e9pondre \u00e0 toute une s\u00e9rie de besoins en mati\u00e8re de syst\u00e8mes et [&hellip;]","og_url":"https:\/\/mitsuiairconditioner.com\/fr\/ligne-no-outdoor-unit\/","og_site_name":"Mitsui","article_publisher":"https:\/\/www.facebook.com\/mitsuiairconditioners\/","article_modified_time":"2022-11-15T11:20:41+00:00","og_image":[{"url":"https:\/\/mitsuiairconditioner.com\/wp-content\/uploads\/2022\/11\/no-outdoor-unit.jpg"}],"twitter_card":"summary_large_image","twitter_misc":{"Dur\u00e9e de lecture estim\u00e9e":"2 minutes"},"schema":{"@context":"https:\/\/schema.org","@graph":[{"@type":"WebPage","@id":"https:\/\/mitsuiairconditioner.com\/fr\/ligne-no-outdoor-unit\/","url":"https:\/\/mitsuiairconditioner.com\/fr\/ligne-no-outdoor-unit\/","name":"Ligne no outdoor unit - Mitsui Air Conditioners - Air Conditioners and Heating Pumps","isPartOf":{"@id":"https:\/\/mitsuiairconditioner.com\/#website"},"datePublished":"2022-11-15T09:25:03+00:00","dateModified":"2022-11-15T11:20:41+00:00","breadcrumb":{"@id":"https:\/\/mitsuiairconditioner.com\/fr\/ligne-no-outdoor-unit\/#breadcrumb"},"inLanguage":"fr-FR","potentialAction":[{"@type":"ReadAction","target":["https:\/\/mitsuiairconditioner.com\/fr\/ligne-no-outdoor-unit\/"]}]},{"@type":"BreadcrumbList","@id":"https:\/\/mitsuiairconditioner.com\/fr\/ligne-no-outdoor-unit\/#breadcrumb","itemListElement":[{"@type":"ListItem","position":1,"name":"Home","item":"https:\/\/mitsuiairconditioner.com\/fr\/"},{"@type":"ListItem","position":2,"name":"Ligne no outdoor unit"}]},{"@type":"WebSite","@id":"https:\/\/mitsuiairconditioner.com\/#website","url":"https:\/\/mitsuiairconditioner.com\/","name":"Mitsui","description":"Air Conditioners and Heating Pumps","publisher":{"@id":"https:\/\/mitsuiairconditioner.com\/#organization"},"potentialAction":[{"@type":"SearchAction","target":{"@type":"EntryPoint","urlTemplate":"https:\/\/mitsuiairconditioner.com\/?s={search_term_string}"},"query-input":"required name=search_term_string"}],"inLanguage":"fr-FR"},{"@type":"Organization","@id":"https:\/\/mitsuiairconditioner.com\/#organization","name":"Mitsui","url":"https:\/\/mitsuiairconditioner.com\/","logo":{"@type":"ImageObject","inLanguage":"fr-FR","@id":"https:\/\/mitsuiairconditioner.com\/#\/schema\/logo\/image\/","url":"https:\/\/mitsuiairconditioner.com\/wp-content\/uploads\/2018\/02\/logo-mitsui.png","contentUrl":"https:\/\/mitsuiairconditioner.com\/wp-content\/uploads\/2018\/02\/logo-mitsui.png","width":317,"height":213,"caption":"Mitsui"},"image":{"@id":"https:\/\/mitsuiairconditioner.com\/#\/schema\/logo\/image\/"},"sameAs":["https:\/\/www.facebook.com\/mitsuiairconditioners\/"]}]}},"_links":{"self":[{"href":"https:\/\/mitsuiairconditioner.com\/fr\/wp-json\/wp\/v2\/pages\/8363","targetHints":{"allow":["GET"]}}],"collection":[{"href":"https:\/\/mitsuiairconditioner.com\/fr\/wp-json\/wp\/v2\/pages"}],"about":[{"href":"https:\/\/mitsuiairconditioner.com\/fr\/wp-json\/wp\/v2\/types\/page"}],"author":[{"embeddable":true,"href":"https:\/\/mitsuiairconditioner.com\/fr\/wp-json\/wp\/v2\/users\/3"}],"replies":[{"embeddable":true,"href":"https:\/\/mitsuiairconditioner.com\/fr\/wp-json\/wp\/v2\/comments?post=8363"}],"version-history":[{"count":7,"href":"https:\/\/mitsuiairconditioner.com\/fr\/wp-json\/wp\/v2\/pages\/8363\/revisions"}],"predecessor-version":[{"id":8381,"href":"https:\/\/mitsuiairconditioner.com\/fr\/wp-json\/wp\/v2\/pages\/8363\/revisions\/8381"}],"wp:attachment":[{"href":"https:\/\/mitsuiairconditioner.com\/fr\/wp-json\/wp\/v2\/media?parent=8363"}],"wp:term":[{"taxonomy":"folder","embeddable":true,"href":"https:\/\/mitsuiairconditioner.com\/fr\/wp-json\/wp\/v2\/folder?post=8363"}],"curies":[{"name":"wp","href":"https:\/\/api.w.org\/{rel}","templated":true}]}}