{"id":8249,"date":"2022-09-28T12:17:14","date_gmt":"2022-09-28T10:17:14","guid":{"rendered":"https:\/\/mitsuiairconditioner.com\/sistema-multiflex\/"},"modified":"2025-03-14T18:33:24","modified_gmt":"2025-03-14T16:33:24","slug":"sistema-multiflex","status":"publish","type":"page","link":"https:\/\/mitsuiairconditioner.com\/fr\/sistema-multiflex\/","title":{"rendered":"Sistema multiflex"},"content":{"rendered":"\t\t<div data-elementor-type=\"wp-page\" data-elementor-id=\"8249\" class=\"elementor elementor-8249 elementor-7373\" data-elementor-post-type=\"page\">\n\t\t\t\t\t\t<section class=\"elementor-section elementor-top-section elementor-element elementor-element-b7c2346 elementor-section-boxed elementor-section-height-default elementor-section-height-default\" data-id=\"b7c2346\" data-element_type=\"section\" data-settings=\"{&quot;background_background&quot;:&quot;classic&quot;}\">\n\t\t\t\t\t\t\t<div class=\"elementor-background-overlay\"><\/div>\n\t\t\t\t\t\t\t<div class=\"elementor-container elementor-column-gap-default\">\n\t\t\t\t\t<div class=\"elementor-column elementor-col-100 elementor-top-column elementor-element elementor-element-3eb9fdc\" data-id=\"3eb9fdc\" data-element_type=\"column\">\n\t\t\t<div class=\"elementor-widget-wrap elementor-element-populated\">\n\t\t\t\t\t\t<div class=\"elementor-element elementor-element-a17ee7a elementor-widget elementor-widget-image\" data-id=\"a17ee7a\" data-element_type=\"widget\" data-widget_type=\"image.default\">\n\t\t\t\t<div class=\"elementor-widget-container\">\n\t\t\t\t\t\t\t\t\t\t\t\t\t<img fetchpriority=\"high\" decoding=\"async\" width=\"950\" height=\"667\" src=\"https:\/\/mitsuiairconditioner.com\/wp-content\/uploads\/2025\/03\/SISTEMA-FLESSIBILE-MULTIFLEX_sito.png\" class=\"attachment-full size-full wp-image-10520\" alt=\"\" srcset=\"https:\/\/mitsuiairconditioner.com\/wp-content\/uploads\/2025\/03\/SISTEMA-FLESSIBILE-MULTIFLEX_sito.png 950w, https:\/\/mitsuiairconditioner.com\/wp-content\/uploads\/2025\/03\/SISTEMA-FLESSIBILE-MULTIFLEX_sito-300x211.png 300w, https:\/\/mitsuiairconditioner.com\/wp-content\/uploads\/2025\/03\/SISTEMA-FLESSIBILE-MULTIFLEX_sito-768x539.png 768w, https:\/\/mitsuiairconditioner.com\/wp-content\/uploads\/2025\/03\/SISTEMA-FLESSIBILE-MULTIFLEX_sito-230x161.png 230w, https:\/\/mitsuiairconditioner.com\/wp-content\/uploads\/2025\/03\/SISTEMA-FLESSIBILE-MULTIFLEX_sito-350x246.png 350w, https:\/\/mitsuiairconditioner.com\/wp-content\/uploads\/2025\/03\/SISTEMA-FLESSIBILE-MULTIFLEX_sito-480x337.png 480w\" sizes=\"(max-width: 950px) 100vw, 950px\" \/>\t\t\t\t\t\t\t\t\t\t\t\t\t<\/div>\n\t\t\t\t<\/div>\n\t\t\t\t\t<\/div>\n\t\t<\/div>\n\t\t\t\t\t<\/div>\n\t\t<\/section>\n\t\t\t\t<section class=\"elementor-section elementor-top-section elementor-element elementor-element-851d4eb elementor-section-boxed elementor-section-height-default elementor-section-height-default\" data-id=\"851d4eb\" data-element_type=\"section\" data-settings=\"{&quot;background_background&quot;:&quot;classic&quot;}\">\n\t\t\t\t\t\t<div class=\"elementor-container elementor-column-gap-wide\">\n\t\t\t\t\t<div class=\"elementor-column elementor-col-100 elementor-top-column elementor-element elementor-element-204e738\" data-id=\"204e738\" data-element_type=\"column\">\n\t\t\t<div class=\"elementor-widget-wrap elementor-element-populated\">\n\t\t\t\t\t\t<div class=\"elementor-element elementor-element-fa225ff elementor-widget elementor-widget-heading\" data-id=\"fa225ff\" data-element_type=\"widget\" data-widget_type=\"heading.default\">\n\t\t\t\t<div class=\"elementor-widget-container\">\n\t\t\t<h1 class=\"elementor-heading-title elementor-size-default\">Sistema multiflex<\/h1>\t\t<\/div>\n\t\t\t\t<\/div>\n\t\t\t\t<div class=\"elementor-element elementor-element-a844de7 elementor-widget elementor-widget-heading\" data-id=\"a844de7\" data-element_type=\"widget\" data-widget_type=\"heading.default\">\n\t\t\t\t<div class=\"elementor-widget-container\">\n\t\t\t<h1 class=\"elementor-heading-title elementor-size-default\">Residenziale \/ Commerciale<\/h1>\t\t<\/div>\n\t\t\t\t<\/div>\n\t\t\t\t<div class=\"elementor-element elementor-element-70d6a30 elementor-widget elementor-widget-text-editor\" data-id=\"70d6a30\" data-element_type=\"widget\" data-widget_type=\"text-editor.default\">\n\t\t\t\t<div class=\"elementor-widget-container\">\n\t\t\t\t\t\t\t<p class=\"p1\"><span class=\"s1\">Il sistema all-in compatto ed efficiente che fornisce\u00a0<\/span><span class=\"s1\">riscaldamento, raffrescamento e acqua calda<span class=\"Apple-converted-space\"> \u00a0<\/span><\/span><span class=\"s1\">sanitaria con un\u2019unica unit\u00e0 esterna multi split.<\/span><\/p><p><strong>Raffrescamento tramite espansione diretta<\/strong>: match con unit\u00e0 a parete, cassetta, canalizzata opavimento soffitto.<br \/><strong>Riscaldamento tramite espansione diretta<\/strong>: match con unit\u00e0 a parete, cassetta, canalizzata o pavimento soffitto.<br \/><strong>Riscaldamento idronico tramite impianto radiante<\/strong>.<br \/><strong>Produzione ACS (tramite accumulo ACS) <\/strong>per la produzione di acqua calda sanitaria<\/p>\t\t\t\t\t\t<\/div>\n\t\t\t\t<\/div>\n\t\t\t\t\t<\/div>\n\t\t<\/div>\n\t\t\t\t\t<\/div>\n\t\t<\/section>\n\t\t\t\t<section class=\"elementor-section elementor-top-section elementor-element elementor-element-90ec4d7 elementor-section-stretched elementor-section-boxed elementor-section-height-default elementor-section-height-default\" data-id=\"90ec4d7\" data-element_type=\"section\" data-settings=\"{&quot;background_background&quot;:&quot;classic&quot;,&quot;stretch_section&quot;:&quot;section-stretched&quot;}\">\n\t\t\t\t\t\t<div class=\"elementor-container elementor-column-gap-default\">\n\t\t\t\t\t<div class=\"elementor-column elementor-col-100 elementor-top-column elementor-element elementor-element-ea5f95c\" data-id=\"ea5f95c\" data-element_type=\"column\">\n\t\t\t<div class=\"elementor-widget-wrap elementor-element-populated\">\n\t\t\t\t\t\t<div class=\"elementor-element elementor-element-0215dcf elementor-widget elementor-widget-heading\" data-id=\"0215dcf\" data-element_type=\"widget\" data-widget_type=\"heading.default\">\n\t\t\t\t<div class=\"elementor-widget-container\">\n\t\t\t<h3 class=\"elementor-heading-title elementor-size-default\">Composizione del sistema<\/h3>\t\t<\/div>\n\t\t\t\t<\/div>\n\t\t\t\t<div class=\"elementor-element elementor-element-58c11a2 elementor-widget elementor-widget-spacer\" data-id=\"58c11a2\" data-element_type=\"widget\" data-widget_type=\"spacer.default\">\n\t\t\t\t<div class=\"elementor-widget-container\">\n\t\t\t\t\t<div class=\"elementor-spacer\">\n\t\t\t<div class=\"elementor-spacer-inner\"><\/div>\n\t\t<\/div>\n\t\t\t\t<\/div>\n\t\t\t\t<\/div>\n\t\t\t\t<div class=\"elementor-element elementor-element-740b8c2 elementor-widget elementor-widget-heading\" data-id=\"740b8c2\" data-element_type=\"widget\" data-widget_type=\"heading.default\">\n\t\t\t\t<div class=\"elementor-widget-container\">\n\t\t\t<h4 class=\"elementor-heading-title elementor-size-default\">1 Unit\u00e0 esterna<\/h4>\t\t<\/div>\n\t\t\t\t<\/div>\n\t\t\t\t<div class=\"elementor-element elementor-element-084383f elementor-vertical-align-top elementor-widget elementor-widget-icon-box\" data-id=\"084383f\" data-element_type=\"widget\" data-widget_type=\"icon-box.default\">\n\t\t\t\t<div class=\"elementor-widget-container\">\n\t\t\t\t\t<div class=\"elementor-icon-box-wrapper\">\n\t\t\t\t\t\t<div class=\"elementor-icon-box-content\">\n\t\t\t\t<h3 class=\"elementor-icon-box-title\">\n\t\t\t\t\t<span  >\n\t\t\t\t\t\tUn\u2019unica unit\u00e0 esterna\t\t\t\t\t<\/span>\n\t\t\t\t<\/h3>\n\t\t\t\t\t\t\t\t\t<p class=\"elementor-icon-box-description\">\n\t\t\t\t\t\tper raffrescare e riscaldare sfruttando le risorse rinnovabili. Facile installazione minimo ingombro, \u00e8 possibile collegare 1 unit\u00e0 idronica e fino a 3 unit\u00e0 interne.\n\t\t\t\t\t<\/p>\n\t\t\t\t\t\t\t<\/div>\n\t\t<\/div>\n\t\t\t\t<\/div>\n\t\t\t\t<\/div>\n\t\t\t\t<div class=\"elementor-element elementor-element-ebb232c elementor-widget elementor-widget-spacer\" data-id=\"ebb232c\" data-element_type=\"widget\" data-widget_type=\"spacer.default\">\n\t\t\t\t<div class=\"elementor-widget-container\">\n\t\t\t\t\t<div class=\"elementor-spacer\">\n\t\t\t<div class=\"elementor-spacer-inner\"><\/div>\n\t\t<\/div>\n\t\t\t\t<\/div>\n\t\t\t\t<\/div>\n\t\t\t\t<div class=\"elementor-element elementor-element-fc4956d elementor-widget elementor-widget-heading\" data-id=\"fc4956d\" data-element_type=\"widget\" data-widget_type=\"heading.default\">\n\t\t\t\t<div class=\"elementor-widget-container\">\n\t\t\t<h4 class=\"elementor-heading-title elementor-size-default\">3 UNIT\u00c0 INTERNE\u200b<br>\nFino a 3 unit\u00e0 interne selezionabili tra le varie tipologie: parete, console, pavimento\/soffitto, cassetta e canalizzato.<\/h4>\t\t<\/div>\n\t\t\t\t<\/div>\n\t\t\t\t<div class=\"elementor-element elementor-element-74367dd elementor-vertical-align-top elementor-widget elementor-widget-icon-box\" data-id=\"74367dd\" data-element_type=\"widget\" data-widget_type=\"icon-box.default\">\n\t\t\t\t<div class=\"elementor-widget-container\">\n\t\t\t\t\t<div class=\"elementor-icon-box-wrapper\">\n\t\t\t\t\t\t<div class=\"elementor-icon-box-content\">\n\t\t\t\t<h3 class=\"elementor-icon-box-title\">\n\t\t\t\t\t<span  >\n\t\t\t\t\t\tUnit\u00e0 interne\t\t\t\t\t<\/span>\n\t\t\t\t<\/h3>\n\t\t\t\t\t\t\t\t\t<p class=\"elementor-icon-box-description\">\n\t\t\t\t\t\tper la climatizzazione estiva e invernale, per il massimo comfort e design. Tutte le unit\u00e0 interne possono essere controllate indipendentemente.\n\t\t\t\t\t<\/p>\n\t\t\t\t\t\t\t<\/div>\n\t\t<\/div>\n\t\t\t\t<\/div>\n\t\t\t\t<\/div>\n\t\t\t\t<div class=\"elementor-element elementor-element-2b5beb1 elementor-widget elementor-widget-spacer\" data-id=\"2b5beb1\" data-element_type=\"widget\" data-widget_type=\"spacer.default\">\n\t\t\t\t<div class=\"elementor-widget-container\">\n\t\t\t\t\t<div class=\"elementor-spacer\">\n\t\t\t<div class=\"elementor-spacer-inner\"><\/div>\n\t\t<\/div>\n\t\t\t\t<\/div>\n\t\t\t\t<\/div>\n\t\t\t\t<div class=\"elementor-element elementor-element-699b89d elementor-widget elementor-widget-heading\" data-id=\"699b89d\" data-element_type=\"widget\" data-widget_type=\"heading.default\">\n\t\t\t\t<div class=\"elementor-widget-container\">\n\t\t\t<h4 class=\"elementor-heading-title elementor-size-default\">1 UNIT\u00c0 IDRONICA<\/h4>\t\t<\/div>\n\t\t\t\t<\/div>\n\t\t\t\t<div class=\"elementor-element elementor-element-80ceb2c elementor-vertical-align-top elementor-widget elementor-widget-icon-box\" data-id=\"80ceb2c\" data-element_type=\"widget\" data-widget_type=\"icon-box.default\">\n\t\t\t\t<div class=\"elementor-widget-container\">\n\t\t\t\t\t<div class=\"elementor-icon-box-wrapper\">\n\t\t\t\t\t\t<div class=\"elementor-icon-box-content\">\n\t\t\t\t<h3 class=\"elementor-icon-box-title\">\n\t\t\t\t\t<span  >\n\t\t\t\t\t\tUnit\u00e0 interna idronica\t\t\t\t\t<\/span>\n\t\t\t\t<\/h3>\n\t\t\t\t\t\t\t\t\t<p class=\"elementor-icon-box-description\">\n\t\t\t\t\t\tModulo idronico per riscaldamento e produzione ACS, dimensione compatte e contenute, facile da installare, non richiede interventi rilevanti di ristrutturazione.\t\t\t\t\t<\/p>\n\t\t\t\t\t\t\t<\/div>\n\t\t<\/div>\n\t\t\t\t<\/div>\n\t\t\t\t<\/div>\n\t\t\t\t<div class=\"elementor-element elementor-element-238f860 elementor-widget elementor-widget-spacer\" data-id=\"238f860\" data-element_type=\"widget\" data-widget_type=\"spacer.default\">\n\t\t\t\t<div class=\"elementor-widget-container\">\n\t\t\t\t\t<div class=\"elementor-spacer\">\n\t\t\t<div class=\"elementor-spacer-inner\"><\/div>\n\t\t<\/div>\n\t\t\t\t<\/div>\n\t\t\t\t<\/div>\n\t\t\t\t<div class=\"elementor-element elementor-element-fe8c6e2 elementor-widget elementor-widget-heading\" data-id=\"fe8c6e2\" data-element_type=\"widget\" data-widget_type=\"heading.default\">\n\t\t\t\t<div class=\"elementor-widget-container\">\n\t\t\t<h4 class=\"elementor-heading-title elementor-size-default\">1 BOLLITORE ACS\u200b<br>\nPer la produzione di acqua calda sanitaria.<\/h4>\t\t<\/div>\n\t\t\t\t<\/div>\n\t\t\t\t<div class=\"elementor-element elementor-element-6eabfc6 elementor-vertical-align-top elementor-widget elementor-widget-icon-box\" data-id=\"6eabfc6\" data-element_type=\"widget\" data-widget_type=\"icon-box.default\">\n\t\t\t\t<div class=\"elementor-widget-container\">\n\t\t\t\t\t<div class=\"elementor-icon-box-wrapper\">\n\t\t\t\t\t\t<div class=\"elementor-icon-box-content\">\n\t\t\t\t<h3 class=\"elementor-icon-box-title\">\n\t\t\t\t\t<span  >\n\t\t\t\t\t\tBollitore ACS\t\t\t\t\t<\/span>\n\t\t\t\t<\/h3>\n\t\t\t\t\t\t\t\t\t<p class=\"elementor-icon-box-description\">\n\t\t\t\t\t\tL\u2019unit\u00e0 Multi Split Quadri lavora in abbinamento con l\u2019unit\u00e0 interna idronica per produrre ACS e stoccare l\u2019acqua all\u2019interno del bollitore ACS.\t\t\t\t\t<\/p>\n\t\t\t\t\t\t\t<\/div>\n\t\t<\/div>\n\t\t\t\t<\/div>\n\t\t\t\t<\/div>\n\t\t\t\t<div class=\"elementor-element elementor-element-b459316 elementor-widget elementor-widget-spacer\" data-id=\"b459316\" data-element_type=\"widget\" data-widget_type=\"spacer.default\">\n\t\t\t\t<div class=\"elementor-widget-container\">\n\t\t\t\t\t<div class=\"elementor-spacer\">\n\t\t\t<div class=\"elementor-spacer-inner\"><\/div>\n\t\t<\/div>\n\t\t\t\t<\/div>\n\t\t\t\t<\/div>\n\t\t\t\t<div class=\"elementor-element elementor-element-fced004 elementor-widget elementor-widget-image\" data-id=\"fced004\" data-element_type=\"widget\" data-widget_type=\"image.default\">\n\t\t\t\t<div class=\"elementor-widget-container\">\n\t\t\t\t\t\t\t\t\t\t\t\t\t\t<a href=\"https:\/\/mitsuiairconditioner.com\/wp-content\/uploads\/2022\/09\/Schema-Sistema-Flessibile_Tavola-disegno-1-copia.jpg\" data-elementor-open-lightbox=\"yes\" data-elementor-lightbox-title=\"Schema Sistema Flessibile_Tavola disegno 1 copia\" data-e-action-hash=\"#elementor-action%3Aaction%3Dlightbox%26settings%3DeyJpZCI6NzQzNSwidXJsIjoiaHR0cHM6XC9cL21pdHN1aWFpcmNvbmRpdGlvbmVyLmNvbVwvd3AtY29udGVudFwvdXBsb2Fkc1wvMjAyMlwvMDlcL1NjaGVtYS1TaXN0ZW1hLUZsZXNzaWJpbGVfVGF2b2xhLWRpc2Vnbm8tMS1jb3BpYS5qcGcifQ%3D%3D\">\n\t\t\t\t\t\t\t<img decoding=\"async\" width=\"1024\" height=\"569\" src=\"https:\/\/mitsuiairconditioner.com\/wp-content\/uploads\/2022\/09\/Schema-Sistema-Flessibile_Tavola-disegno-1-copia-1024x569.jpg\" class=\"attachment-large size-large wp-image-7435\" alt=\"\" srcset=\"https:\/\/mitsuiairconditioner.com\/wp-content\/uploads\/2022\/09\/Schema-Sistema-Flessibile_Tavola-disegno-1-copia-1024x569.jpg 1024w, https:\/\/mitsuiairconditioner.com\/wp-content\/uploads\/2022\/09\/Schema-Sistema-Flessibile_Tavola-disegno-1-copia-300x167.jpg 300w, https:\/\/mitsuiairconditioner.com\/wp-content\/uploads\/2022\/09\/Schema-Sistema-Flessibile_Tavola-disegno-1-copia-768x426.jpg 768w, https:\/\/mitsuiairconditioner.com\/wp-content\/uploads\/2022\/09\/Schema-Sistema-Flessibile_Tavola-disegno-1-copia-1536x853.jpg 1536w, https:\/\/mitsuiairconditioner.com\/wp-content\/uploads\/2022\/09\/Schema-Sistema-Flessibile_Tavola-disegno-1-copia-1000x555.jpg 1000w, https:\/\/mitsuiairconditioner.com\/wp-content\/uploads\/2022\/09\/Schema-Sistema-Flessibile_Tavola-disegno-1-copia-230x128.jpg 230w, https:\/\/mitsuiairconditioner.com\/wp-content\/uploads\/2022\/09\/Schema-Sistema-Flessibile_Tavola-disegno-1-copia-350x194.jpg 350w, https:\/\/mitsuiairconditioner.com\/wp-content\/uploads\/2022\/09\/Schema-Sistema-Flessibile_Tavola-disegno-1-copia-480x266.jpg 480w, https:\/\/mitsuiairconditioner.com\/wp-content\/uploads\/2022\/09\/Schema-Sistema-Flessibile_Tavola-disegno-1-copia.jpg 1803w\" sizes=\"(max-width: 1024px) 100vw, 1024px\" \/>\t\t\t\t\t\t\t\t<\/a>\n\t\t\t\t\t\t\t\t\t\t\t\t\t<\/div>\n\t\t\t\t<\/div>\n\t\t\t\t\t<\/div>\n\t\t<\/div>\n\t\t\t\t\t<\/div>\n\t\t<\/section>\n\t\t\t\t<\/div>\n\t\t","protected":false},"excerpt":{"rendered":"<p>Residenziale \/ Commerciale Il sistema all-in compatto ed efficiente che fornisce\u00a0riscaldamento, raffrescamento e acqua calda \u00a0sanitaria con un\u2019unica unit\u00e0 esterna multi split. [&hellip;]<\/p>\n","protected":false},"author":3,"featured_media":0,"parent":0,"menu_order":0,"comment_status":"closed","ping_status":"closed","template":"page-templates\/page_front-page.php","meta":{"_acf_changed":false,"footnotes":""},"folder":[],"class_list":["post-8249","page","type-page","status-publish","hentry"],"acf":[],"yoast_head":"<!-- This site is optimized with the Yoast SEO plugin v21.6 - https:\/\/yoast.com\/wordpress\/plugins\/seo\/ -->\n<title>Sistema multiflex - Mitsui Air Conditioners - Air Conditioners and Heating Pumps<\/title>\n<meta name=\"robots\" content=\"index, follow, max-snippet:-1, max-image-preview:large, max-video-preview:-1\" \/>\n<link rel=\"canonical\" href=\"https:\/\/mitsuiairconditioner.com\/fr\/sistema-multiflex\/\" \/>\n<meta property=\"og:locale\" content=\"fr_FR\" \/>\n<meta property=\"og:type\" content=\"article\" \/>\n<meta property=\"og:title\" content=\"Sistema multiflex - Mitsui Air Conditioners - Air Conditioners and Heating Pumps\" \/>\n<meta property=\"og:description\" content=\"Residenziale \/ Commerciale Il sistema all-in compatto ed efficiente che fornisce\u00a0riscaldamento, raffrescamento e acqua calda \u00a0sanitaria con un\u2019unica unit\u00e0 esterna multi split. [&hellip;]\" \/>\n<meta property=\"og:url\" content=\"https:\/\/mitsuiairconditioner.com\/fr\/sistema-multiflex\/\" \/>\n<meta property=\"og:site_name\" content=\"Mitsui\" \/>\n<meta property=\"article:publisher\" content=\"https:\/\/www.facebook.com\/mitsuiairconditioners\/\" \/>\n<meta property=\"article:modified_time\" content=\"2025-03-14T16:33:24+00:00\" \/>\n<meta property=\"og:image\" content=\"https:\/\/mitsuiairconditioner.com\/wp-content\/uploads\/2025\/03\/SISTEMA-FLESSIBILE-MULTIFLEX_sito.png\" \/>\n<meta name=\"twitter:card\" content=\"summary_large_image\" \/>\n<meta name=\"twitter:label1\" content=\"Dur\u00e9e de lecture estim\u00e9e\" \/>\n\t<meta name=\"twitter:data1\" content=\"2 minutes\" \/>\n<script type=\"application\/ld+json\" class=\"yoast-schema-graph\">{\"@context\":\"https:\/\/schema.org\",\"@graph\":[{\"@type\":\"WebPage\",\"@id\":\"https:\/\/mitsuiairconditioner.com\/fr\/sistema-multiflex\/\",\"url\":\"https:\/\/mitsuiairconditioner.com\/fr\/sistema-multiflex\/\",\"name\":\"Sistema multiflex - Mitsui Air Conditioners - Air Conditioners and Heating Pumps\",\"isPartOf\":{\"@id\":\"https:\/\/mitsuiairconditioner.com\/#website\"},\"datePublished\":\"2022-09-28T10:17:14+00:00\",\"dateModified\":\"2025-03-14T16:33:24+00:00\",\"breadcrumb\":{\"@id\":\"https:\/\/mitsuiairconditioner.com\/fr\/sistema-multiflex\/#breadcrumb\"},\"inLanguage\":\"fr-FR\",\"potentialAction\":[{\"@type\":\"ReadAction\",\"target\":[\"https:\/\/mitsuiairconditioner.com\/fr\/sistema-multiflex\/\"]}]},{\"@type\":\"BreadcrumbList\",\"@id\":\"https:\/\/mitsuiairconditioner.com\/fr\/sistema-multiflex\/#breadcrumb\",\"itemListElement\":[{\"@type\":\"ListItem\",\"position\":1,\"name\":\"Home\",\"item\":\"https:\/\/mitsuiairconditioner.com\/fr\/\"},{\"@type\":\"ListItem\",\"position\":2,\"name\":\"Sistema multiflex\"}]},{\"@type\":\"WebSite\",\"@id\":\"https:\/\/mitsuiairconditioner.com\/#website\",\"url\":\"https:\/\/mitsuiairconditioner.com\/\",\"name\":\"Mitsui\",\"description\":\"Air Conditioners and Heating Pumps\",\"publisher\":{\"@id\":\"https:\/\/mitsuiairconditioner.com\/#organization\"},\"potentialAction\":[{\"@type\":\"SearchAction\",\"target\":{\"@type\":\"EntryPoint\",\"urlTemplate\":\"https:\/\/mitsuiairconditioner.com\/?s={search_term_string}\"},\"query-input\":\"required name=search_term_string\"}],\"inLanguage\":\"fr-FR\"},{\"@type\":\"Organization\",\"@id\":\"https:\/\/mitsuiairconditioner.com\/#organization\",\"name\":\"Mitsui\",\"url\":\"https:\/\/mitsuiairconditioner.com\/\",\"logo\":{\"@type\":\"ImageObject\",\"inLanguage\":\"fr-FR\",\"@id\":\"https:\/\/mitsuiairconditioner.com\/#\/schema\/logo\/image\/\",\"url\":\"https:\/\/mitsuiairconditioner.com\/wp-content\/uploads\/2018\/02\/logo-mitsui.png\",\"contentUrl\":\"https:\/\/mitsuiairconditioner.com\/wp-content\/uploads\/2018\/02\/logo-mitsui.png\",\"width\":317,\"height\":213,\"caption\":\"Mitsui\"},\"image\":{\"@id\":\"https:\/\/mitsuiairconditioner.com\/#\/schema\/logo\/image\/\"},\"sameAs\":[\"https:\/\/www.facebook.com\/mitsuiairconditioners\/\"]}]}<\/script>\n<!-- \/ Yoast SEO plugin. -->","yoast_head_json":{"title":"Sistema multiflex - Mitsui Air Conditioners - Air Conditioners and Heating Pumps","robots":{"index":"index","follow":"follow","max-snippet":"max-snippet:-1","max-image-preview":"max-image-preview:large","max-video-preview":"max-video-preview:-1"},"canonical":"https:\/\/mitsuiairconditioner.com\/fr\/sistema-multiflex\/","og_locale":"fr_FR","og_type":"article","og_title":"Sistema multiflex - Mitsui Air Conditioners - Air Conditioners and Heating Pumps","og_description":"Residenziale \/ Commerciale Il sistema all-in compatto ed efficiente che fornisce\u00a0riscaldamento, raffrescamento e acqua calda \u00a0sanitaria con un\u2019unica unit\u00e0 esterna multi split. [&hellip;]","og_url":"https:\/\/mitsuiairconditioner.com\/fr\/sistema-multiflex\/","og_site_name":"Mitsui","article_publisher":"https:\/\/www.facebook.com\/mitsuiairconditioners\/","article_modified_time":"2025-03-14T16:33:24+00:00","og_image":[{"url":"https:\/\/mitsuiairconditioner.com\/wp-content\/uploads\/2025\/03\/SISTEMA-FLESSIBILE-MULTIFLEX_sito.png"}],"twitter_card":"summary_large_image","twitter_misc":{"Dur\u00e9e de lecture estim\u00e9e":"2 minutes"},"schema":{"@context":"https:\/\/schema.org","@graph":[{"@type":"WebPage","@id":"https:\/\/mitsuiairconditioner.com\/fr\/sistema-multiflex\/","url":"https:\/\/mitsuiairconditioner.com\/fr\/sistema-multiflex\/","name":"Sistema multiflex - Mitsui Air Conditioners - Air Conditioners and Heating Pumps","isPartOf":{"@id":"https:\/\/mitsuiairconditioner.com\/#website"},"datePublished":"2022-09-28T10:17:14+00:00","dateModified":"2025-03-14T16:33:24+00:00","breadcrumb":{"@id":"https:\/\/mitsuiairconditioner.com\/fr\/sistema-multiflex\/#breadcrumb"},"inLanguage":"fr-FR","potentialAction":[{"@type":"ReadAction","target":["https:\/\/mitsuiairconditioner.com\/fr\/sistema-multiflex\/"]}]},{"@type":"BreadcrumbList","@id":"https:\/\/mitsuiairconditioner.com\/fr\/sistema-multiflex\/#breadcrumb","itemListElement":[{"@type":"ListItem","position":1,"name":"Home","item":"https:\/\/mitsuiairconditioner.com\/fr\/"},{"@type":"ListItem","position":2,"name":"Sistema multiflex"}]},{"@type":"WebSite","@id":"https:\/\/mitsuiairconditioner.com\/#website","url":"https:\/\/mitsuiairconditioner.com\/","name":"Mitsui","description":"Air Conditioners and Heating Pumps","publisher":{"@id":"https:\/\/mitsuiairconditioner.com\/#organization"},"potentialAction":[{"@type":"SearchAction","target":{"@type":"EntryPoint","urlTemplate":"https:\/\/mitsuiairconditioner.com\/?s={search_term_string}"},"query-input":"required name=search_term_string"}],"inLanguage":"fr-FR"},{"@type":"Organization","@id":"https:\/\/mitsuiairconditioner.com\/#organization","name":"Mitsui","url":"https:\/\/mitsuiairconditioner.com\/","logo":{"@type":"ImageObject","inLanguage":"fr-FR","@id":"https:\/\/mitsuiairconditioner.com\/#\/schema\/logo\/image\/","url":"https:\/\/mitsuiairconditioner.com\/wp-content\/uploads\/2018\/02\/logo-mitsui.png","contentUrl":"https:\/\/mitsuiairconditioner.com\/wp-content\/uploads\/2018\/02\/logo-mitsui.png","width":317,"height":213,"caption":"Mitsui"},"image":{"@id":"https:\/\/mitsuiairconditioner.com\/#\/schema\/logo\/image\/"},"sameAs":["https:\/\/www.facebook.com\/mitsuiairconditioners\/"]}]}},"_links":{"self":[{"href":"https:\/\/mitsuiairconditioner.com\/fr\/wp-json\/wp\/v2\/pages\/8249","targetHints":{"allow":["GET"]}}],"collection":[{"href":"https:\/\/mitsuiairconditioner.com\/fr\/wp-json\/wp\/v2\/pages"}],"about":[{"href":"https:\/\/mitsuiairconditioner.com\/fr\/wp-json\/wp\/v2\/types\/page"}],"author":[{"embeddable":true,"href":"https:\/\/mitsuiairconditioner.com\/fr\/wp-json\/wp\/v2\/users\/3"}],"replies":[{"embeddable":true,"href":"https:\/\/mitsuiairconditioner.com\/fr\/wp-json\/wp\/v2\/comments?post=8249"}],"version-history":[{"count":7,"href":"https:\/\/mitsuiairconditioner.com\/fr\/wp-json\/wp\/v2\/pages\/8249\/revisions"}],"predecessor-version":[{"id":10534,"href":"https:\/\/mitsuiairconditioner.com\/fr\/wp-json\/wp\/v2\/pages\/8249\/revisions\/10534"}],"wp:attachment":[{"href":"https:\/\/mitsuiairconditioner.com\/fr\/wp-json\/wp\/v2\/media?parent=8249"}],"wp:term":[{"taxonomy":"folder","embeddable":true,"href":"https:\/\/mitsuiairconditioner.com\/fr\/wp-json\/wp\/v2\/folder?post=8249"}],"curies":[{"name":"wp","href":"https:\/\/api.w.org\/{rel}","templated":true}]}}