{"id":8167,"date":"2022-09-28T11:32:53","date_gmt":"2022-09-28T09:32:53","guid":{"rendered":"https:\/\/mitsuiairconditioner.com\/sistema-ibrido-wall-arm\/"},"modified":"2022-11-14T16:29:52","modified_gmt":"2022-11-14T14:29:52","slug":"systemes-hybrides-wall-arm","status":"publish","type":"page","link":"https:\/\/mitsuiairconditioner.com\/fr\/systemes-hybrides-wall-arm\/","title":{"rendered":"Syst\u00e8mes hybrides Wall \/ Arm"},"content":{"rendered":"\t\t<div data-elementor-type=\"wp-post\" data-elementor-id=\"8167\" class=\"elementor elementor-8167 elementor-7355\" data-elementor-post-type=\"page\">\n\t\t\t\t\t\t<section class=\"elementor-section elementor-top-section elementor-element elementor-element-31e58a83 elementor-section-stretched elementor-section-boxed elementor-section-height-default elementor-section-height-default\" data-id=\"31e58a83\" data-element_type=\"section\" data-settings=\"{&quot;background_background&quot;:&quot;classic&quot;,&quot;stretch_section&quot;:&quot;section-stretched&quot;}\">\n\t\t\t\t\t\t<div class=\"elementor-container elementor-column-gap-default\">\n\t\t\t\t\t<div class=\"elementor-column elementor-col-50 elementor-top-column elementor-element elementor-element-7299304a\" data-id=\"7299304a\" data-element_type=\"column\" data-settings=\"{&quot;background_background&quot;:&quot;classic&quot;}\">\n\t\t\t<div class=\"elementor-widget-wrap elementor-element-populated\">\n\t\t\t\t\t\t<div class=\"elementor-element elementor-element-31b0247d elementor-invisible elementor-widget elementor-widget-image\" data-id=\"31b0247d\" data-element_type=\"widget\" data-settings=\"{&quot;_animation&quot;:&quot;fadeIn&quot;,&quot;motion_fx_motion_fx_scrolling&quot;:&quot;yes&quot;,&quot;motion_fx_devices&quot;:[&quot;desktop&quot;,&quot;tablet&quot;,&quot;mobile&quot;]}\" data-widget_type=\"image.default\">\n\t\t\t\t<div class=\"elementor-widget-container\">\n\t\t\t\t\t\t\t\t\t\t\t\t\t\t<a href=\"https:\/\/mitsuiairconditioner.com\/wp-content\/uploads\/2022\/09\/sistema-ibrido-wall-arm.jpg\" data-elementor-open-lightbox=\"yes\" data-elementor-lightbox-title=\"sistema-ibrido-wall-arm\" data-e-action-hash=\"#elementor-action%3Aaction%3Dlightbox%26settings%3DeyJpZCI6NzMyOSwidXJsIjoiaHR0cHM6XC9cL21pdHN1aWFpcmNvbmRpdGlvbmVyLmNvbVwvd3AtY29udGVudFwvdXBsb2Fkc1wvMjAyMlwvMDlcL3Npc3RlbWEtaWJyaWRvLXdhbGwtYXJtLmpwZyJ9\">\n\t\t\t\t\t\t\t<img fetchpriority=\"high\" decoding=\"async\" width=\"1024\" height=\"903\" src=\"https:\/\/mitsuiairconditioner.com\/wp-content\/uploads\/2022\/09\/sistema-ibrido-wall-arm-1024x903.jpg\" class=\"attachment-large size-large wp-image-7329\" alt=\"\" srcset=\"https:\/\/mitsuiairconditioner.com\/wp-content\/uploads\/2022\/09\/sistema-ibrido-wall-arm-1024x903.jpg 1024w, https:\/\/mitsuiairconditioner.com\/wp-content\/uploads\/2022\/09\/sistema-ibrido-wall-arm-300x265.jpg 300w, https:\/\/mitsuiairconditioner.com\/wp-content\/uploads\/2022\/09\/sistema-ibrido-wall-arm-768x677.jpg 768w, https:\/\/mitsuiairconditioner.com\/wp-content\/uploads\/2022\/09\/sistema-ibrido-wall-arm-1000x882.jpg 1000w, https:\/\/mitsuiairconditioner.com\/wp-content\/uploads\/2022\/09\/sistema-ibrido-wall-arm-230x203.jpg 230w, https:\/\/mitsuiairconditioner.com\/wp-content\/uploads\/2022\/09\/sistema-ibrido-wall-arm-350x309.jpg 350w, https:\/\/mitsuiairconditioner.com\/wp-content\/uploads\/2022\/09\/sistema-ibrido-wall-arm-480x423.jpg 480w, https:\/\/mitsuiairconditioner.com\/wp-content\/uploads\/2022\/09\/sistema-ibrido-wall-arm.jpg 1134w\" sizes=\"(max-width: 1024px) 100vw, 1024px\" \/>\t\t\t\t\t\t\t\t<\/a>\n\t\t\t\t\t\t\t\t\t\t\t\t\t<\/div>\n\t\t\t\t<\/div>\n\t\t\t\t\t<\/div>\n\t\t<\/div>\n\t\t\t\t<div class=\"elementor-column elementor-col-50 elementor-top-column elementor-element elementor-element-78011c2\" data-id=\"78011c2\" data-element_type=\"column\">\n\t\t\t<div class=\"elementor-widget-wrap elementor-element-populated\">\n\t\t\t\t\t\t<div class=\"elementor-element elementor-element-516de013 elementor-widget elementor-widget-heading\" data-id=\"516de013\" data-element_type=\"widget\" data-widget_type=\"heading.default\">\n\t\t\t\t<div class=\"elementor-widget-container\">\n\t\t\t<h1 class=\"elementor-heading-title elementor-size-default\">Syst\u00e8mes hybrides Wall \/ Arm<\/h1>\t\t<\/div>\n\t\t\t\t<\/div>\n\t\t\t\t<div class=\"elementor-element elementor-element-86a2f2e elementor-widget elementor-widget-heading\" data-id=\"86a2f2e\" data-element_type=\"widget\" data-widget_type=\"heading.default\">\n\t\t\t\t<div class=\"elementor-widget-container\">\n\t\t\t<h1 class=\"elementor-heading-title elementor-size-default\">Chauffage\/refroidissement de l'eau chaude sanitaire<\/h1>\t\t<\/div>\n\t\t\t\t<\/div>\n\t\t\t\t<div class=\"elementor-element elementor-element-14cc979d elementor-widget elementor-widget-spacer\" data-id=\"14cc979d\" data-element_type=\"widget\" data-widget_type=\"spacer.default\">\n\t\t\t\t<div class=\"elementor-widget-container\">\n\t\t\t\t\t<div class=\"elementor-spacer\">\n\t\t\t<div class=\"elementor-spacer-inner\"><\/div>\n\t\t<\/div>\n\t\t\t\t<\/div>\n\t\t\t\t<\/div>\n\t\t\t\t<div class=\"elementor-element elementor-element-37eae09e elementor-widget elementor-widget-text-editor\" data-id=\"37eae09e\" data-element_type=\"widget\" data-widget_type=\"text-editor.default\">\n\t\t\t\t<div class=\"elementor-widget-container\">\n\t\t\t\t\t\t\t<p class=\"p1\">Syst\u00e8me int\u00e9gr\u00e9 complet avec : chaudi\u00e8re murale combin\u00e9e \u00e0 condensation et pompe \u00e0 chaleur air-eau. Pour le chauffage\/refroidissement des locaux et la <strong>production d&rsquo;eau chaude sanitaire<\/strong>.<\/p>\t\t\t\t\t\t<\/div>\n\t\t\t\t<\/div>\n\t\t\t\t\t<\/div>\n\t\t<\/div>\n\t\t\t\t\t<\/div>\n\t\t<\/section>\n\t\t\t\t<section class=\"elementor-section elementor-top-section elementor-element elementor-element-78d8ed0 elementor-section-stretched elementor-section-boxed elementor-section-height-default elementor-section-height-default\" data-id=\"78d8ed0\" data-element_type=\"section\" data-settings=\"{&quot;background_background&quot;:&quot;classic&quot;,&quot;stretch_section&quot;:&quot;section-stretched&quot;}\">\n\t\t\t\t\t\t<div class=\"elementor-container elementor-column-gap-default\">\n\t\t\t\t\t<div class=\"elementor-column elementor-col-100 elementor-top-column elementor-element elementor-element-8dac140\" data-id=\"8dac140\" data-element_type=\"column\">\n\t\t\t<div class=\"elementor-widget-wrap elementor-element-populated\">\n\t\t\t\t\t\t<div class=\"elementor-element elementor-element-13f19ba elementor-widget elementor-widget-heading\" data-id=\"13f19ba\" data-element_type=\"widget\" data-widget_type=\"heading.default\">\n\t\t\t\t<div class=\"elementor-widget-container\">\n\t\t\t<h4 class=\"elementor-heading-title elementor-size-default\">Composition du syst\u00e8me<\/h4>\t\t<\/div>\n\t\t\t\t<\/div>\n\t\t\t\t<div class=\"elementor-element elementor-element-dfcbbe0 elementor-widget elementor-widget-spacer\" data-id=\"dfcbbe0\" data-element_type=\"widget\" data-widget_type=\"spacer.default\">\n\t\t\t\t<div class=\"elementor-widget-container\">\n\t\t\t\t\t<div class=\"elementor-spacer\">\n\t\t\t<div class=\"elementor-spacer-inner\"><\/div>\n\t\t<\/div>\n\t\t\t\t<\/div>\n\t\t\t\t<\/div>\n\t\t\t\t<div class=\"elementor-element elementor-element-87d7edd elementor-position-left elementor-view-default elementor-mobile-position-top elementor-vertical-align-top elementor-widget elementor-widget-icon-box\" data-id=\"87d7edd\" data-element_type=\"widget\" data-widget_type=\"icon-box.default\">\n\t\t\t\t<div class=\"elementor-widget-container\">\n\t\t\t\t\t<div class=\"elementor-icon-box-wrapper\">\n\t\t\t\t\t\t<div class=\"elementor-icon-box-icon\">\n\t\t\t\t<span  class=\"elementor-icon elementor-animation-\">\n\t\t\t\t<i aria-hidden=\"true\" class=\"fas fa-circle\"><\/i>\t\t\t\t<\/span>\n\t\t\t<\/div>\n\t\t\t\t\t\t<div class=\"elementor-icon-box-content\">\n\t\t\t\t<h3 class=\"elementor-icon-box-title\">\n\t\t\t\t\t<span  >\n\t\t\t\t\t\tPompe \u00e0 chaleur air\/eau Full Inverter Monobloc\t\t\t\t\t<\/span>\n\t\t\t\t<\/h3>\n\t\t\t\t\t\t\t\t\t<p class=\"elementor-icon-box-description\">\n\t\t\t\t\t\thaut rendement, super compact pour une installation en ext\u00e9rieur.\t\t\t\t\t<\/p>\n\t\t\t\t\t\t\t<\/div>\n\t\t<\/div>\n\t\t\t\t<\/div>\n\t\t\t\t<\/div>\n\t\t\t\t<div class=\"elementor-element elementor-element-5823da1 elementor-position-left elementor-view-default elementor-mobile-position-top elementor-vertical-align-top elementor-widget elementor-widget-icon-box\" data-id=\"5823da1\" data-element_type=\"widget\" data-widget_type=\"icon-box.default\">\n\t\t\t\t<div class=\"elementor-widget-container\">\n\t\t\t\t\t<div class=\"elementor-icon-box-wrapper\">\n\t\t\t\t\t\t<div class=\"elementor-icon-box-icon\">\n\t\t\t\t<span  class=\"elementor-icon elementor-animation-\">\n\t\t\t\t<i aria-hidden=\"true\" class=\"fas fa-circle\"><\/i>\t\t\t\t<\/span>\n\t\t\t<\/div>\n\t\t\t\t\t\t<div class=\"elementor-icon-box-content\">\n\t\t\t\t<h3 class=\"elementor-icon-box-title\">\n\t\t\t\t\t<span  >\n\t\t\t\t\t\tChaudi\u00e8re murale \u00e0 condensation - 24 \/ 32 kW\t\t\t\t\t<\/span>\n\t\t\t\t<\/h3>\n\t\t\t\t\t\t\t\t\t<p class=\"elementor-icon-box-description\">\n\t\t\t\t\t\tavec \u00e9changeur en aluminium ultra plat, br\u00fbleur modulant \u00e0 pr\u00e9-m\u00e9lange total.\n\t\t\t\t\t<\/p>\n\t\t\t\t\t\t\t<\/div>\n\t\t<\/div>\n\t\t\t\t<\/div>\n\t\t\t\t<\/div>\n\t\t\t\t<div class=\"elementor-element elementor-element-b06eb05 elementor-position-left elementor-view-default elementor-mobile-position-top elementor-vertical-align-top elementor-widget elementor-widget-icon-box\" data-id=\"b06eb05\" data-element_type=\"widget\" data-widget_type=\"icon-box.default\">\n\t\t\t\t<div class=\"elementor-widget-container\">\n\t\t\t\t\t<div class=\"elementor-icon-box-wrapper\">\n\t\t\t\t\t\t<div class=\"elementor-icon-box-icon\">\n\t\t\t\t<span  class=\"elementor-icon elementor-animation-\">\n\t\t\t\t<i aria-hidden=\"true\" class=\"fas fa-circle\"><\/i>\t\t\t\t<\/span>\n\t\t\t<\/div>\n\t\t\t\t\t\t<div class=\"elementor-icon-box-content\">\n\t\t\t\t<h3 class=\"elementor-icon-box-title\">\n\t\t\t\t\t<span  >\n\t\t\t\t\t\tChauffe-eau solaire vertical en acier inoxydable 316L\t\t\t\t\t<\/span>\n\t\t\t\t<\/h3>\n\t\t\t\t\t\t\t\t\t<p class=\"elementor-icon-box-description\">\n\t\t\t\t\t\t\u00e0 haute stratification, capacit\u00e9 de 150 litres, pour la production d'eau chaude sanitaire \u00e9galement avec r\u00e9sistance \u00e9lectrique (en option).\t\t\t\t\t<\/p>\n\t\t\t\t\t\t\t<\/div>\n\t\t<\/div>\n\t\t\t\t<\/div>\n\t\t\t\t<\/div>\n\t\t\t\t<div class=\"elementor-element elementor-element-ce9dd9b elementor-position-left elementor-view-default elementor-mobile-position-top elementor-vertical-align-top elementor-widget elementor-widget-icon-box\" data-id=\"ce9dd9b\" data-element_type=\"widget\" data-widget_type=\"icon-box.default\">\n\t\t\t\t<div class=\"elementor-widget-container\">\n\t\t\t\t\t<div class=\"elementor-icon-box-wrapper\">\n\t\t\t\t\t\t<div class=\"elementor-icon-box-icon\">\n\t\t\t\t<span  class=\"elementor-icon elementor-animation-\">\n\t\t\t\t<i aria-hidden=\"true\" class=\"fas fa-circle\"><\/i>\t\t\t\t<\/span>\n\t\t\t<\/div>\n\t\t\t\t\t\t<div class=\"elementor-icon-box-content\">\n\t\t\t\t<h3 class=\"elementor-icon-box-title\">\n\t\t\t\t\t<span  >\n\t\t\t\t\t\tKit Relais \t\t\t\t\t<\/span>\n\t\t\t\t<\/h3>\n\t\t\t\t\t\t\t\t\t<p class=\"elementor-icon-box-description\">\n\t\t\t\t\t\tpour la gestion de la pompe \u00e0 chaleur et de la chaudi\u00e8re en fonction de la temp\u00e9rature ext\u00e9rieure.\n\t\t\t\t\t<\/p>\n\t\t\t\t\t\t\t<\/div>\n\t\t<\/div>\n\t\t\t\t<\/div>\n\t\t\t\t<\/div>\n\t\t\t\t<div class=\"elementor-element elementor-element-e3d7b0a elementor-position-left elementor-view-default elementor-mobile-position-top elementor-vertical-align-top elementor-widget elementor-widget-icon-box\" data-id=\"e3d7b0a\" data-element_type=\"widget\" data-widget_type=\"icon-box.default\">\n\t\t\t\t<div class=\"elementor-widget-container\">\n\t\t\t\t\t<div class=\"elementor-icon-box-wrapper\">\n\t\t\t\t\t\t<div class=\"elementor-icon-box-icon\">\n\t\t\t\t<span  class=\"elementor-icon elementor-animation-\">\n\t\t\t\t<i aria-hidden=\"true\" class=\"fas fa-circle\"><\/i>\t\t\t\t<\/span>\n\t\t\t<\/div>\n\t\t\t\t\t\t<div class=\"elementor-icon-box-content\">\n\t\t\t\t<h3 class=\"elementor-icon-box-title\">\n\t\t\t\t\t<span  >\n\t\t\t\t\t\tKit hydraulique et \u00e9lectrique \t\t\t\t\t<\/span>\n\t\t\t\t<\/h3>\n\t\t\t\t\t\t\t\t\t<p class=\"elementor-icon-box-description\">\n\t\t\t\t\t\tcomprenant une vanne 3 voies avec priorit\u00e9 sanitaire, un ballon tampon de 20 litres pour optimiser la pr\u00e9cision de la modulation de la pompe \u00e0 chaleur, une vanne de d\u00e9rivation \u00e0 m\u00e9lange thermostatique, un vase d'expansion sanitaire de 6 litres, un kit de robinetterie.\t\t\t\t\t<\/p>\n\t\t\t\t\t\t\t<\/div>\n\t\t<\/div>\n\t\t\t\t<\/div>\n\t\t\t\t<\/div>\n\t\t\t\t\t<\/div>\n\t\t<\/div>\n\t\t\t\t\t<\/div>\n\t\t<\/section>\n\t\t\t\t<section class=\"elementor-section elementor-top-section elementor-element elementor-element-bddb5eb elementor-section-stretched elementor-hidden-tablet elementor-hidden-desktop elementor-hidden-mobile elementor-section-boxed elementor-section-height-default elementor-section-height-default\" data-id=\"bddb5eb\" data-element_type=\"section\" data-settings=\"{&quot;stretch_section&quot;:&quot;section-stretched&quot;,&quot;background_background&quot;:&quot;classic&quot;}\">\n\t\t\t\t\t\t<div class=\"elementor-container elementor-column-gap-wider\">\n\t\t\t\t\t<div class=\"elementor-column elementor-col-50 elementor-top-column elementor-element elementor-element-9b753c3 animated-fast elementor-invisible\" data-id=\"9b753c3\" data-element_type=\"column\" data-settings=\"{&quot;animation&quot;:&quot;fadeInUp&quot;,&quot;background_background&quot;:&quot;classic&quot;}\">\n\t\t\t<div class=\"elementor-widget-wrap elementor-element-populated\">\n\t\t\t\t\t\t<div class=\"elementor-element elementor-element-f479b97 elementor-widget elementor-widget-heading\" data-id=\"f479b97\" data-element_type=\"widget\" data-widget_type=\"heading.default\">\n\t\t\t\t<div class=\"elementor-widget-container\">\n\t\t\t<h3 class=\"elementor-heading-title elementor-size-default\">Incentivi Fiscali<\/h3>\t\t<\/div>\n\t\t\t\t<\/div>\n\t\t\t\t<div class=\"elementor-element elementor-element-b3bff1b elementor-widget elementor-widget-text-editor\" data-id=\"b3bff1b\" data-element_type=\"widget\" data-widget_type=\"text-editor.default\">\n\t\t\t\t<div class=\"elementor-widget-container\">\n\t\t\t\t\t\t\t<p>Puoi usufruire dei bonus e degli incentivi fiscali\u00a0 che garantiscono una parte o il pieno rimborso dell&rsquo;importo versato, acquistando uno o pi\u00f9 condizionatori e pompe di calore ad alta efficienza.<\/p>\t\t\t\t\t\t<\/div>\n\t\t\t\t<\/div>\n\t\t\t\t<div class=\"elementor-element elementor-element-2131cec elementor-widget elementor-widget-button\" data-id=\"2131cec\" data-element_type=\"widget\" data-widget_type=\"button.default\">\n\t\t\t\t<div class=\"elementor-widget-container\">\n\t\t\t\t\t<div class=\"elementor-button-wrapper\">\n\t\t\t<a class=\"elementor-button elementor-button-link elementor-size-md\" href=\"https:\/\/mitsuiairconditioner.com\/incentivi-fiscali\/\">\n\t\t\t\t\t\t<span class=\"elementor-button-content-wrapper\">\n\t\t\t\t\t\t<span class=\"elementor-button-text\">Scopri di pi\u00f9<\/span>\n\t\t<\/span>\n\t\t\t\t\t<\/a>\n\t\t<\/div>\n\t\t\t\t<\/div>\n\t\t\t\t<\/div>\n\t\t\t\t\t<\/div>\n\t\t<\/div>\n\t\t\t\t<div class=\"elementor-column elementor-col-50 elementor-top-column elementor-element elementor-element-5428945\" data-id=\"5428945\" data-element_type=\"column\" data-settings=\"{&quot;background_background&quot;:&quot;classic&quot;}\">\n\t\t\t<div class=\"elementor-widget-wrap elementor-element-populated\">\n\t\t\t\t\t\t<div class=\"elementor-element elementor-element-1f195ea elementor-widget elementor-widget-spacer\" data-id=\"1f195ea\" data-element_type=\"widget\" data-widget_type=\"spacer.default\">\n\t\t\t\t<div class=\"elementor-widget-container\">\n\t\t\t\t\t<div class=\"elementor-spacer\">\n\t\t\t<div class=\"elementor-spacer-inner\"><\/div>\n\t\t<\/div>\n\t\t\t\t<\/div>\n\t\t\t\t<\/div>\n\t\t\t\t\t<\/div>\n\t\t<\/div>\n\t\t\t\t\t<\/div>\n\t\t<\/section>\n\t\t\t\t<\/div>\n\t\t","protected":false},"excerpt":{"rendered":"<p>Chauffage\/refroidissement de l&rsquo;eau chaude sanitaire Syst\u00e8me int\u00e9gr\u00e9 complet avec : chaudi\u00e8re murale combin\u00e9e \u00e0 condensation et pompe \u00e0 chaleur air-eau. Pour le [&hellip;]<\/p>\n","protected":false},"author":3,"featured_media":0,"parent":0,"menu_order":1,"comment_status":"closed","ping_status":"closed","template":"page-templates\/page_front-page.php","meta":{"_acf_changed":false,"footnotes":""},"folder":[],"class_list":["post-8167","page","type-page","status-publish","hentry"],"acf":[],"yoast_head":"<!-- This site is optimized with the Yoast SEO plugin v21.6 - https:\/\/yoast.com\/wordpress\/plugins\/seo\/ -->\n<title>Syst\u00e8mes hybrides Wall \/ Arm - Mitsui Air Conditioners - Air Conditioners and Heating Pumps<\/title>\n<meta name=\"robots\" content=\"index, follow, max-snippet:-1, max-image-preview:large, max-video-preview:-1\" \/>\n<link rel=\"canonical\" href=\"https:\/\/mitsuiairconditioner.com\/fr\/systemes-hybrides-wall-arm\/\" \/>\n<meta property=\"og:locale\" content=\"fr_FR\" \/>\n<meta property=\"og:type\" content=\"article\" \/>\n<meta property=\"og:title\" content=\"Syst\u00e8mes hybrides Wall \/ Arm - Mitsui Air Conditioners - Air Conditioners and Heating Pumps\" \/>\n<meta property=\"og:description\" content=\"Chauffage\/refroidissement de l&rsquo;eau chaude sanitaire Syst\u00e8me int\u00e9gr\u00e9 complet avec : chaudi\u00e8re murale combin\u00e9e \u00e0 condensation et pompe \u00e0 chaleur air-eau. Pour le [&hellip;]\" \/>\n<meta property=\"og:url\" content=\"https:\/\/mitsuiairconditioner.com\/fr\/systemes-hybrides-wall-arm\/\" \/>\n<meta property=\"og:site_name\" content=\"Mitsui\" \/>\n<meta property=\"article:publisher\" content=\"https:\/\/www.facebook.com\/mitsuiairconditioners\/\" \/>\n<meta property=\"article:modified_time\" content=\"2022-11-14T14:29:52+00:00\" \/>\n<meta property=\"og:image\" content=\"https:\/\/mitsuiairconditioner.com\/wp-content\/uploads\/2022\/09\/sistema-ibrido-wall-arm-1024x903.jpg\" \/>\n<meta name=\"twitter:card\" content=\"summary_large_image\" \/>\n<meta name=\"twitter:label1\" content=\"Dur\u00e9e de lecture estim\u00e9e\" \/>\n\t<meta name=\"twitter:data1\" content=\"2 minutes\" \/>\n<script type=\"application\/ld+json\" class=\"yoast-schema-graph\">{\"@context\":\"https:\/\/schema.org\",\"@graph\":[{\"@type\":\"WebPage\",\"@id\":\"https:\/\/mitsuiairconditioner.com\/fr\/systemes-hybrides-wall-arm\/\",\"url\":\"https:\/\/mitsuiairconditioner.com\/fr\/systemes-hybrides-wall-arm\/\",\"name\":\"Syst\u00e8mes hybrides Wall \/ Arm - Mitsui Air Conditioners - Air Conditioners and Heating Pumps\",\"isPartOf\":{\"@id\":\"https:\/\/mitsuiairconditioner.com\/#website\"},\"datePublished\":\"2022-09-28T09:32:53+00:00\",\"dateModified\":\"2022-11-14T14:29:52+00:00\",\"breadcrumb\":{\"@id\":\"https:\/\/mitsuiairconditioner.com\/fr\/systemes-hybrides-wall-arm\/#breadcrumb\"},\"inLanguage\":\"fr-FR\",\"potentialAction\":[{\"@type\":\"ReadAction\",\"target\":[\"https:\/\/mitsuiairconditioner.com\/fr\/systemes-hybrides-wall-arm\/\"]}]},{\"@type\":\"BreadcrumbList\",\"@id\":\"https:\/\/mitsuiairconditioner.com\/fr\/systemes-hybrides-wall-arm\/#breadcrumb\",\"itemListElement\":[{\"@type\":\"ListItem\",\"position\":1,\"name\":\"Home\",\"item\":\"https:\/\/mitsuiairconditioner.com\/fr\/\"},{\"@type\":\"ListItem\",\"position\":2,\"name\":\"Syst\u00e8mes hybrides Wall \/ Arm\"}]},{\"@type\":\"WebSite\",\"@id\":\"https:\/\/mitsuiairconditioner.com\/#website\",\"url\":\"https:\/\/mitsuiairconditioner.com\/\",\"name\":\"Mitsui\",\"description\":\"Air Conditioners and Heating Pumps\",\"publisher\":{\"@id\":\"https:\/\/mitsuiairconditioner.com\/#organization\"},\"potentialAction\":[{\"@type\":\"SearchAction\",\"target\":{\"@type\":\"EntryPoint\",\"urlTemplate\":\"https:\/\/mitsuiairconditioner.com\/?s={search_term_string}\"},\"query-input\":\"required name=search_term_string\"}],\"inLanguage\":\"fr-FR\"},{\"@type\":\"Organization\",\"@id\":\"https:\/\/mitsuiairconditioner.com\/#organization\",\"name\":\"Mitsui\",\"url\":\"https:\/\/mitsuiairconditioner.com\/\",\"logo\":{\"@type\":\"ImageObject\",\"inLanguage\":\"fr-FR\",\"@id\":\"https:\/\/mitsuiairconditioner.com\/#\/schema\/logo\/image\/\",\"url\":\"https:\/\/mitsuiairconditioner.com\/wp-content\/uploads\/2018\/02\/logo-mitsui.png\",\"contentUrl\":\"https:\/\/mitsuiairconditioner.com\/wp-content\/uploads\/2018\/02\/logo-mitsui.png\",\"width\":317,\"height\":213,\"caption\":\"Mitsui\"},\"image\":{\"@id\":\"https:\/\/mitsuiairconditioner.com\/#\/schema\/logo\/image\/\"},\"sameAs\":[\"https:\/\/www.facebook.com\/mitsuiairconditioners\/\"]}]}<\/script>\n<!-- \/ Yoast SEO plugin. -->","yoast_head_json":{"title":"Syst\u00e8mes hybrides Wall \/ Arm - Mitsui Air Conditioners - Air Conditioners and Heating Pumps","robots":{"index":"index","follow":"follow","max-snippet":"max-snippet:-1","max-image-preview":"max-image-preview:large","max-video-preview":"max-video-preview:-1"},"canonical":"https:\/\/mitsuiairconditioner.com\/fr\/systemes-hybrides-wall-arm\/","og_locale":"fr_FR","og_type":"article","og_title":"Syst\u00e8mes hybrides Wall \/ Arm - Mitsui Air Conditioners - Air Conditioners and Heating Pumps","og_description":"Chauffage\/refroidissement de l&rsquo;eau chaude sanitaire Syst\u00e8me int\u00e9gr\u00e9 complet avec : chaudi\u00e8re murale combin\u00e9e \u00e0 condensation et pompe \u00e0 chaleur air-eau. Pour le [&hellip;]","og_url":"https:\/\/mitsuiairconditioner.com\/fr\/systemes-hybrides-wall-arm\/","og_site_name":"Mitsui","article_publisher":"https:\/\/www.facebook.com\/mitsuiairconditioners\/","article_modified_time":"2022-11-14T14:29:52+00:00","og_image":[{"url":"https:\/\/mitsuiairconditioner.com\/wp-content\/uploads\/2022\/09\/sistema-ibrido-wall-arm-1024x903.jpg"}],"twitter_card":"summary_large_image","twitter_misc":{"Dur\u00e9e de lecture estim\u00e9e":"2 minutes"},"schema":{"@context":"https:\/\/schema.org","@graph":[{"@type":"WebPage","@id":"https:\/\/mitsuiairconditioner.com\/fr\/systemes-hybrides-wall-arm\/","url":"https:\/\/mitsuiairconditioner.com\/fr\/systemes-hybrides-wall-arm\/","name":"Syst\u00e8mes hybrides Wall \/ Arm - Mitsui Air Conditioners - Air Conditioners and Heating Pumps","isPartOf":{"@id":"https:\/\/mitsuiairconditioner.com\/#website"},"datePublished":"2022-09-28T09:32:53+00:00","dateModified":"2022-11-14T14:29:52+00:00","breadcrumb":{"@id":"https:\/\/mitsuiairconditioner.com\/fr\/systemes-hybrides-wall-arm\/#breadcrumb"},"inLanguage":"fr-FR","potentialAction":[{"@type":"ReadAction","target":["https:\/\/mitsuiairconditioner.com\/fr\/systemes-hybrides-wall-arm\/"]}]},{"@type":"BreadcrumbList","@id":"https:\/\/mitsuiairconditioner.com\/fr\/systemes-hybrides-wall-arm\/#breadcrumb","itemListElement":[{"@type":"ListItem","position":1,"name":"Home","item":"https:\/\/mitsuiairconditioner.com\/fr\/"},{"@type":"ListItem","position":2,"name":"Syst\u00e8mes hybrides Wall \/ Arm"}]},{"@type":"WebSite","@id":"https:\/\/mitsuiairconditioner.com\/#website","url":"https:\/\/mitsuiairconditioner.com\/","name":"Mitsui","description":"Air Conditioners and Heating Pumps","publisher":{"@id":"https:\/\/mitsuiairconditioner.com\/#organization"},"potentialAction":[{"@type":"SearchAction","target":{"@type":"EntryPoint","urlTemplate":"https:\/\/mitsuiairconditioner.com\/?s={search_term_string}"},"query-input":"required name=search_term_string"}],"inLanguage":"fr-FR"},{"@type":"Organization","@id":"https:\/\/mitsuiairconditioner.com\/#organization","name":"Mitsui","url":"https:\/\/mitsuiairconditioner.com\/","logo":{"@type":"ImageObject","inLanguage":"fr-FR","@id":"https:\/\/mitsuiairconditioner.com\/#\/schema\/logo\/image\/","url":"https:\/\/mitsuiairconditioner.com\/wp-content\/uploads\/2018\/02\/logo-mitsui.png","contentUrl":"https:\/\/mitsuiairconditioner.com\/wp-content\/uploads\/2018\/02\/logo-mitsui.png","width":317,"height":213,"caption":"Mitsui"},"image":{"@id":"https:\/\/mitsuiairconditioner.com\/#\/schema\/logo\/image\/"},"sameAs":["https:\/\/www.facebook.com\/mitsuiairconditioners\/"]}]}},"_links":{"self":[{"href":"https:\/\/mitsuiairconditioner.com\/fr\/wp-json\/wp\/v2\/pages\/8167","targetHints":{"allow":["GET"]}}],"collection":[{"href":"https:\/\/mitsuiairconditioner.com\/fr\/wp-json\/wp\/v2\/pages"}],"about":[{"href":"https:\/\/mitsuiairconditioner.com\/fr\/wp-json\/wp\/v2\/types\/page"}],"author":[{"embeddable":true,"href":"https:\/\/mitsuiairconditioner.com\/fr\/wp-json\/wp\/v2\/users\/3"}],"replies":[{"embeddable":true,"href":"https:\/\/mitsuiairconditioner.com\/fr\/wp-json\/wp\/v2\/comments?post=8167"}],"version-history":[{"count":10,"href":"https:\/\/mitsuiairconditioner.com\/fr\/wp-json\/wp\/v2\/pages\/8167\/revisions"}],"predecessor-version":[{"id":8302,"href":"https:\/\/mitsuiairconditioner.com\/fr\/wp-json\/wp\/v2\/pages\/8167\/revisions\/8302"}],"wp:attachment":[{"href":"https:\/\/mitsuiairconditioner.com\/fr\/wp-json\/wp\/v2\/media?parent=8167"}],"wp:term":[{"taxonomy":"folder","embeddable":true,"href":"https:\/\/mitsuiairconditioner.com\/fr\/wp-json\/wp\/v2\/folder?post=8167"}],"curies":[{"name":"wp","href":"https:\/\/api.w.org\/{rel}","templated":true}]}}