{"id":7453,"date":"2019-12-20T12:55:58","date_gmt":"2019-12-20T10:55:58","guid":{"rendered":"https:\/\/mitsuiairconditioner.com\/privacy-e-cookie-policy\/"},"modified":"2022-11-17T18:48:44","modified_gmt":"2022-11-17T16:48:44","slug":"privacy-e-cookie-policy","status":"publish","type":"page","link":"https:\/\/mitsuiairconditioner.com\/fr\/privacy-e-cookie-policy\/","title":{"rendered":"Privacy e cookie policy"},"content":{"rendered":"\t\t<div data-elementor-type=\"wp-post\" data-elementor-id=\"7453\" class=\"elementor elementor-7453 elementor-945\" data-elementor-post-type=\"page\">\n\t\t\t\t\t\t<section class=\"elementor-section elementor-top-section elementor-element elementor-element-8461259 elementor-section-content-bottom elementor-section-stretched elementor-section-height-min-height elementor-section-boxed elementor-section-height-default elementor-section-items-middle\" data-id=\"8461259\" data-element_type=\"section\" data-settings=\"{&quot;stretch_section&quot;:&quot;section-stretched&quot;,&quot;background_background&quot;:&quot;classic&quot;}\">\n\t\t\t\t\t\t\t<div class=\"elementor-background-overlay\"><\/div>\n\t\t\t\t\t\t\t<div class=\"elementor-container elementor-column-gap-wide\">\n\t\t\t\t\t<div class=\"elementor-column elementor-col-100 elementor-top-column elementor-element elementor-element-de34137\" data-id=\"de34137\" data-element_type=\"column\">\n\t\t\t<div class=\"elementor-widget-wrap elementor-element-populated\">\n\t\t\t\t\t\t<div class=\"elementor-element elementor-element-e85790c elementor-widget elementor-widget-text-editor\" data-id=\"e85790c\" data-element_type=\"widget\" data-widget_type=\"text-editor.default\">\n\t\t\t\t<div class=\"elementor-widget-container\">\n\t\t\t\t\t\t\t<p><strong>INFORMATIONS SUR LE TRAITEMENT DES DONN\u00c9ES PERSONNELLES des utilisateurs consultant www.mitsuiairconditioner.com conform\u00e9ment \u00e0 l&rsquo;article 13 du r\u00e8glement (UE) 2016\/679.<\/strong><\/p><p><strong>POURQUOI CETTE INFORMATION<\/strong><\/p><p>Conform\u00e9ment au r\u00e8glement (UE) 2016\/679 (ci-apr\u00e8s d\u00e9nomm\u00e9 le \u00a0\u00bb r\u00e8glement \u00ab\u00a0), cette page d\u00e9crit les modalit\u00e9s de traitement des donn\u00e9es personnelles des utilisateurs consultant le site internet accessible par voie \u00e9lectronique \u00e0 l&rsquo;adresse suivante :<\/p><p>&#8211; www.mitsuiairconditioner.com<\/p><p>Ces informations ne concernent pas les autres sites, pages ou services en ligne accessibles par les liens hypertextes \u00e9ventuellement publi\u00e9s sur le site mais renvoyant \u00e0 des ressources ext\u00e9rieures au domaine de AMG SPA.<\/p><p><strong>CONTR\u00d4LEUR DES DONN\u00c9ES<\/strong><\/p><p>Suite \u00e0 la consultation du site, des donn\u00e9es relatives \u00e0 des personnes physiques identifi\u00e9es ou identifiables peuvent \u00eatre trait\u00e9es. Le responsable du traitement des donn\u00e9es est AMG Spa, dont le si\u00e8ge est situ\u00e9 Via delle Arti e dei Mestieri 20, San Vito di Leguzzano (VI) (Email : privacy@amg-spa.com , PEC : amgspa@legalmail.it , standard t\u00e9l\u00e9phonique 0445\/519933).<\/p><p><strong>BASE JURIDIQUE DU TRAITEMENT<\/strong><\/p><p>Les donn\u00e9es personnelles indiqu\u00e9es sur cette page sont trait\u00e9es par le Responsable du traitement dans la mesure o\u00f9 elles sont n\u00e9cessaires \u00e0 la gestion du site et, sur la base d&rsquo;informations sp\u00e9cifiques, et le cas \u00e9ch\u00e9ant sur la base du consentement, pour offrir et ex\u00e9cuter les services propos\u00e9s par le site.<\/p><p><strong>TYPES DE DONN\u00c9ES TRAIT\u00c9ES ET FINALIT\u00c9S DU TRAITEMENT<\/strong><\/p><p><strong>Donn\u00e9es de navigation<\/strong><\/p><p>Les syst\u00e8mes informatiques et les proc\u00e9dures logicielles utilis\u00e9s pour faire fonctionner ce site acqui\u00e8rent, au cours de leur fonctionnement normal, certaines donn\u00e9es personnelles dont la transmission est implicite dans l&rsquo;utilisation des protocoles de communication Internet. Cette cat\u00e9gorie de donn\u00e9es comprend les adresses IP ou les noms de domaine des ordinateurs et des terminaux utilis\u00e9s par les utilisateurs, les adresses de notation URI\/URL (Uniform Resource Identifier\/Locator) des ressources demand\u00e9es, l&rsquo;heure de la demande, la m\u00e9thode utilis\u00e9e pour soumettre la demande au serveur, la taille du fichier obtenu en r\u00e9ponse, le code num\u00e9rique indiquant l&rsquo;\u00e9tat de la r\u00e9ponse donn\u00e9e par le serveur (succ\u00e8s, erreur, etc.) et d&rsquo;autres param\u00e8tres relatifs au syst\u00e8me d&rsquo;exploitation et \u00e0 l&rsquo;environnement informatique de l&rsquo;utilisateur. Ces donn\u00e9es, n\u00e9cessaires \u00e0 l&rsquo;utilisation des services web, sont \u00e9galement trait\u00e9es afin de<\/p><p>&#8211; obtenir des informations statistiques sur l&rsquo;utilisation des services (pages les plus visit\u00e9es, nombre de visiteurs par tranche horaire ou par jour, zones g\u00e9ographiques d&rsquo;origine, etc.)<\/p><p>&#8211; v\u00e9rifier le bon fonctionnement des services offerts.<\/p><p>Les donn\u00e9es de navigation ne persistent pas plus longtemps que n\u00e9cessaire pour garantir le fonctionnement du site et sont supprim\u00e9es imm\u00e9diatement apr\u00e8s leur agr\u00e9gation (sauf en cas de n\u00e9cessit\u00e9 de constatation de d\u00e9lits par les autorit\u00e9s judiciaires).<\/p><p><strong>Donn\u00e9es communiqu\u00e9es par l&rsquo;utilisateur<\/strong><\/p><p>L&rsquo;envoi facultatif, explicite et volontaire de messages aux adresses de contact, ainsi que le remplissage et la transmission des formulaires du site, entra\u00eenent l&rsquo;acquisition des donn\u00e9es de contact de l&rsquo;exp\u00e9diteur, n\u00e9cessaires pour r\u00e9pondre, ainsi que de toutes les donn\u00e9es personnelles incluses dans les communications. Des informations sp\u00e9cifiques seront publi\u00e9es sur les pages mises en place pour la fourniture de certains services.<\/p><p><strong>Cookies et autres syst\u00e8mes de suivi<\/strong><\/p><p>Veuillez consulter la politique en mati\u00e8re de cookies.<\/p><p><strong>Informations sur le traitement des donn\u00e9es personnelles effectu\u00e9 par Social<\/strong><\/p><p>Plateformes m\u00e9diatiques utilis\u00e9es par le contr\u00f4leur<\/p><p>En ce qui concerne le traitement des donn\u00e9es personnelles effectu\u00e9 par les op\u00e9rateurs des plateformes de m\u00e9dias sociaux utilis\u00e9es par le Contr\u00f4leur, veuillez vous r\u00e9f\u00e9rer aux informations fournies par ces derniers \u00e0 travers leurs politiques de confidentialit\u00e9 respectives. Le site<\/p><p>Le Propri\u00e9taire traite les donn\u00e9es personnelles fournies par les utilisateurs \u00e0 travers les pages des plateformes de m\u00e9dias sociaux d\u00e9di\u00e9es dans le cadre de ses objectifs commerciaux, exclusivement pour g\u00e9rer les interactions avec les utilisateurs (commentaires, messages publics, etc.) et dans le respect de la r\u00e9glementation en vigueur.<\/p><p><strong>Service de messagerie instantan\u00e9e<\/strong><\/p><p>Pour le service de messagerie instantan\u00e9e, le fournisseur WhatsApp LLC est utilis\u00e9, veuillez lire la politique de confidentialit\u00e9 sur le lien suivant :<\/p><p>https:\/\/faq.whatsapp.com\/482775927208796\/?helpref=hc_fnav . Dans ce contexte, le Responsable du traitement traitera les donn\u00e9es \u00e0 des fins pr\u00e9contractuelles et\/ou contractuelles pendant le temps n\u00e9cessaire au traitement de la demande.<\/p><p><strong>LES DESTINATAIRES DES DONN\u00c9ES<\/strong><\/p><p>Les destinataires des donn\u00e9es recueillies suite \u00e0 la consultation des sites \u00e9num\u00e9r\u00e9s ci-dessus peuvent \u00eatre les sujets d\u00e9sign\u00e9s, aux termes de l&rsquo;article 28 du r\u00e8glement, comme responsables du traitement des donn\u00e9es, pour l&rsquo;ex\u00e9cution des services de d\u00e9veloppement, de fourniture et de gestion op\u00e9rationnelle des plateformes technologiques utilis\u00e9es. Les donn\u00e9es personnelles collect\u00e9es sont \u00e9galement trait\u00e9es par le personnel du Contr\u00f4leur des donn\u00e9es, qui agit sur la base d&rsquo;instructions sp\u00e9cifiques fournies en ce qui concerne les objectifs et les m\u00e9thodes de traitement.<\/p><p><strong>DROITS DES PERSONNES CONCERN\u00c9ES<\/strong><\/p><p>Les personnes concern\u00e9es ont le droit d&rsquo;obtenir, dans les cas pr\u00e9vus, l&rsquo;acc\u00e8s \u00e0 leurs donn\u00e9es personnelles et la rectification ou l&rsquo;effacement de celles-ci ou la limitation du traitement les concernant ou de s&rsquo;opposer au traitement (art. 15 et suivants du r\u00e8glement). La demande appropri\u00e9e peut \u00eatre soumise aux contacts indiqu\u00e9s ci-dessus<\/p><p><strong>DROIT DE PLAINTE<\/strong><\/p><p>Les personnes concern\u00e9es qui consid\u00e8rent que le traitement des donn\u00e9es \u00e0 caract\u00e8re personnel les concernant effectu\u00e9 par le biais de ce site web est contraire aux dispositions du r\u00e8glement ont le droit d&rsquo;introduire une plainte aupr\u00e8s du Garante, comme le pr\u00e9voit l&rsquo;article 77 du r\u00e8glement lui-m\u00eame, ou d&rsquo;engager une action en justice (article 79 du r\u00e8glement).<\/p>\t\t\t\t\t\t<\/div>\n\t\t\t\t<\/div>\n\t\t\t\t\t<\/div>\n\t\t<\/div>\n\t\t\t\t\t<\/div>\n\t\t<\/section>\n\t\t\t\t<section class=\"elementor-section elementor-top-section elementor-element elementor-element-66e2abe elementor-section-boxed elementor-section-height-default elementor-section-height-default\" data-id=\"66e2abe\" data-element_type=\"section\">\n\t\t\t\t\t\t<div class=\"elementor-container elementor-column-gap-default\">\n\t\t\t\t\t<div class=\"elementor-column elementor-col-100 elementor-top-column elementor-element elementor-element-412b329\" data-id=\"412b329\" data-element_type=\"column\">\n\t\t\t<div class=\"elementor-widget-wrap elementor-element-populated\">\n\t\t\t\t\t\t<div class=\"elementor-element elementor-element-3d6ff3a elementor-widget elementor-widget-spacer\" data-id=\"3d6ff3a\" data-element_type=\"widget\" data-widget_type=\"spacer.default\">\n\t\t\t\t<div class=\"elementor-widget-container\">\n\t\t\t\t\t<div class=\"elementor-spacer\">\n\t\t\t<div class=\"elementor-spacer-inner\"><\/div>\n\t\t<\/div>\n\t\t\t\t<\/div>\n\t\t\t\t<\/div>\n\t\t\t\t\t<\/div>\n\t\t<\/div>\n\t\t\t\t\t<\/div>\n\t\t<\/section>\n\t\t\t\t<\/div>\n\t\t","protected":false},"excerpt":{"rendered":"<p>INFORMATIONS SUR LE TRAITEMENT DES DONN\u00c9ES PERSONNELLES des utilisateurs consultant www.mitsuiairconditioner.com conform\u00e9ment \u00e0 l&rsquo;article 13 du r\u00e8glement (UE) 2016\/679. POURQUOI CETTE INFORMATION [&hellip;]<\/p>\n","protected":false},"author":1,"featured_media":0,"parent":0,"menu_order":6,"comment_status":"closed","ping_status":"closed","template":"elementor_header_footer","meta":{"_acf_changed":false,"footnotes":""},"folder":[],"class_list":["post-7453","page","type-page","status-publish","hentry"],"acf":[],"yoast_head":"<!-- This site is optimized with the Yoast SEO plugin v21.6 - https:\/\/yoast.com\/wordpress\/plugins\/seo\/ -->\n<title>Privacy e cookie policy - Mitsui Air Conditioners - Air Conditioners and Heating Pumps<\/title>\n<meta name=\"robots\" content=\"index, follow, max-snippet:-1, max-image-preview:large, max-video-preview:-1\" \/>\n<link rel=\"canonical\" href=\"https:\/\/mitsuiairconditioner.com\/fr\/privacy-e-cookie-policy\/\" \/>\n<meta property=\"og:locale\" content=\"fr_FR\" \/>\n<meta property=\"og:type\" content=\"article\" \/>\n<meta property=\"og:title\" content=\"Privacy e cookie policy - Mitsui Air Conditioners - Air Conditioners and Heating Pumps\" \/>\n<meta property=\"og:description\" content=\"INFORMATIONS SUR LE TRAITEMENT DES DONN\u00c9ES PERSONNELLES des utilisateurs consultant www.mitsuiairconditioner.com conform\u00e9ment \u00e0 l&rsquo;article 13 du r\u00e8glement (UE) 2016\/679. POURQUOI CETTE INFORMATION [&hellip;]\" \/>\n<meta property=\"og:url\" content=\"https:\/\/mitsuiairconditioner.com\/fr\/privacy-e-cookie-policy\/\" \/>\n<meta property=\"og:site_name\" content=\"Mitsui\" \/>\n<meta property=\"article:publisher\" content=\"https:\/\/www.facebook.com\/mitsuiairconditioners\/\" \/>\n<meta property=\"article:modified_time\" content=\"2022-11-17T16:48:44+00:00\" \/>\n<meta name=\"twitter:card\" content=\"summary_large_image\" \/>\n<meta name=\"twitter:label1\" content=\"Dur\u00e9e de lecture estim\u00e9e\" \/>\n\t<meta name=\"twitter:data1\" content=\"5 minutes\" \/>\n<script type=\"application\/ld+json\" class=\"yoast-schema-graph\">{\"@context\":\"https:\/\/schema.org\",\"@graph\":[{\"@type\":\"WebPage\",\"@id\":\"https:\/\/mitsuiairconditioner.com\/fr\/privacy-e-cookie-policy\/\",\"url\":\"https:\/\/mitsuiairconditioner.com\/fr\/privacy-e-cookie-policy\/\",\"name\":\"Privacy e cookie policy - Mitsui Air Conditioners - Air Conditioners and Heating Pumps\",\"isPartOf\":{\"@id\":\"https:\/\/mitsuiairconditioner.com\/#website\"},\"datePublished\":\"2019-12-20T10:55:58+00:00\",\"dateModified\":\"2022-11-17T16:48:44+00:00\",\"breadcrumb\":{\"@id\":\"https:\/\/mitsuiairconditioner.com\/fr\/privacy-e-cookie-policy\/#breadcrumb\"},\"inLanguage\":\"fr-FR\",\"potentialAction\":[{\"@type\":\"ReadAction\",\"target\":[\"https:\/\/mitsuiairconditioner.com\/fr\/privacy-e-cookie-policy\/\"]}]},{\"@type\":\"BreadcrumbList\",\"@id\":\"https:\/\/mitsuiairconditioner.com\/fr\/privacy-e-cookie-policy\/#breadcrumb\",\"itemListElement\":[{\"@type\":\"ListItem\",\"position\":1,\"name\":\"Home\",\"item\":\"https:\/\/mitsuiairconditioner.com\/fr\/\"},{\"@type\":\"ListItem\",\"position\":2,\"name\":\"Privacy e cookie policy\"}]},{\"@type\":\"WebSite\",\"@id\":\"https:\/\/mitsuiairconditioner.com\/#website\",\"url\":\"https:\/\/mitsuiairconditioner.com\/\",\"name\":\"Mitsui\",\"description\":\"Air Conditioners and Heating Pumps\",\"publisher\":{\"@id\":\"https:\/\/mitsuiairconditioner.com\/#organization\"},\"potentialAction\":[{\"@type\":\"SearchAction\",\"target\":{\"@type\":\"EntryPoint\",\"urlTemplate\":\"https:\/\/mitsuiairconditioner.com\/?s={search_term_string}\"},\"query-input\":\"required name=search_term_string\"}],\"inLanguage\":\"fr-FR\"},{\"@type\":\"Organization\",\"@id\":\"https:\/\/mitsuiairconditioner.com\/#organization\",\"name\":\"Mitsui\",\"url\":\"https:\/\/mitsuiairconditioner.com\/\",\"logo\":{\"@type\":\"ImageObject\",\"inLanguage\":\"fr-FR\",\"@id\":\"https:\/\/mitsuiairconditioner.com\/#\/schema\/logo\/image\/\",\"url\":\"https:\/\/mitsuiairconditioner.com\/wp-content\/uploads\/2018\/02\/logo-mitsui.png\",\"contentUrl\":\"https:\/\/mitsuiairconditioner.com\/wp-content\/uploads\/2018\/02\/logo-mitsui.png\",\"width\":317,\"height\":213,\"caption\":\"Mitsui\"},\"image\":{\"@id\":\"https:\/\/mitsuiairconditioner.com\/#\/schema\/logo\/image\/\"},\"sameAs\":[\"https:\/\/www.facebook.com\/mitsuiairconditioners\/\"]}]}<\/script>\n<!-- \/ Yoast SEO plugin. -->","yoast_head_json":{"title":"Privacy e cookie policy - Mitsui Air Conditioners - Air Conditioners and Heating Pumps","robots":{"index":"index","follow":"follow","max-snippet":"max-snippet:-1","max-image-preview":"max-image-preview:large","max-video-preview":"max-video-preview:-1"},"canonical":"https:\/\/mitsuiairconditioner.com\/fr\/privacy-e-cookie-policy\/","og_locale":"fr_FR","og_type":"article","og_title":"Privacy e cookie policy - Mitsui Air Conditioners - Air Conditioners and Heating Pumps","og_description":"INFORMATIONS SUR LE TRAITEMENT DES DONN\u00c9ES PERSONNELLES des utilisateurs consultant www.mitsuiairconditioner.com conform\u00e9ment \u00e0 l&rsquo;article 13 du r\u00e8glement (UE) 2016\/679. POURQUOI CETTE INFORMATION [&hellip;]","og_url":"https:\/\/mitsuiairconditioner.com\/fr\/privacy-e-cookie-policy\/","og_site_name":"Mitsui","article_publisher":"https:\/\/www.facebook.com\/mitsuiairconditioners\/","article_modified_time":"2022-11-17T16:48:44+00:00","twitter_card":"summary_large_image","twitter_misc":{"Dur\u00e9e de lecture estim\u00e9e":"5 minutes"},"schema":{"@context":"https:\/\/schema.org","@graph":[{"@type":"WebPage","@id":"https:\/\/mitsuiairconditioner.com\/fr\/privacy-e-cookie-policy\/","url":"https:\/\/mitsuiairconditioner.com\/fr\/privacy-e-cookie-policy\/","name":"Privacy e cookie policy - Mitsui Air Conditioners - Air Conditioners and Heating Pumps","isPartOf":{"@id":"https:\/\/mitsuiairconditioner.com\/#website"},"datePublished":"2019-12-20T10:55:58+00:00","dateModified":"2022-11-17T16:48:44+00:00","breadcrumb":{"@id":"https:\/\/mitsuiairconditioner.com\/fr\/privacy-e-cookie-policy\/#breadcrumb"},"inLanguage":"fr-FR","potentialAction":[{"@type":"ReadAction","target":["https:\/\/mitsuiairconditioner.com\/fr\/privacy-e-cookie-policy\/"]}]},{"@type":"BreadcrumbList","@id":"https:\/\/mitsuiairconditioner.com\/fr\/privacy-e-cookie-policy\/#breadcrumb","itemListElement":[{"@type":"ListItem","position":1,"name":"Home","item":"https:\/\/mitsuiairconditioner.com\/fr\/"},{"@type":"ListItem","position":2,"name":"Privacy e cookie policy"}]},{"@type":"WebSite","@id":"https:\/\/mitsuiairconditioner.com\/#website","url":"https:\/\/mitsuiairconditioner.com\/","name":"Mitsui","description":"Air Conditioners and Heating Pumps","publisher":{"@id":"https:\/\/mitsuiairconditioner.com\/#organization"},"potentialAction":[{"@type":"SearchAction","target":{"@type":"EntryPoint","urlTemplate":"https:\/\/mitsuiairconditioner.com\/?s={search_term_string}"},"query-input":"required name=search_term_string"}],"inLanguage":"fr-FR"},{"@type":"Organization","@id":"https:\/\/mitsuiairconditioner.com\/#organization","name":"Mitsui","url":"https:\/\/mitsuiairconditioner.com\/","logo":{"@type":"ImageObject","inLanguage":"fr-FR","@id":"https:\/\/mitsuiairconditioner.com\/#\/schema\/logo\/image\/","url":"https:\/\/mitsuiairconditioner.com\/wp-content\/uploads\/2018\/02\/logo-mitsui.png","contentUrl":"https:\/\/mitsuiairconditioner.com\/wp-content\/uploads\/2018\/02\/logo-mitsui.png","width":317,"height":213,"caption":"Mitsui"},"image":{"@id":"https:\/\/mitsuiairconditioner.com\/#\/schema\/logo\/image\/"},"sameAs":["https:\/\/www.facebook.com\/mitsuiairconditioners\/"]}]}},"_links":{"self":[{"href":"https:\/\/mitsuiairconditioner.com\/fr\/wp-json\/wp\/v2\/pages\/7453","targetHints":{"allow":["GET"]}}],"collection":[{"href":"https:\/\/mitsuiairconditioner.com\/fr\/wp-json\/wp\/v2\/pages"}],"about":[{"href":"https:\/\/mitsuiairconditioner.com\/fr\/wp-json\/wp\/v2\/types\/page"}],"author":[{"embeddable":true,"href":"https:\/\/mitsuiairconditioner.com\/fr\/wp-json\/wp\/v2\/users\/1"}],"replies":[{"embeddable":true,"href":"https:\/\/mitsuiairconditioner.com\/fr\/wp-json\/wp\/v2\/comments?post=7453"}],"version-history":[{"count":6,"href":"https:\/\/mitsuiairconditioner.com\/fr\/wp-json\/wp\/v2\/pages\/7453\/revisions"}],"predecessor-version":[{"id":8483,"href":"https:\/\/mitsuiairconditioner.com\/fr\/wp-json\/wp\/v2\/pages\/7453\/revisions\/8483"}],"wp:attachment":[{"href":"https:\/\/mitsuiairconditioner.com\/fr\/wp-json\/wp\/v2\/media?parent=7453"}],"wp:term":[{"taxonomy":"folder","embeddable":true,"href":"https:\/\/mitsuiairconditioner.com\/fr\/wp-json\/wp\/v2\/folder?post=7453"}],"curies":[{"name":"wp","href":"https:\/\/api.w.org\/{rel}","templated":true}]}}