{"id":6803,"date":"2018-03-13T08:53:32","date_gmt":"2018-03-13T06:53:32","guid":{"rendered":"https:\/\/mitsuiairconditioner.com\/schede-tecniche\/"},"modified":"2025-03-24T15:48:46","modified_gmt":"2025-03-24T13:48:46","slug":"fiches-techniques","status":"publish","type":"page","link":"https:\/\/mitsuiairconditioner.com\/fr\/fiches-techniques\/","title":{"rendered":"Fiches techniques"},"content":{"rendered":"\t\t<div data-elementor-type=\"wp-post\" data-elementor-id=\"6803\" class=\"elementor elementor-6803 elementor-171\" data-elementor-post-type=\"page\">\n\t\t\t\t\t\t<section class=\"elementor-section elementor-top-section elementor-element elementor-element-8461259 elementor-section-stretched elementor-section-height-min-height elementor-section-boxed elementor-section-height-default elementor-section-items-middle\" data-id=\"8461259\" data-element_type=\"section\" data-settings=\"{&quot;stretch_section&quot;:&quot;section-stretched&quot;,&quot;background_background&quot;:&quot;classic&quot;}\">\n\t\t\t\t\t\t<div class=\"elementor-container elementor-column-gap-custom\">\n\t\t\t\t\t<div class=\"elementor-column elementor-col-33 elementor-top-column elementor-element elementor-element-10f5198\" data-id=\"10f5198\" data-element_type=\"column\">\n\t\t\t<div class=\"elementor-widget-wrap elementor-element-populated\">\n\t\t\t\t\t\t<div class=\"elementor-element elementor-element-7e90503 elementor-widget elementor-widget-image\" data-id=\"7e90503\" data-element_type=\"widget\" data-widget_type=\"image.default\">\n\t\t\t\t<div class=\"elementor-widget-container\">\n\t\t\t\t\t\t\t\t\t\t\t\t\t\t<a href=\"https:\/\/drive.google.com\/file\/d\/1ERp0_QrATzsPem7STKSWVezkN7Tsvg6I\/view?usp=drive_link\" target=\"_blank\">\n\t\t\t\t\t\t\t<img fetchpriority=\"high\" decoding=\"async\" width=\"211\" height=\"300\" src=\"https:\/\/mitsuiairconditioner.com\/wp-content\/uploads\/2025\/03\/Copertina-Catalogo-Clima_FR-211x300.png\" class=\"attachment-medium size-medium wp-image-10588\" alt=\"\" srcset=\"https:\/\/mitsuiairconditioner.com\/wp-content\/uploads\/2025\/03\/Copertina-Catalogo-Clima_FR-211x300.png 211w, https:\/\/mitsuiairconditioner.com\/wp-content\/uploads\/2025\/03\/Copertina-Catalogo-Clima_FR-721x1024.png 721w, https:\/\/mitsuiairconditioner.com\/wp-content\/uploads\/2025\/03\/Copertina-Catalogo-Clima_FR-768x1091.png 768w, https:\/\/mitsuiairconditioner.com\/wp-content\/uploads\/2025\/03\/Copertina-Catalogo-Clima_FR-1082x1536.png 1082w, https:\/\/mitsuiairconditioner.com\/wp-content\/uploads\/2025\/03\/Copertina-Catalogo-Clima_FR-1000x1420.png 1000w, https:\/\/mitsuiairconditioner.com\/wp-content\/uploads\/2025\/03\/Copertina-Catalogo-Clima_FR-230x327.png 230w, https:\/\/mitsuiairconditioner.com\/wp-content\/uploads\/2025\/03\/Copertina-Catalogo-Clima_FR-350x497.png 350w, https:\/\/mitsuiairconditioner.com\/wp-content\/uploads\/2025\/03\/Copertina-Catalogo-Clima_FR-480x682.png 480w, https:\/\/mitsuiairconditioner.com\/wp-content\/uploads\/2025\/03\/Copertina-Catalogo-Clima_FR.png 1114w\" sizes=\"(max-width: 211px) 100vw, 211px\" \/>\t\t\t\t\t\t\t\t<\/a>\n\t\t\t\t\t\t\t\t\t\t\t\t\t<\/div>\n\t\t\t\t<\/div>\n\t\t\t\t<div class=\"elementor-element elementor-element-b772dde elementor-widget elementor-widget-heading\" data-id=\"b772dde\" data-element_type=\"widget\" data-widget_type=\"heading.default\">\n\t\t\t\t<div class=\"elementor-widget-container\">\n\t\t\t<h3 class=\"elementor-heading-title elementor-size-default\">Fiches techniques <br>des climatiseurs<\/h3>\t\t<\/div>\n\t\t\t\t<\/div>\n\t\t\t\t\t<\/div>\n\t\t<\/div>\n\t\t\t\t<div class=\"elementor-column elementor-col-33 elementor-top-column elementor-element elementor-element-002664a\" data-id=\"002664a\" data-element_type=\"column\">\n\t\t\t<div class=\"elementor-widget-wrap elementor-element-populated\">\n\t\t\t\t\t\t<div class=\"elementor-element elementor-element-791dba4 elementor-widget elementor-widget-image\" data-id=\"791dba4\" data-element_type=\"widget\" data-widget_type=\"image.default\">\n\t\t\t\t<div class=\"elementor-widget-container\">\n\t\t\t\t\t\t\t\t\t\t\t\t\t\t<a href=\"https:\/\/drive.google.com\/file\/d\/1w23ieXpbwWkLYoZbYUwJHwj1l4TS9Rmv\/view?usp=drive_link\" target=\"_blank\">\n\t\t\t\t\t\t\t<img decoding=\"async\" width=\"212\" height=\"300\" src=\"https:\/\/mitsuiairconditioner.com\/wp-content\/uploads\/2025\/03\/Copertina-Catalogo-PdC_FR-212x300.png\" class=\"attachment-medium size-medium wp-image-10613\" alt=\"\" srcset=\"https:\/\/mitsuiairconditioner.com\/wp-content\/uploads\/2025\/03\/Copertina-Catalogo-PdC_FR-212x300.png 212w, https:\/\/mitsuiairconditioner.com\/wp-content\/uploads\/2025\/03\/Copertina-Catalogo-PdC_FR-722x1024.png 722w, https:\/\/mitsuiairconditioner.com\/wp-content\/uploads\/2025\/03\/Copertina-Catalogo-PdC_FR-768x1089.png 768w, https:\/\/mitsuiairconditioner.com\/wp-content\/uploads\/2025\/03\/Copertina-Catalogo-PdC_FR-1084x1536.png 1084w, https:\/\/mitsuiairconditioner.com\/wp-content\/uploads\/2025\/03\/Copertina-Catalogo-PdC_FR-1000x1418.png 1000w, https:\/\/mitsuiairconditioner.com\/wp-content\/uploads\/2025\/03\/Copertina-Catalogo-PdC_FR-230x326.png 230w, https:\/\/mitsuiairconditioner.com\/wp-content\/uploads\/2025\/03\/Copertina-Catalogo-PdC_FR-350x496.png 350w, https:\/\/mitsuiairconditioner.com\/wp-content\/uploads\/2025\/03\/Copertina-Catalogo-PdC_FR-480x680.png 480w, https:\/\/mitsuiairconditioner.com\/wp-content\/uploads\/2025\/03\/Copertina-Catalogo-PdC_FR.png 1116w\" sizes=\"(max-width: 212px) 100vw, 212px\" \/>\t\t\t\t\t\t\t\t<\/a>\n\t\t\t\t\t\t\t\t\t\t\t\t\t<\/div>\n\t\t\t\t<\/div>\n\t\t\t\t<div class=\"elementor-element elementor-element-99e05fc elementor-widget elementor-widget-heading\" data-id=\"99e05fc\" data-element_type=\"widget\" data-widget_type=\"heading.default\">\n\t\t\t\t<div class=\"elementor-widget-container\">\n\t\t\t<h3 class=\"elementor-heading-title elementor-size-default\">Fiches techniques des pompes \u00e0 chaleur<\/h3>\t\t<\/div>\n\t\t\t\t<\/div>\n\t\t\t\t\t<\/div>\n\t\t<\/div>\n\t\t\t\t<div class=\"elementor-column elementor-col-33 elementor-top-column elementor-element elementor-element-3fd5f3f\" data-id=\"3fd5f3f\" data-element_type=\"column\">\n\t\t\t<div class=\"elementor-widget-wrap elementor-element-populated\">\n\t\t\t\t\t\t<div class=\"elementor-element elementor-element-4aac76a elementor-widget elementor-widget-image\" data-id=\"4aac76a\" data-element_type=\"widget\" data-widget_type=\"image.default\">\n\t\t\t\t<div class=\"elementor-widget-container\">\n\t\t\t\t\t\t\t\t\t\t\t\t\t\t<a href=\"https:\/\/drive.google.com\/file\/d\/1BTW-fmG7f3zNdwLncJMnN8hZ_Cz8pyOq\/view?usp=drive_link\" target=\"_blank\">\n\t\t\t\t\t\t\t<img decoding=\"async\" width=\"213\" height=\"300\" src=\"https:\/\/mitsuiairconditioner.com\/wp-content\/uploads\/2025\/01\/multiflex-FR-213x300.png\" class=\"attachment-medium size-medium wp-image-10364\" alt=\"\" srcset=\"https:\/\/mitsuiairconditioner.com\/wp-content\/uploads\/2025\/01\/multiflex-FR-213x300.png 213w, https:\/\/mitsuiairconditioner.com\/wp-content\/uploads\/2025\/01\/multiflex-FR-727x1024.png 727w, https:\/\/mitsuiairconditioner.com\/wp-content\/uploads\/2025\/01\/multiflex-FR-768x1081.png 768w, https:\/\/mitsuiairconditioner.com\/wp-content\/uploads\/2025\/01\/multiflex-FR-1091x1536.png 1091w, https:\/\/mitsuiairconditioner.com\/wp-content\/uploads\/2025\/01\/multiflex-FR-1455x2048.png 1455w, https:\/\/mitsuiairconditioner.com\/wp-content\/uploads\/2025\/01\/multiflex-FR-1000x1408.png 1000w, https:\/\/mitsuiairconditioner.com\/wp-content\/uploads\/2025\/01\/multiflex-FR-230x324.png 230w, https:\/\/mitsuiairconditioner.com\/wp-content\/uploads\/2025\/01\/multiflex-FR-350x493.png 350w, https:\/\/mitsuiairconditioner.com\/wp-content\/uploads\/2025\/01\/multiflex-FR-480x676.png 480w, https:\/\/mitsuiairconditioner.com\/wp-content\/uploads\/2025\/01\/multiflex-FR.png 1608w\" sizes=\"(max-width: 213px) 100vw, 213px\" \/>\t\t\t\t\t\t\t\t<\/a>\n\t\t\t\t\t\t\t\t\t\t\t\t\t<\/div>\n\t\t\t\t<\/div>\n\t\t\t\t<div class=\"elementor-element elementor-element-9f78a3d elementor-widget elementor-widget-heading\" data-id=\"9f78a3d\" data-element_type=\"widget\" data-widget_type=\"heading.default\">\n\t\t\t\t<div class=\"elementor-widget-container\">\n\t\t\t<h3 class=\"elementor-heading-title elementor-size-default\">Livre Syst\u00e8me <br>Multiflex<\/h3>\t\t<\/div>\n\t\t\t\t<\/div>\n\t\t\t\t\t<\/div>\n\t\t<\/div>\n\t\t\t\t\t<\/div>\n\t\t<\/section>\n\t\t\t\t<section class=\"elementor-section elementor-top-section elementor-element elementor-element-33f7f0c elementor-section-stretched elementor-section-boxed elementor-section-height-default elementor-section-height-default\" data-id=\"33f7f0c\" data-element_type=\"section\" data-settings=\"{&quot;stretch_section&quot;:&quot;section-stretched&quot;,&quot;background_background&quot;:&quot;gradient&quot;}\">\n\t\t\t\t\t\t<div class=\"elementor-container elementor-column-gap-default\">\n\t\t\t\t\t<div class=\"elementor-column elementor-col-100 elementor-top-column elementor-element elementor-element-91ee998\" data-id=\"91ee998\" data-element_type=\"column\">\n\t\t\t<div class=\"elementor-widget-wrap elementor-element-populated\">\n\t\t\t\t\t\t<div class=\"elementor-element elementor-element-0fce4fe elementor-widget elementor-widget-heading\" data-id=\"0fce4fe\" data-element_type=\"widget\" data-widget_type=\"heading.default\">\n\t\t\t\t<div class=\"elementor-widget-container\">\n\t\t\t<h3 class=\"elementor-heading-title elementor-size-default\">Voulez-vous \u00eatre notre partenaire ?<\/h3>\t\t<\/div>\n\t\t\t\t<\/div>\n\t\t\t\t<div class=\"elementor-element elementor-element-6bd7443 elementor-widget elementor-widget-heading\" data-id=\"6bd7443\" data-element_type=\"widget\" data-widget_type=\"heading.default\">\n\t\t\t\t<div class=\"elementor-widget-container\">\n\t\t\t<h6 class=\"elementor-heading-title elementor-size-default\">Si vous \u00eates int\u00e9ress\u00e9 par la distribution des produits Mitsui, veuillez remplir notre formulaire d\u00e9di\u00e9 avec toutes vos donn\u00e9es,\nnous vous contacterons d\u00e8s que possible!<\/h6>\t\t<\/div>\n\t\t\t\t<\/div>\n\t\t\t\t<div class=\"elementor-element elementor-element-2b5b40c elementor-align-center elementor-widget elementor-widget-button\" data-id=\"2b5b40c\" data-element_type=\"widget\" data-widget_type=\"button.default\">\n\t\t\t\t<div class=\"elementor-widget-container\">\n\t\t\t\t\t<div class=\"elementor-button-wrapper\">\n\t\t\t<a class=\"elementor-button elementor-button-link elementor-size-md\" href=\"https:\/\/mitsuiairconditioner.com\/fr\/contact\/\">\n\t\t\t\t\t\t<span class=\"elementor-button-content-wrapper\">\n\t\t\t\t\t\t<span class=\"elementor-button-text\">En savoir plus<\/span>\n\t\t<\/span>\n\t\t\t\t\t<\/a>\n\t\t<\/div>\n\t\t\t\t<\/div>\n\t\t\t\t<\/div>\n\t\t\t\t\t<\/div>\n\t\t<\/div>\n\t\t\t\t\t<\/div>\n\t\t<\/section>\n\t\t\t\t<\/div>\n\t\t","protected":false},"excerpt":{"rendered":"<p>Fiches techniques des climatiseurs Fiches techniques des pompes \u00e0 chaleur Livre Syst\u00e8me Multiflex Voulez-vous \u00eatre notre partenaire ? Si vous \u00eates int\u00e9ress\u00e9 [&hellip;]<\/p>\n","protected":false},"author":1,"featured_media":0,"parent":0,"menu_order":6,"comment_status":"closed","ping_status":"closed","template":"elementor_header_footer","meta":{"_acf_changed":false,"footnotes":""},"folder":[],"class_list":["post-6803","page","type-page","status-publish","hentry"],"acf":[],"yoast_head":"<!-- This site is optimized with the Yoast SEO plugin v21.6 - https:\/\/yoast.com\/wordpress\/plugins\/seo\/ -->\n<title>Fiches techniques - Mitsui Air Conditioners - Air Conditioners and Heating Pumps<\/title>\n<meta name=\"robots\" content=\"index, follow, max-snippet:-1, max-image-preview:large, max-video-preview:-1\" \/>\n<link rel=\"canonical\" href=\"https:\/\/mitsuiairconditioner.com\/fr\/fiches-techniques\/\" \/>\n<meta property=\"og:locale\" content=\"fr_FR\" \/>\n<meta property=\"og:type\" content=\"article\" \/>\n<meta property=\"og:title\" content=\"Fiches techniques - Mitsui Air Conditioners - Air Conditioners and Heating Pumps\" \/>\n<meta property=\"og:description\" content=\"Fiches techniques des climatiseurs Fiches techniques des pompes \u00e0 chaleur Livre Syst\u00e8me Multiflex Voulez-vous \u00eatre notre partenaire ? Si vous \u00eates int\u00e9ress\u00e9 [&hellip;]\" \/>\n<meta property=\"og:url\" content=\"https:\/\/mitsuiairconditioner.com\/fr\/fiches-techniques\/\" \/>\n<meta property=\"og:site_name\" content=\"Mitsui\" \/>\n<meta property=\"article:publisher\" content=\"https:\/\/www.facebook.com\/mitsuiairconditioners\/\" \/>\n<meta property=\"article:modified_time\" content=\"2025-03-24T13:48:46+00:00\" \/>\n<meta property=\"og:image\" content=\"https:\/\/mitsuiairconditioner.com\/wp-content\/uploads\/2025\/03\/Copertina-Catalogo-Clima_FR-211x300.png\" \/>\n<meta name=\"twitter:card\" content=\"summary_large_image\" \/>\n<meta name=\"twitter:label1\" content=\"Dur\u00e9e de lecture estim\u00e9e\" \/>\n\t<meta name=\"twitter:data1\" content=\"1 minute\" \/>\n<script type=\"application\/ld+json\" class=\"yoast-schema-graph\">{\"@context\":\"https:\/\/schema.org\",\"@graph\":[{\"@type\":\"WebPage\",\"@id\":\"https:\/\/mitsuiairconditioner.com\/fr\/fiches-techniques\/\",\"url\":\"https:\/\/mitsuiairconditioner.com\/fr\/fiches-techniques\/\",\"name\":\"Fiches techniques - Mitsui Air Conditioners - Air Conditioners and Heating Pumps\",\"isPartOf\":{\"@id\":\"https:\/\/mitsuiairconditioner.com\/#website\"},\"datePublished\":\"2018-03-13T06:53:32+00:00\",\"dateModified\":\"2025-03-24T13:48:46+00:00\",\"breadcrumb\":{\"@id\":\"https:\/\/mitsuiairconditioner.com\/fr\/fiches-techniques\/#breadcrumb\"},\"inLanguage\":\"fr-FR\",\"potentialAction\":[{\"@type\":\"ReadAction\",\"target\":[\"https:\/\/mitsuiairconditioner.com\/fr\/fiches-techniques\/\"]}]},{\"@type\":\"BreadcrumbList\",\"@id\":\"https:\/\/mitsuiairconditioner.com\/fr\/fiches-techniques\/#breadcrumb\",\"itemListElement\":[{\"@type\":\"ListItem\",\"position\":1,\"name\":\"Home\",\"item\":\"https:\/\/mitsuiairconditioner.com\/fr\/\"},{\"@type\":\"ListItem\",\"position\":2,\"name\":\"Fiches techniques\"}]},{\"@type\":\"WebSite\",\"@id\":\"https:\/\/mitsuiairconditioner.com\/#website\",\"url\":\"https:\/\/mitsuiairconditioner.com\/\",\"name\":\"Mitsui\",\"description\":\"Air Conditioners and Heating Pumps\",\"publisher\":{\"@id\":\"https:\/\/mitsuiairconditioner.com\/#organization\"},\"potentialAction\":[{\"@type\":\"SearchAction\",\"target\":{\"@type\":\"EntryPoint\",\"urlTemplate\":\"https:\/\/mitsuiairconditioner.com\/?s={search_term_string}\"},\"query-input\":\"required name=search_term_string\"}],\"inLanguage\":\"fr-FR\"},{\"@type\":\"Organization\",\"@id\":\"https:\/\/mitsuiairconditioner.com\/#organization\",\"name\":\"Mitsui\",\"url\":\"https:\/\/mitsuiairconditioner.com\/\",\"logo\":{\"@type\":\"ImageObject\",\"inLanguage\":\"fr-FR\",\"@id\":\"https:\/\/mitsuiairconditioner.com\/#\/schema\/logo\/image\/\",\"url\":\"https:\/\/mitsuiairconditioner.com\/wp-content\/uploads\/2018\/02\/logo-mitsui.png\",\"contentUrl\":\"https:\/\/mitsuiairconditioner.com\/wp-content\/uploads\/2018\/02\/logo-mitsui.png\",\"width\":317,\"height\":213,\"caption\":\"Mitsui\"},\"image\":{\"@id\":\"https:\/\/mitsuiairconditioner.com\/#\/schema\/logo\/image\/\"},\"sameAs\":[\"https:\/\/www.facebook.com\/mitsuiairconditioners\/\"]}]}<\/script>\n<!-- \/ Yoast SEO plugin. -->","yoast_head_json":{"title":"Fiches techniques - Mitsui Air Conditioners - Air Conditioners and Heating Pumps","robots":{"index":"index","follow":"follow","max-snippet":"max-snippet:-1","max-image-preview":"max-image-preview:large","max-video-preview":"max-video-preview:-1"},"canonical":"https:\/\/mitsuiairconditioner.com\/fr\/fiches-techniques\/","og_locale":"fr_FR","og_type":"article","og_title":"Fiches techniques - Mitsui Air Conditioners - Air Conditioners and Heating Pumps","og_description":"Fiches techniques des climatiseurs Fiches techniques des pompes \u00e0 chaleur Livre Syst\u00e8me Multiflex Voulez-vous \u00eatre notre partenaire ? Si vous \u00eates int\u00e9ress\u00e9 [&hellip;]","og_url":"https:\/\/mitsuiairconditioner.com\/fr\/fiches-techniques\/","og_site_name":"Mitsui","article_publisher":"https:\/\/www.facebook.com\/mitsuiairconditioners\/","article_modified_time":"2025-03-24T13:48:46+00:00","og_image":[{"url":"https:\/\/mitsuiairconditioner.com\/wp-content\/uploads\/2025\/03\/Copertina-Catalogo-Clima_FR-211x300.png"}],"twitter_card":"summary_large_image","twitter_misc":{"Dur\u00e9e de lecture estim\u00e9e":"1 minute"},"schema":{"@context":"https:\/\/schema.org","@graph":[{"@type":"WebPage","@id":"https:\/\/mitsuiairconditioner.com\/fr\/fiches-techniques\/","url":"https:\/\/mitsuiairconditioner.com\/fr\/fiches-techniques\/","name":"Fiches techniques - Mitsui Air Conditioners - Air Conditioners and Heating Pumps","isPartOf":{"@id":"https:\/\/mitsuiairconditioner.com\/#website"},"datePublished":"2018-03-13T06:53:32+00:00","dateModified":"2025-03-24T13:48:46+00:00","breadcrumb":{"@id":"https:\/\/mitsuiairconditioner.com\/fr\/fiches-techniques\/#breadcrumb"},"inLanguage":"fr-FR","potentialAction":[{"@type":"ReadAction","target":["https:\/\/mitsuiairconditioner.com\/fr\/fiches-techniques\/"]}]},{"@type":"BreadcrumbList","@id":"https:\/\/mitsuiairconditioner.com\/fr\/fiches-techniques\/#breadcrumb","itemListElement":[{"@type":"ListItem","position":1,"name":"Home","item":"https:\/\/mitsuiairconditioner.com\/fr\/"},{"@type":"ListItem","position":2,"name":"Fiches techniques"}]},{"@type":"WebSite","@id":"https:\/\/mitsuiairconditioner.com\/#website","url":"https:\/\/mitsuiairconditioner.com\/","name":"Mitsui","description":"Air Conditioners and Heating Pumps","publisher":{"@id":"https:\/\/mitsuiairconditioner.com\/#organization"},"potentialAction":[{"@type":"SearchAction","target":{"@type":"EntryPoint","urlTemplate":"https:\/\/mitsuiairconditioner.com\/?s={search_term_string}"},"query-input":"required name=search_term_string"}],"inLanguage":"fr-FR"},{"@type":"Organization","@id":"https:\/\/mitsuiairconditioner.com\/#organization","name":"Mitsui","url":"https:\/\/mitsuiairconditioner.com\/","logo":{"@type":"ImageObject","inLanguage":"fr-FR","@id":"https:\/\/mitsuiairconditioner.com\/#\/schema\/logo\/image\/","url":"https:\/\/mitsuiairconditioner.com\/wp-content\/uploads\/2018\/02\/logo-mitsui.png","contentUrl":"https:\/\/mitsuiairconditioner.com\/wp-content\/uploads\/2018\/02\/logo-mitsui.png","width":317,"height":213,"caption":"Mitsui"},"image":{"@id":"https:\/\/mitsuiairconditioner.com\/#\/schema\/logo\/image\/"},"sameAs":["https:\/\/www.facebook.com\/mitsuiairconditioners\/"]}]}},"_links":{"self":[{"href":"https:\/\/mitsuiairconditioner.com\/fr\/wp-json\/wp\/v2\/pages\/6803","targetHints":{"allow":["GET"]}}],"collection":[{"href":"https:\/\/mitsuiairconditioner.com\/fr\/wp-json\/wp\/v2\/pages"}],"about":[{"href":"https:\/\/mitsuiairconditioner.com\/fr\/wp-json\/wp\/v2\/types\/page"}],"author":[{"embeddable":true,"href":"https:\/\/mitsuiairconditioner.com\/fr\/wp-json\/wp\/v2\/users\/1"}],"replies":[{"embeddable":true,"href":"https:\/\/mitsuiairconditioner.com\/fr\/wp-json\/wp\/v2\/comments?post=6803"}],"version-history":[{"count":46,"href":"https:\/\/mitsuiairconditioner.com\/fr\/wp-json\/wp\/v2\/pages\/6803\/revisions"}],"predecessor-version":[{"id":10633,"href":"https:\/\/mitsuiairconditioner.com\/fr\/wp-json\/wp\/v2\/pages\/6803\/revisions\/10633"}],"wp:attachment":[{"href":"https:\/\/mitsuiairconditioner.com\/fr\/wp-json\/wp\/v2\/media?parent=6803"}],"wp:term":[{"taxonomy":"folder","embeddable":true,"href":"https:\/\/mitsuiairconditioner.com\/fr\/wp-json\/wp\/v2\/folder?post=6803"}],"curies":[{"name":"wp","href":"https:\/\/api.w.org\/{rel}","templated":true}]}}