{"id":9811,"date":"2024-03-06T16:32:09","date_gmt":"2024-03-06T14:32:09","guid":{"rendered":"https:\/\/mitsuiairconditioner.com\/climatizadores\/"},"modified":"2025-11-13T12:22:25","modified_gmt":"2025-11-13T10:22:25","slug":"climatizadores","status":"publish","type":"page","link":"https:\/\/mitsuiairconditioner.com\/es\/climatizadores\/","title":{"rendered":"Aire acondicionado"},"content":{"rendered":"\t\t<div data-elementor-type=\"wp-page\" data-elementor-id=\"9811\" class=\"elementor elementor-9811 elementor-1588\" data-elementor-post-type=\"page\">\n\t\t\t\t\t\t<section class=\"elementor-section elementor-top-section elementor-element elementor-element-b7c2346 elementor-section-full_width elementor-section-height-default elementor-section-height-default\" data-id=\"b7c2346\" data-element_type=\"section\" data-settings=\"{&quot;background_background&quot;:&quot;classic&quot;}\">\n\t\t\t\t\t\t<div class=\"elementor-container elementor-column-gap-default\">\n\t\t\t\t\t<div class=\"elementor-column elementor-col-100 elementor-top-column elementor-element elementor-element-f283064\" data-id=\"f283064\" data-element_type=\"column\">\n\t\t\t<div class=\"elementor-widget-wrap\">\n\t\t\t\t\t\t\t<\/div>\n\t\t<\/div>\n\t\t\t\t\t<\/div>\n\t\t<\/section>\n\t\t\t\t<section class=\"elementor-section elementor-top-section elementor-element elementor-element-f66a5bc elementor-section-boxed elementor-section-height-default elementor-section-height-default\" data-id=\"f66a5bc\" data-element_type=\"section\" data-settings=\"{&quot;background_background&quot;:&quot;classic&quot;}\">\n\t\t\t\t\t\t<div class=\"elementor-container elementor-column-gap-wide\">\n\t\t\t\t\t<div class=\"elementor-column elementor-col-50 elementor-top-column elementor-element elementor-element-29660a7\" data-id=\"29660a7\" data-element_type=\"column\">\n\t\t\t<div class=\"elementor-widget-wrap elementor-element-populated\">\n\t\t\t\t\t\t<div class=\"elementor-element elementor-element-d83b640 elementor-widget elementor-widget-heading\" data-id=\"d83b640\" data-element_type=\"widget\" data-widget_type=\"heading.default\">\n\t\t\t\t<div class=\"elementor-widget-container\">\n\t\t\t<h1 class=\"elementor-heading-title elementor-size-default\">Aire acondicionado<\/h1>\t\t<\/div>\n\t\t\t\t<\/div>\n\t\t\t\t\t<\/div>\n\t\t<\/div>\n\t\t\t\t<div class=\"elementor-column elementor-col-50 elementor-top-column elementor-element elementor-element-465ffa7\" data-id=\"465ffa7\" data-element_type=\"column\">\n\t\t\t<div class=\"elementor-widget-wrap elementor-element-populated\">\n\t\t\t\t\t\t<div class=\"elementor-element elementor-element-994ff62 elementor-widget elementor-widget-image\" data-id=\"994ff62\" data-element_type=\"widget\" data-widget_type=\"image.default\">\n\t\t\t\t<div class=\"elementor-widget-container\">\n\t\t\t\t\t\t\t\t\t\t\t\t\t\t<a href=\"https:\/\/mitsuiairconditioner.com\/wp-content\/uploads\/2025\/05\/Garanzia-10-anni_Mitsui.pdf\">\n\t\t\t\t\t\t\t<img decoding=\"async\" width=\"300\" height=\"106\" src=\"https:\/\/mitsuiairconditioner.com\/wp-content\/uploads\/2025\/05\/Mitsui-Garanzia-10anni-300x106.png\" class=\"attachment-medium size-medium wp-image-10727\" alt=\"\" srcset=\"https:\/\/mitsuiairconditioner.com\/wp-content\/uploads\/2025\/05\/Mitsui-Garanzia-10anni-300x106.png 300w, https:\/\/mitsuiairconditioner.com\/wp-content\/uploads\/2025\/05\/Mitsui-Garanzia-10anni-1024x363.png 1024w, https:\/\/mitsuiairconditioner.com\/wp-content\/uploads\/2025\/05\/Mitsui-Garanzia-10anni-768x272.png 768w, https:\/\/mitsuiairconditioner.com\/wp-content\/uploads\/2025\/05\/Mitsui-Garanzia-10anni-1000x354.png 1000w, https:\/\/mitsuiairconditioner.com\/wp-content\/uploads\/2025\/05\/Mitsui-Garanzia-10anni-230x81.png 230w, https:\/\/mitsuiairconditioner.com\/wp-content\/uploads\/2025\/05\/Mitsui-Garanzia-10anni-350x124.png 350w, https:\/\/mitsuiairconditioner.com\/wp-content\/uploads\/2025\/05\/Mitsui-Garanzia-10anni-480x170.png 480w, https:\/\/mitsuiairconditioner.com\/wp-content\/uploads\/2025\/05\/Mitsui-Garanzia-10anni.png 1248w\" sizes=\"(max-width: 300px) 100vw, 300px\" \/>\t\t\t\t\t\t\t\t<\/a>\n\t\t\t\t\t\t\t\t\t\t\t\t\t<\/div>\n\t\t\t\t<\/div>\n\t\t\t\t\t<\/div>\n\t\t<\/div>\n\t\t\t\t\t<\/div>\n\t\t<\/section>\n\t\t\t\t<section class=\"elementor-section elementor-top-section elementor-element elementor-element-f03e1b4 elementor-section-boxed elementor-section-height-default elementor-section-height-default\" data-id=\"f03e1b4\" data-element_type=\"section\">\n\t\t\t\t\t\t<div class=\"elementor-container elementor-column-gap-custom\">\n\t\t\t\t\t<div class=\"elementor-column elementor-col-33 elementor-top-column elementor-element elementor-element-c8a11a3\" data-id=\"c8a11a3\" data-element_type=\"column\">\n\t\t\t<div class=\"elementor-widget-wrap elementor-element-populated\">\n\t\t\t\t\t\t<div class=\"elementor-element elementor-element-825bc14 elementor-widget elementor-widget-heading\" data-id=\"825bc14\" data-element_type=\"widget\" data-widget_type=\"heading.default\">\n\t\t\t\t<div class=\"elementor-widget-container\">\n\t\t\t<h2 class=\"elementor-heading-title elementor-size-default\">L\u00ednea Din\u00e1mica Platino<\/h2>\t\t<\/div>\n\t\t\t\t<\/div>\n\t\t\t\t<div class=\"elementor-element elementor-element-b2b695f elementor-widget elementor-widget-spacer\" data-id=\"b2b695f\" data-element_type=\"widget\" data-widget_type=\"spacer.default\">\n\t\t\t\t<div class=\"elementor-widget-container\">\n\t\t\t\t\t<div class=\"elementor-spacer\">\n\t\t\t<div class=\"elementor-spacer-inner\"><\/div>\n\t\t<\/div>\n\t\t\t\t<\/div>\n\t\t\t\t<\/div>\n\t\t\t\t<div class=\"elementor-element elementor-element-31772e0 animated-slow elementor-invisible elementor-widget elementor-widget-image\" data-id=\"31772e0\" data-element_type=\"widget\" data-settings=\"{&quot;_animation&quot;:&quot;fadeIn&quot;}\" data-widget_type=\"image.default\">\n\t\t\t\t<div class=\"elementor-widget-container\">\n\t\t\t\t\t\t\t\t\t\t\t\t\t\t<a href=\"https:\/\/mitsuiairconditioner.com\/es\/?page_id=11348\">\n\t\t\t\t\t\t\t<img fetchpriority=\"high\" decoding=\"async\" width=\"768\" height=\"238\" src=\"https:\/\/mitsuiairconditioner.com\/wp-content\/uploads\/2025\/11\/Progetto-senza-titolo.png\" class=\"elementor-animation-grow attachment-medium_large size-medium_large wp-image-11903\" alt=\"\" srcset=\"https:\/\/mitsuiairconditioner.com\/wp-content\/uploads\/2025\/11\/Progetto-senza-titolo.png 768w, https:\/\/mitsuiairconditioner.com\/wp-content\/uploads\/2025\/11\/Progetto-senza-titolo-300x93.png 300w, https:\/\/mitsuiairconditioner.com\/wp-content\/uploads\/2025\/11\/Progetto-senza-titolo-230x71.png 230w, https:\/\/mitsuiairconditioner.com\/wp-content\/uploads\/2025\/11\/Progetto-senza-titolo-350x108.png 350w, https:\/\/mitsuiairconditioner.com\/wp-content\/uploads\/2025\/11\/Progetto-senza-titolo-480x149.png 480w\" sizes=\"(max-width: 768px) 100vw, 768px\" \/>\t\t\t\t\t\t\t\t<\/a>\n\t\t\t\t\t\t\t\t\t\t\t\t\t<\/div>\n\t\t\t\t<\/div>\n\t\t\t\t<div class=\"elementor-element elementor-element-1305912 elementor-widget elementor-widget-spacer\" data-id=\"1305912\" data-element_type=\"widget\" data-widget_type=\"spacer.default\">\n\t\t\t\t<div class=\"elementor-widget-container\">\n\t\t\t\t\t<div class=\"elementor-spacer\">\n\t\t\t<div class=\"elementor-spacer-inner\"><\/div>\n\t\t<\/div>\n\t\t\t\t<\/div>\n\t\t\t\t<\/div>\n\t\t\t\t\t<\/div>\n\t\t<\/div>\n\t\t\t\t<div class=\"elementor-column elementor-col-33 elementor-top-column elementor-element elementor-element-5a06d55\" data-id=\"5a06d55\" data-element_type=\"column\">\n\t\t\t<div class=\"elementor-widget-wrap elementor-element-populated\">\n\t\t\t\t\t\t<div class=\"elementor-element elementor-element-88013ee elementor-widget elementor-widget-heading\" data-id=\"88013ee\" data-element_type=\"widget\" data-widget_type=\"heading.default\">\n\t\t\t\t<div class=\"elementor-widget-container\">\n\t\t\t<h2 class=\"elementor-heading-title elementor-size-default\">L\u00ednea din\u00e1mica<\/h2>\t\t<\/div>\n\t\t\t\t<\/div>\n\t\t\t\t<div class=\"elementor-element elementor-element-775fd14 elementor-widget elementor-widget-spacer\" data-id=\"775fd14\" data-element_type=\"widget\" data-widget_type=\"spacer.default\">\n\t\t\t\t<div class=\"elementor-widget-container\">\n\t\t\t\t\t<div class=\"elementor-spacer\">\n\t\t\t<div class=\"elementor-spacer-inner\"><\/div>\n\t\t<\/div>\n\t\t\t\t<\/div>\n\t\t\t\t<\/div>\n\t\t\t\t<div class=\"elementor-element elementor-element-ffcc38d animated-slow elementor-invisible elementor-widget elementor-widget-image\" data-id=\"ffcc38d\" data-element_type=\"widget\" data-settings=\"{&quot;_animation&quot;:&quot;fadeIn&quot;}\" data-widget_type=\"image.default\">\n\t\t\t\t<div class=\"elementor-widget-container\">\n\t\t\t\t\t\t\t\t\t\t\t\t\t\t<a href=\"https:\/\/mitsuiairconditioner.com\/es\/mono-split-dynamic-r-evolution\/\">\n\t\t\t\t\t\t\t<img decoding=\"async\" width=\"768\" height=\"238\" src=\"https:\/\/mitsuiairconditioner.com\/wp-content\/uploads\/2023\/11\/climatizzatore-dynamic-revolution-768x238.jpg\" class=\"elementor-animation-grow attachment-medium_large size-medium_large wp-image-9828\" alt=\"\" srcset=\"https:\/\/mitsuiairconditioner.com\/wp-content\/uploads\/2023\/11\/climatizzatore-dynamic-revolution-768x238.jpg 768w, https:\/\/mitsuiairconditioner.com\/wp-content\/uploads\/2023\/11\/climatizzatore-dynamic-revolution-300x93.jpg 300w, https:\/\/mitsuiairconditioner.com\/wp-content\/uploads\/2023\/11\/climatizzatore-dynamic-revolution-1024x317.jpg 1024w, https:\/\/mitsuiairconditioner.com\/wp-content\/uploads\/2023\/11\/climatizzatore-dynamic-revolution-1536x476.jpg 1536w, https:\/\/mitsuiairconditioner.com\/wp-content\/uploads\/2023\/11\/climatizzatore-dynamic-revolution-2048x635.jpg 2048w, https:\/\/mitsuiairconditioner.com\/wp-content\/uploads\/2023\/11\/climatizzatore-dynamic-revolution-1000x310.jpg 1000w, https:\/\/mitsuiairconditioner.com\/wp-content\/uploads\/2023\/11\/climatizzatore-dynamic-revolution-230x71.jpg 230w, https:\/\/mitsuiairconditioner.com\/wp-content\/uploads\/2023\/11\/climatizzatore-dynamic-revolution-350x108.jpg 350w, https:\/\/mitsuiairconditioner.com\/wp-content\/uploads\/2023\/11\/climatizzatore-dynamic-revolution-480x149.jpg 480w\" sizes=\"(max-width: 768px) 100vw, 768px\" \/>\t\t\t\t\t\t\t\t<\/a>\n\t\t\t\t\t\t\t\t\t\t\t\t\t<\/div>\n\t\t\t\t<\/div>\n\t\t\t\t<div class=\"elementor-element elementor-element-915a859 elementor-widget elementor-widget-spacer\" data-id=\"915a859\" data-element_type=\"widget\" data-widget_type=\"spacer.default\">\n\t\t\t\t<div class=\"elementor-widget-container\">\n\t\t\t\t\t<div class=\"elementor-spacer\">\n\t\t\t<div class=\"elementor-spacer-inner\"><\/div>\n\t\t<\/div>\n\t\t\t\t<\/div>\n\t\t\t\t<\/div>\n\t\t\t\t\t<\/div>\n\t\t<\/div>\n\t\t\t\t<div class=\"elementor-column elementor-col-33 elementor-top-column elementor-element elementor-element-9e1b046\" data-id=\"9e1b046\" data-element_type=\"column\">\n\t\t\t<div class=\"elementor-widget-wrap elementor-element-populated\">\n\t\t\t\t\t\t<div class=\"elementor-element elementor-element-0356fed elementor-widget elementor-widget-heading\" data-id=\"0356fed\" data-element_type=\"widget\" data-widget_type=\"heading.default\">\n\t\t\t\t<div class=\"elementor-widget-container\">\n\t\t\t<h2 class=\"elementor-heading-title elementor-size-default\">L\u00ednea de tendencia<\/h2>\t\t<\/div>\n\t\t\t\t<\/div>\n\t\t\t\t<div class=\"elementor-element elementor-element-7a6913c elementor-widget elementor-widget-spacer\" data-id=\"7a6913c\" data-element_type=\"widget\" data-widget_type=\"spacer.default\">\n\t\t\t\t<div class=\"elementor-widget-container\">\n\t\t\t\t\t<div class=\"elementor-spacer\">\n\t\t\t<div class=\"elementor-spacer-inner\"><\/div>\n\t\t<\/div>\n\t\t\t\t<\/div>\n\t\t\t\t<\/div>\n\t\t\t\t<div class=\"elementor-element elementor-element-bfb9a78 animated-slow elementor-invisible elementor-widget elementor-widget-image\" data-id=\"bfb9a78\" data-element_type=\"widget\" data-settings=\"{&quot;_animation&quot;:&quot;fadeIn&quot;}\" data-widget_type=\"image.default\">\n\t\t\t\t<div class=\"elementor-widget-container\">\n\t\t\t\t\t\t\t\t\t\t\t\t\t\t<a href=\"https:\/\/mitsuiairconditioner.com\/mono-split-trend\/\">\n\t\t\t\t\t\t\t<img loading=\"lazy\" decoding=\"async\" width=\"768\" height=\"238\" src=\"https:\/\/mitsuiairconditioner.com\/wp-content\/uploads\/2022\/09\/climatizzatore-trend-768x238.jpg\" class=\"elementor-animation-grow attachment-medium_large size-medium_large wp-image-7071\" alt=\"\" srcset=\"https:\/\/mitsuiairconditioner.com\/wp-content\/uploads\/2022\/09\/climatizzatore-trend-768x238.jpg 768w, https:\/\/mitsuiairconditioner.com\/wp-content\/uploads\/2022\/09\/climatizzatore-trend-300x93.jpg 300w, https:\/\/mitsuiairconditioner.com\/wp-content\/uploads\/2022\/09\/climatizzatore-trend-1024x317.jpg 1024w, https:\/\/mitsuiairconditioner.com\/wp-content\/uploads\/2022\/09\/climatizzatore-trend-1536x476.jpg 1536w, https:\/\/mitsuiairconditioner.com\/wp-content\/uploads\/2022\/09\/climatizzatore-trend-2048x635.jpg 2048w, https:\/\/mitsuiairconditioner.com\/wp-content\/uploads\/2022\/09\/climatizzatore-trend-1000x310.jpg 1000w, https:\/\/mitsuiairconditioner.com\/wp-content\/uploads\/2022\/09\/climatizzatore-trend-230x71.jpg 230w, https:\/\/mitsuiairconditioner.com\/wp-content\/uploads\/2022\/09\/climatizzatore-trend-350x108.jpg 350w, https:\/\/mitsuiairconditioner.com\/wp-content\/uploads\/2022\/09\/climatizzatore-trend-480x149.jpg 480w\" sizes=\"(max-width: 768px) 100vw, 768px\" \/>\t\t\t\t\t\t\t\t<\/a>\n\t\t\t\t\t\t\t\t\t\t\t\t\t<\/div>\n\t\t\t\t<\/div>\n\t\t\t\t<div class=\"elementor-element elementor-element-83c3528 elementor-widget elementor-widget-spacer\" data-id=\"83c3528\" data-element_type=\"widget\" data-widget_type=\"spacer.default\">\n\t\t\t\t<div class=\"elementor-widget-container\">\n\t\t\t\t\t<div class=\"elementor-spacer\">\n\t\t\t<div class=\"elementor-spacer-inner\"><\/div>\n\t\t<\/div>\n\t\t\t\t<\/div>\n\t\t\t\t<\/div>\n\t\t\t\t\t<\/div>\n\t\t<\/div>\n\t\t\t\t\t<\/div>\n\t\t<\/section>\n\t\t\t\t<section class=\"elementor-section elementor-top-section elementor-element elementor-element-67506d8 elementor-section-boxed elementor-section-height-default elementor-section-height-default\" data-id=\"67506d8\" data-element_type=\"section\" data-settings=\"{&quot;background_background&quot;:&quot;classic&quot;}\">\n\t\t\t\t\t\t<div class=\"elementor-container elementor-column-gap-default\">\n\t\t\t\t\t<div class=\"elementor-column elementor-col-100 elementor-top-column elementor-element elementor-element-2555968\" data-id=\"2555968\" data-element_type=\"column\">\n\t\t\t<div class=\"elementor-widget-wrap elementor-element-populated\">\n\t\t\t\t\t\t<div class=\"elementor-element elementor-element-975bf9a elementor-widget elementor-widget-heading\" data-id=\"975bf9a\" data-element_type=\"widget\" data-widget_type=\"heading.default\">\n\t\t\t\t<div class=\"elementor-widget-container\">\n\t\t\t<h3 class=\"elementor-heading-title elementor-size-default\">Energ\u00edas renovables<\/h3>\t\t<\/div>\n\t\t\t\t<\/div>\n\t\t\t\t<div class=\"elementor-element elementor-element-cfdf1ef elementor-widget elementor-widget-image\" data-id=\"cfdf1ef\" data-element_type=\"widget\" data-widget_type=\"image.default\">\n\t\t\t\t<div class=\"elementor-widget-container\">\n\t\t\t\t\t\t\t\t\t\t\t\t\t\t<a href=\"https:\/\/mitsuiairconditioner.com\/wp-content\/uploads\/2022\/07\/energia-per-clima-mitsui.jpg\" data-elementor-open-lightbox=\"yes\" data-elementor-lightbox-title=\"energia-per-clima-mitsui\" data-e-action-hash=\"#elementor-action%3Aaction%3Dlightbox%26settings%3DeyJpZCI6NTkwOCwidXJsIjoiaHR0cHM6XC9cL21pdHN1aWFpcmNvbmRpdGlvbmVyLmNvbVwvd3AtY29udGVudFwvdXBsb2Fkc1wvMjAyMlwvMDdcL2VuZXJnaWEtcGVyLWNsaW1hLW1pdHN1aS5qcGcifQ%3D%3D\">\n\t\t\t\t\t\t\t<img loading=\"lazy\" decoding=\"async\" width=\"2000\" height=\"994\" src=\"https:\/\/mitsuiairconditioner.com\/wp-content\/uploads\/2022\/07\/energia-per-clima-mitsui.jpg\" class=\"attachment-full size-full wp-image-5908\" alt=\"\" srcset=\"https:\/\/mitsuiairconditioner.com\/wp-content\/uploads\/2022\/07\/energia-per-clima-mitsui.jpg 2000w, https:\/\/mitsuiairconditioner.com\/wp-content\/uploads\/2022\/07\/energia-per-clima-mitsui-300x149.jpg 300w, https:\/\/mitsuiairconditioner.com\/wp-content\/uploads\/2022\/07\/energia-per-clima-mitsui-1024x509.jpg 1024w, https:\/\/mitsuiairconditioner.com\/wp-content\/uploads\/2022\/07\/energia-per-clima-mitsui-768x382.jpg 768w, https:\/\/mitsuiairconditioner.com\/wp-content\/uploads\/2022\/07\/energia-per-clima-mitsui-1536x763.jpg 1536w, https:\/\/mitsuiairconditioner.com\/wp-content\/uploads\/2022\/07\/energia-per-clima-mitsui-920x457.jpg 920w, https:\/\/mitsuiairconditioner.com\/wp-content\/uploads\/2022\/07\/energia-per-clima-mitsui-230x114.jpg 230w, https:\/\/mitsuiairconditioner.com\/wp-content\/uploads\/2022\/07\/energia-per-clima-mitsui-350x174.jpg 350w, https:\/\/mitsuiairconditioner.com\/wp-content\/uploads\/2022\/07\/energia-per-clima-mitsui-480x239.jpg 480w\" sizes=\"(max-width: 2000px) 100vw, 2000px\" \/>\t\t\t\t\t\t\t\t<\/a>\n\t\t\t\t\t\t\t\t\t\t\t\t\t<\/div>\n\t\t\t\t<\/div>\n\t\t\t\t\t<\/div>\n\t\t<\/div>\n\t\t\t\t\t<\/div>\n\t\t<\/section>\n\t\t\t\t<\/div>\n\t\t","protected":false},"excerpt":{"rendered":"<p>L\u00ednea Din\u00e1mica Platino L\u00ednea din\u00e1mica L\u00ednea de tendencia Energ\u00edas renovables<\/p>\n","protected":false},"author":3,"featured_media":0,"parent":0,"menu_order":0,"comment_status":"closed","ping_status":"closed","template":"page-templates\/page_front-page.php","meta":{"_acf_changed":false,"footnotes":""},"folder":[],"class_list":["post-9811","page","type-page","status-publish","hentry"],"acf":[],"yoast_head":"<!-- This site is optimized with the Yoast SEO plugin v21.6 - https:\/\/yoast.com\/wordpress\/plugins\/seo\/ -->\n<title>Acondicionadores de aire inverter Mitsui, descubre toda la gama de productos<\/title>\n<meta name=\"description\" content=\"Descubre los climatizadores inverter Mitsui. Venta, instalaci\u00f3n y mantenimiento de nuestros aparatos de aire acondicionado en todos los hogares y oficinas\" \/>\n<meta name=\"robots\" content=\"index, follow, max-snippet:-1, max-image-preview:large, max-video-preview:-1\" \/>\n<link rel=\"canonical\" href=\"https:\/\/mitsuiairconditioner.com\/es\/climatizadores\/\" \/>\n<meta property=\"og:locale\" content=\"es_ES\" \/>\n<meta property=\"og:type\" content=\"article\" \/>\n<meta property=\"og:title\" content=\"Acondicionadores de aire inverter Mitsui, descubre toda la gama de productos\" \/>\n<meta property=\"og:description\" content=\"Descubre los climatizadores inverter Mitsui. Venta, instalaci\u00f3n y mantenimiento de nuestros aparatos de aire acondicionado en todos los hogares y oficinas\" \/>\n<meta property=\"og:url\" content=\"https:\/\/mitsuiairconditioner.com\/es\/climatizadores\/\" \/>\n<meta property=\"og:site_name\" content=\"Mitsui\" \/>\n<meta property=\"article:publisher\" content=\"https:\/\/www.facebook.com\/mitsuiairconditioners\/\" \/>\n<meta property=\"article:modified_time\" content=\"2025-11-13T10:22:25+00:00\" \/>\n<meta property=\"og:image\" content=\"https:\/\/mitsuiairconditioner.com\/wp-content\/uploads\/2025\/05\/Mitsui-Garanzia-10anni-300x106.png\" \/>\n<meta name=\"twitter:card\" content=\"summary_large_image\" \/>\n<meta name=\"twitter:label1\" content=\"Tiempo de lectura\" \/>\n\t<meta name=\"twitter:data1\" content=\"1 minuto\" \/>\n<script type=\"application\/ld+json\" class=\"yoast-schema-graph\">{\"@context\":\"https:\/\/schema.org\",\"@graph\":[{\"@type\":\"WebPage\",\"@id\":\"https:\/\/mitsuiairconditioner.com\/es\/climatizadores\/\",\"url\":\"https:\/\/mitsuiairconditioner.com\/es\/climatizadores\/\",\"name\":\"Acondicionadores de aire inverter Mitsui, descubre toda la gama de productos\",\"isPartOf\":{\"@id\":\"https:\/\/mitsuiairconditioner.com\/#website\"},\"datePublished\":\"2024-03-06T14:32:09+00:00\",\"dateModified\":\"2025-11-13T10:22:25+00:00\",\"description\":\"Descubre los climatizadores inverter Mitsui. Venta, instalaci\u00f3n y mantenimiento de nuestros aparatos de aire acondicionado en todos los hogares y oficinas\",\"breadcrumb\":{\"@id\":\"https:\/\/mitsuiairconditioner.com\/es\/climatizadores\/#breadcrumb\"},\"inLanguage\":\"es\",\"potentialAction\":[{\"@type\":\"ReadAction\",\"target\":[\"https:\/\/mitsuiairconditioner.com\/es\/climatizadores\/\"]}]},{\"@type\":\"BreadcrumbList\",\"@id\":\"https:\/\/mitsuiairconditioner.com\/es\/climatizadores\/#breadcrumb\",\"itemListElement\":[{\"@type\":\"ListItem\",\"position\":1,\"name\":\"Home\",\"item\":\"https:\/\/mitsuiairconditioner.com\/es\/homepage\/\"},{\"@type\":\"ListItem\",\"position\":2,\"name\":\"Aire acondicionado\"}]},{\"@type\":\"WebSite\",\"@id\":\"https:\/\/mitsuiairconditioner.com\/#website\",\"url\":\"https:\/\/mitsuiairconditioner.com\/\",\"name\":\"Mitsui\",\"description\":\"Air Conditioners and Heating Pumps\",\"publisher\":{\"@id\":\"https:\/\/mitsuiairconditioner.com\/#organization\"},\"potentialAction\":[{\"@type\":\"SearchAction\",\"target\":{\"@type\":\"EntryPoint\",\"urlTemplate\":\"https:\/\/mitsuiairconditioner.com\/?s={search_term_string}\"},\"query-input\":\"required name=search_term_string\"}],\"inLanguage\":\"es\"},{\"@type\":\"Organization\",\"@id\":\"https:\/\/mitsuiairconditioner.com\/#organization\",\"name\":\"Mitsui\",\"url\":\"https:\/\/mitsuiairconditioner.com\/\",\"logo\":{\"@type\":\"ImageObject\",\"inLanguage\":\"es\",\"@id\":\"https:\/\/mitsuiairconditioner.com\/#\/schema\/logo\/image\/\",\"url\":\"https:\/\/mitsuiairconditioner.com\/wp-content\/uploads\/2018\/02\/logo-mitsui.png\",\"contentUrl\":\"https:\/\/mitsuiairconditioner.com\/wp-content\/uploads\/2018\/02\/logo-mitsui.png\",\"width\":317,\"height\":213,\"caption\":\"Mitsui\"},\"image\":{\"@id\":\"https:\/\/mitsuiairconditioner.com\/#\/schema\/logo\/image\/\"},\"sameAs\":[\"https:\/\/www.facebook.com\/mitsuiairconditioners\/\"]}]}<\/script>\n<!-- \/ Yoast SEO plugin. -->","yoast_head_json":{"title":"Acondicionadores de aire inverter Mitsui, descubre toda la gama de productos","description":"Descubre los climatizadores inverter Mitsui. Venta, instalaci\u00f3n y mantenimiento de nuestros aparatos de aire acondicionado en todos los hogares y oficinas","robots":{"index":"index","follow":"follow","max-snippet":"max-snippet:-1","max-image-preview":"max-image-preview:large","max-video-preview":"max-video-preview:-1"},"canonical":"https:\/\/mitsuiairconditioner.com\/es\/climatizadores\/","og_locale":"es_ES","og_type":"article","og_title":"Acondicionadores de aire inverter Mitsui, descubre toda la gama de productos","og_description":"Descubre los climatizadores inverter Mitsui. Venta, instalaci\u00f3n y mantenimiento de nuestros aparatos de aire acondicionado en todos los hogares y oficinas","og_url":"https:\/\/mitsuiairconditioner.com\/es\/climatizadores\/","og_site_name":"Mitsui","article_publisher":"https:\/\/www.facebook.com\/mitsuiairconditioners\/","article_modified_time":"2025-11-13T10:22:25+00:00","og_image":[{"url":"https:\/\/mitsuiairconditioner.com\/wp-content\/uploads\/2025\/05\/Mitsui-Garanzia-10anni-300x106.png"}],"twitter_card":"summary_large_image","twitter_misc":{"Tiempo de lectura":"1 minuto"},"schema":{"@context":"https:\/\/schema.org","@graph":[{"@type":"WebPage","@id":"https:\/\/mitsuiairconditioner.com\/es\/climatizadores\/","url":"https:\/\/mitsuiairconditioner.com\/es\/climatizadores\/","name":"Acondicionadores de aire inverter Mitsui, descubre toda la gama de productos","isPartOf":{"@id":"https:\/\/mitsuiairconditioner.com\/#website"},"datePublished":"2024-03-06T14:32:09+00:00","dateModified":"2025-11-13T10:22:25+00:00","description":"Descubre los climatizadores inverter Mitsui. Venta, instalaci\u00f3n y mantenimiento de nuestros aparatos de aire acondicionado en todos los hogares y oficinas","breadcrumb":{"@id":"https:\/\/mitsuiairconditioner.com\/es\/climatizadores\/#breadcrumb"},"inLanguage":"es","potentialAction":[{"@type":"ReadAction","target":["https:\/\/mitsuiairconditioner.com\/es\/climatizadores\/"]}]},{"@type":"BreadcrumbList","@id":"https:\/\/mitsuiairconditioner.com\/es\/climatizadores\/#breadcrumb","itemListElement":[{"@type":"ListItem","position":1,"name":"Home","item":"https:\/\/mitsuiairconditioner.com\/es\/homepage\/"},{"@type":"ListItem","position":2,"name":"Aire acondicionado"}]},{"@type":"WebSite","@id":"https:\/\/mitsuiairconditioner.com\/#website","url":"https:\/\/mitsuiairconditioner.com\/","name":"Mitsui","description":"Air Conditioners and Heating Pumps","publisher":{"@id":"https:\/\/mitsuiairconditioner.com\/#organization"},"potentialAction":[{"@type":"SearchAction","target":{"@type":"EntryPoint","urlTemplate":"https:\/\/mitsuiairconditioner.com\/?s={search_term_string}"},"query-input":"required name=search_term_string"}],"inLanguage":"es"},{"@type":"Organization","@id":"https:\/\/mitsuiairconditioner.com\/#organization","name":"Mitsui","url":"https:\/\/mitsuiairconditioner.com\/","logo":{"@type":"ImageObject","inLanguage":"es","@id":"https:\/\/mitsuiairconditioner.com\/#\/schema\/logo\/image\/","url":"https:\/\/mitsuiairconditioner.com\/wp-content\/uploads\/2018\/02\/logo-mitsui.png","contentUrl":"https:\/\/mitsuiairconditioner.com\/wp-content\/uploads\/2018\/02\/logo-mitsui.png","width":317,"height":213,"caption":"Mitsui"},"image":{"@id":"https:\/\/mitsuiairconditioner.com\/#\/schema\/logo\/image\/"},"sameAs":["https:\/\/www.facebook.com\/mitsuiairconditioners\/"]}]}},"_links":{"self":[{"href":"https:\/\/mitsuiairconditioner.com\/es\/wp-json\/wp\/v2\/pages\/9811","targetHints":{"allow":["GET"]}}],"collection":[{"href":"https:\/\/mitsuiairconditioner.com\/es\/wp-json\/wp\/v2\/pages"}],"about":[{"href":"https:\/\/mitsuiairconditioner.com\/es\/wp-json\/wp\/v2\/types\/page"}],"author":[{"embeddable":true,"href":"https:\/\/mitsuiairconditioner.com\/es\/wp-json\/wp\/v2\/users\/3"}],"replies":[{"embeddable":true,"href":"https:\/\/mitsuiairconditioner.com\/es\/wp-json\/wp\/v2\/comments?post=9811"}],"version-history":[{"count":14,"href":"https:\/\/mitsuiairconditioner.com\/es\/wp-json\/wp\/v2\/pages\/9811\/revisions"}],"predecessor-version":[{"id":11910,"href":"https:\/\/mitsuiairconditioner.com\/es\/wp-json\/wp\/v2\/pages\/9811\/revisions\/11910"}],"wp:attachment":[{"href":"https:\/\/mitsuiairconditioner.com\/es\/wp-json\/wp\/v2\/media?parent=9811"}],"wp:term":[{"taxonomy":"folder","embeddable":true,"href":"https:\/\/mitsuiairconditioner.com\/es\/wp-json\/wp\/v2\/folder?post=9811"}],"curies":[{"name":"wp","href":"https:\/\/api.w.org\/{rel}","templated":true}]}}