{"id":11964,"date":"2025-12-03T10:42:29","date_gmt":"2025-12-03T08:42:29","guid":{"rendered":"https:\/\/mitsuiairconditioner.com\/incentivos-fiscales\/"},"modified":"2025-12-03T10:42:30","modified_gmt":"2025-12-03T08:42:30","slug":"incentivos-fiscales","status":"publish","type":"page","link":"https:\/\/mitsuiairconditioner.com\/es\/incentivos-fiscales\/","title":{"rendered":"Incentivos fiscales"},"content":{"rendered":"\t\t<div data-elementor-type=\"wp-post\" data-elementor-id=\"11964\" class=\"elementor elementor-11964 elementor-5827\" data-elementor-post-type=\"page\">\n\t\t\t\t\t\t<section class=\"elementor-section elementor-top-section elementor-element elementor-element-bdc561a elementor-section-content-middle elementor-section-boxed elementor-section-height-default elementor-section-height-default\" data-id=\"bdc561a\" data-element_type=\"section\" data-settings=\"{&quot;background_background&quot;:&quot;classic&quot;}\">\n\t\t\t\t\t\t<div class=\"elementor-container elementor-column-gap-wide\">\n\t\t\t\t\t<div class=\"elementor-column elementor-col-50 elementor-top-column elementor-element elementor-element-0b88c8b\" data-id=\"0b88c8b\" data-element_type=\"column\">\n\t\t\t<div class=\"elementor-widget-wrap\">\n\t\t\t\t\t\t\t<\/div>\n\t\t<\/div>\n\t\t\t\t<div class=\"elementor-column elementor-col-50 elementor-top-column elementor-element elementor-element-08e8d87\" data-id=\"08e8d87\" data-element_type=\"column\">\n\t\t\t<div class=\"elementor-widget-wrap elementor-element-populated\">\n\t\t\t\t\t\t<div class=\"elementor-element elementor-element-ea96c0b elementor-widget elementor-widget-heading\" data-id=\"ea96c0b\" data-element_type=\"widget\" data-widget_type=\"heading.default\">\n\t\t\t\t<div class=\"elementor-widget-container\">\n\t\t\t<h1 class=\"elementor-heading-title elementor-size-default\">Incentivos fiscales<\/h1>\t\t<\/div>\n\t\t\t\t<\/div>\n\t\t\t\t<div class=\"elementor-element elementor-element-542eb43 elementor-widget elementor-widget-text-editor\" data-id=\"542eb43\" data-element_type=\"widget\" data-widget_type=\"text-editor.default\">\n\t\t\t\t<div class=\"elementor-widget-container\">\n\t\t\t\t\t\t\t<p><span style=\"font-weight: 400;\">Los productos Mitsui pueden acogerse a todos los tipos de incentivos fiscales previstos por la normativa vigente.<\/span><\/p>\n<p><span style=\"font-weight: 400;\">Las distintas unidades, externas e internas, pueden integrarse entre s\u00ed con gran flexibilidad, por lo que es posible dise\u00f1ar un sistema a medida para alcanzar los objetivos de eficiencia fijados por cada norma.<\/span><\/p>\n\t\t\t\t\t\t<\/div>\n\t\t\t\t<\/div>\n\t\t\t\t<div class=\"elementor-element elementor-element-63e192a elementor-hidden-desktop elementor-hidden-tablet elementor-widget elementor-widget-image\" data-id=\"63e192a\" data-element_type=\"widget\" data-widget_type=\"image.default\">\n\t\t\t\t<div class=\"elementor-widget-container\">\n\t\t\t\t\t\t\t\t\t\t\t\t\t<img fetchpriority=\"high\" decoding=\"async\" width=\"1024\" height=\"600\" src=\"https:\/\/mitsuiairconditioner.com\/wp-content\/uploads\/2022\/07\/Mitsui-top-efficienty-1024x600.jpg\" class=\"attachment-large size-large wp-image-11965\" alt=\"\" srcset=\"https:\/\/mitsuiairconditioner.com\/wp-content\/uploads\/2022\/07\/Mitsui-top-efficienty-1024x600.jpg 1024w, https:\/\/mitsuiairconditioner.com\/wp-content\/uploads\/2022\/07\/Mitsui-top-efficienty-300x176.jpg 300w, https:\/\/mitsuiairconditioner.com\/wp-content\/uploads\/2022\/07\/Mitsui-top-efficienty-768x450.jpg 768w, https:\/\/mitsuiairconditioner.com\/wp-content\/uploads\/2022\/07\/Mitsui-top-efficienty-1536x900.jpg 1536w, https:\/\/mitsuiairconditioner.com\/wp-content\/uploads\/2022\/07\/Mitsui-top-efficienty-920x539.jpg 920w, https:\/\/mitsuiairconditioner.com\/wp-content\/uploads\/2022\/07\/Mitsui-top-efficienty-230x135.jpg 230w, https:\/\/mitsuiairconditioner.com\/wp-content\/uploads\/2022\/07\/Mitsui-top-efficienty-350x205.jpg 350w, https:\/\/mitsuiairconditioner.com\/wp-content\/uploads\/2022\/07\/Mitsui-top-efficienty-480x281.jpg 480w, https:\/\/mitsuiairconditioner.com\/wp-content\/uploads\/2022\/07\/Mitsui-top-efficienty.jpg 1600w\" sizes=\"(max-width: 1024px) 100vw, 1024px\" \/>\t\t\t\t\t\t\t\t\t\t\t\t\t<\/div>\n\t\t\t\t<\/div>\n\t\t\t\t\t<\/div>\n\t\t<\/div>\n\t\t\t\t\t<\/div>\n\t\t<\/section>\n\t\t\t\t<section class=\"elementor-section elementor-top-section elementor-element elementor-element-3c0accc elementor-section-stretched elementor-section-boxed elementor-section-height-default elementor-section-height-default\" data-id=\"3c0accc\" data-element_type=\"section\" data-settings=\"{&quot;background_background&quot;:&quot;classic&quot;,&quot;stretch_section&quot;:&quot;section-stretched&quot;}\">\n\t\t\t\t\t\t<div class=\"elementor-container elementor-column-gap-wider\">\n\t\t\t\t\t<div class=\"elementor-column elementor-col-33 elementor-top-column elementor-element elementor-element-46410ae\" data-id=\"46410ae\" data-element_type=\"column\" data-settings=\"{&quot;background_background&quot;:&quot;classic&quot;}\">\n\t\t\t<div class=\"elementor-widget-wrap elementor-element-populated\">\n\t\t\t\t\t\t<div class=\"elementor-element elementor-element-283394a elementor-widget elementor-widget-heading\" data-id=\"283394a\" data-element_type=\"widget\" data-widget_type=\"heading.default\">\n\t\t\t\t<div class=\"elementor-widget-container\">\n\t\t\t<h2 class=\"elementor-heading-title elementor-size-default\">Ecobono 65<\/h2>\t\t<\/div>\n\t\t\t\t<\/div>\n\t\t\t\t\t<\/div>\n\t\t<\/div>\n\t\t\t\t<div class=\"elementor-column elementor-col-66 elementor-top-column elementor-element elementor-element-b35cc9b\" data-id=\"b35cc9b\" data-element_type=\"column\">\n\t\t\t<div class=\"elementor-widget-wrap elementor-element-populated\">\n\t\t\t\t\t\t<div class=\"elementor-element elementor-element-52fc554 elementor-widget elementor-widget-text-editor\" data-id=\"52fc554\" data-element_type=\"widget\" data-widget_type=\"text-editor.default\">\n\t\t\t\t<div class=\"elementor-widget-container\">\n\t\t\t\t\t\t\t<p>Los modelos m\u00e1s demandados por los usuarios residenciales, los split Dynamic y Trend, tienen un excelente rendimiento t\u00e9rmico por kW (COP de hasta 4,4), de modo que sustituy\u00e9ndolos en un sistema existente, se pueden alcanzar f\u00e1cilmente los umbrales del Ecobonus y beneficiarse de la correspondiente deducci\u00f3n del 65%.<\/p>\n\t\t\t\t\t\t<\/div>\n\t\t\t\t<\/div>\n\t\t\t\t\t<\/div>\n\t\t<\/div>\n\t\t\t\t\t<\/div>\n\t\t<\/section>\n\t\t\t\t<section class=\"elementor-section elementor-top-section elementor-element elementor-element-bee50d9 elementor-section-stretched elementor-section-boxed elementor-section-height-default elementor-section-height-default\" data-id=\"bee50d9\" data-element_type=\"section\" data-settings=\"{&quot;background_background&quot;:&quot;classic&quot;,&quot;stretch_section&quot;:&quot;section-stretched&quot;}\">\n\t\t\t\t\t\t<div class=\"elementor-container elementor-column-gap-wider\">\n\t\t\t\t\t<div class=\"elementor-column elementor-col-33 elementor-top-column elementor-element elementor-element-a5f3b41\" data-id=\"a5f3b41\" data-element_type=\"column\" data-settings=\"{&quot;background_background&quot;:&quot;classic&quot;}\">\n\t\t\t<div class=\"elementor-widget-wrap elementor-element-populated\">\n\t\t\t\t\t\t<div class=\"elementor-element elementor-element-a8d3f96 elementor-widget elementor-widget-heading\" data-id=\"a8d3f96\" data-element_type=\"widget\" data-widget_type=\"heading.default\">\n\t\t\t\t<div class=\"elementor-widget-container\">\n\t\t\t<h2 class=\"elementor-heading-title elementor-size-default\">Deducci\u00f3n del 50<\/h2>\t\t<\/div>\n\t\t\t\t<\/div>\n\t\t\t\t\t<\/div>\n\t\t<\/div>\n\t\t\t\t<div class=\"elementor-column elementor-col-66 elementor-top-column elementor-element elementor-element-769cb6f\" data-id=\"769cb6f\" data-element_type=\"column\">\n\t\t\t<div class=\"elementor-widget-wrap elementor-element-populated\">\n\t\t\t\t\t\t<div class=\"elementor-element elementor-element-3484a8e elementor-widget elementor-widget-text-editor\" data-id=\"3484a8e\" data-element_type=\"widget\" data-widget_type=\"text-editor.default\">\n\t\t\t\t<div class=\"elementor-widget-container\">\n\t\t\t\t\t\t\t<p>Existe una deducci\u00f3n fiscal del 50% del Irpef sobre los costes de las obras de renovaci\u00f3n de edificios que supongan un ahorro energ\u00e9tico. El importe m\u00e1ximo del gasto que puede deducirse es de 96.000 euros por unidad, y se reparte a lo largo de un periodo de 10 a\u00f1os. <\/p>\n\t\t\t\t\t\t<\/div>\n\t\t\t\t<\/div>\n\t\t\t\t\t<\/div>\n\t\t<\/div>\n\t\t\t\t\t<\/div>\n\t\t<\/section>\n\t\t\t\t<section class=\"elementor-section elementor-top-section elementor-element elementor-element-e651319 elementor-section-stretched elementor-section-boxed elementor-section-height-default elementor-section-height-default\" data-id=\"e651319\" data-element_type=\"section\" data-settings=\"{&quot;background_background&quot;:&quot;classic&quot;,&quot;stretch_section&quot;:&quot;section-stretched&quot;}\">\n\t\t\t\t\t\t<div class=\"elementor-container elementor-column-gap-wider\">\n\t\t\t\t\t<div class=\"elementor-column elementor-col-33 elementor-top-column elementor-element elementor-element-de11458\" data-id=\"de11458\" data-element_type=\"column\" data-settings=\"{&quot;background_background&quot;:&quot;classic&quot;}\">\n\t\t\t<div class=\"elementor-widget-wrap elementor-element-populated\">\n\t\t\t\t\t\t<div class=\"elementor-element elementor-element-363b6a1 elementor-widget elementor-widget-heading\" data-id=\"363b6a1\" data-element_type=\"widget\" data-widget_type=\"heading.default\">\n\t\t\t\t<div class=\"elementor-widget-container\">\n\t\t\t<h2 class=\"elementor-heading-title elementor-size-default\">Conto Termico 2.0<\/h2>\t\t<\/div>\n\t\t\t\t<\/div>\n\t\t\t\t\t<\/div>\n\t\t<\/div>\n\t\t\t\t<div class=\"elementor-column elementor-col-66 elementor-top-column elementor-element elementor-element-0078afd\" data-id=\"0078afd\" data-element_type=\"column\">\n\t\t\t<div class=\"elementor-widget-wrap elementor-element-populated\">\n\t\t\t\t\t\t<div class=\"elementor-element elementor-element-2c53063 elementor-widget elementor-widget-text-editor\" data-id=\"2c53063\" data-element_type=\"widget\" data-widget_type=\"text-editor.default\">\n\t\t\t\t<div class=\"elementor-widget-container\">\n\t\t\t\t\t\t\t<p>Las bombas de calor, al ser tecnolog\u00edas renovables capaces de proporcionar energ\u00eda t\u00e9rmica para las necesidades de las habitaciones, tambi\u00e9n pueden acogerse al incentivo Conto termico 2.0. Este incentivo est\u00e1 a disposici\u00f3n de particulares y administraciones p\u00fablicas para intervenciones a peque\u00f1a escala destinadas a explotar la producci\u00f3n de energ\u00eda t\u00e9rmica a partir de fuentes renovables y a aumentar la eficiencia energ\u00e9tica. La cuant\u00eda del incentivo econ\u00f3mico (importe m\u00e1ximo a pagar: 5.000,00 euros) se calcula sobre la base de:  <\/p>\n<p><strong>Potencia a plena carga de la bomba de calor;<\/strong><br \/><strong>Eficiencia (COP nominal);<\/strong><br \/><strong>Zona clim\u00e1tica de referencia;<\/strong><br \/><strong>Energ\u00eda t\u00e9rmica producida;<\/strong><\/p>\n\t\t\t\t\t\t<\/div>\n\t\t\t\t<\/div>\n\t\t\t\t\t<\/div>\n\t\t<\/div>\n\t\t\t\t\t<\/div>\n\t\t<\/section>\n\t\t\t\t<\/div>\n\t\t","protected":false},"excerpt":{"rendered":"<p>Los productos Mitsui pueden acogerse a todos los tipos de incentivos fiscales previstos por la normativa vigente. Las distintas unidades, externas e [&hellip;]<\/p>\n","protected":false},"author":3,"featured_media":0,"parent":0,"menu_order":1,"comment_status":"closed","ping_status":"closed","template":"page-templates\/page_front-page.php","meta":{"_acf_changed":false,"footnotes":""},"folder":[],"class_list":["post-11964","page","type-page","status-publish","hentry"],"acf":[],"yoast_head":"<!-- This site is optimized with the Yoast SEO plugin v21.6 - https:\/\/yoast.com\/wordpress\/plugins\/seo\/ -->\n<title>Incentivos fiscales para aires acondicionados y bombas de calor | Mitsui<\/title>\n<meta name=\"description\" content=\"Inf\u00f3rmate sobre los incentivos fiscales para aires acondicionados y bombas de calor Mitsui seg\u00fan la normativa vigente. Descubre m\u00e1s\" \/>\n<meta name=\"robots\" content=\"index, follow, max-snippet:-1, max-image-preview:large, max-video-preview:-1\" \/>\n<link rel=\"canonical\" href=\"https:\/\/mitsuiairconditioner.com\/es\/incentivos-fiscales\/\" \/>\n<meta property=\"og:locale\" content=\"es_ES\" \/>\n<meta property=\"og:type\" content=\"article\" \/>\n<meta property=\"og:title\" content=\"Incentivos fiscales para aires acondicionados y bombas de calor | Mitsui\" \/>\n<meta property=\"og:description\" content=\"Inf\u00f3rmate sobre los incentivos fiscales para aires acondicionados y bombas de calor Mitsui seg\u00fan la normativa vigente. Descubre m\u00e1s\" \/>\n<meta property=\"og:url\" content=\"https:\/\/mitsuiairconditioner.com\/es\/incentivos-fiscales\/\" \/>\n<meta property=\"og:site_name\" content=\"Mitsui\" \/>\n<meta property=\"article:publisher\" content=\"https:\/\/www.facebook.com\/mitsuiairconditioners\/\" \/>\n<meta property=\"article:modified_time\" content=\"2025-12-03T08:42:30+00:00\" \/>\n<meta property=\"og:image\" content=\"https:\/\/mitsuiairconditioner.com\/wp-content\/uploads\/2022\/07\/Mitsui-top-efficienty-1024x600.jpg\" \/>\n<meta name=\"twitter:card\" content=\"summary_large_image\" \/>\n<meta name=\"twitter:label1\" content=\"Tiempo de lectura\" \/>\n\t<meta name=\"twitter:data1\" content=\"1 minuto\" \/>\n<script type=\"application\/ld+json\" class=\"yoast-schema-graph\">{\"@context\":\"https:\/\/schema.org\",\"@graph\":[{\"@type\":\"WebPage\",\"@id\":\"https:\/\/mitsuiairconditioner.com\/es\/incentivos-fiscales\/\",\"url\":\"https:\/\/mitsuiairconditioner.com\/es\/incentivos-fiscales\/\",\"name\":\"Incentivos fiscales para aires acondicionados y bombas de calor | Mitsui\",\"isPartOf\":{\"@id\":\"https:\/\/mitsuiairconditioner.com\/#website\"},\"datePublished\":\"2025-12-03T08:42:29+00:00\",\"dateModified\":\"2025-12-03T08:42:30+00:00\",\"description\":\"Inf\u00f3rmate sobre los incentivos fiscales para aires acondicionados y bombas de calor Mitsui seg\u00fan la normativa vigente. Descubre m\u00e1s\",\"breadcrumb\":{\"@id\":\"https:\/\/mitsuiairconditioner.com\/es\/incentivos-fiscales\/#breadcrumb\"},\"inLanguage\":\"es\",\"potentialAction\":[{\"@type\":\"ReadAction\",\"target\":[\"https:\/\/mitsuiairconditioner.com\/es\/incentivos-fiscales\/\"]}]},{\"@type\":\"BreadcrumbList\",\"@id\":\"https:\/\/mitsuiairconditioner.com\/es\/incentivos-fiscales\/#breadcrumb\",\"itemListElement\":[{\"@type\":\"ListItem\",\"position\":1,\"name\":\"Home\",\"item\":\"https:\/\/mitsuiairconditioner.com\/es\/homepage\/\"},{\"@type\":\"ListItem\",\"position\":2,\"name\":\"Incentivos fiscales\"}]},{\"@type\":\"WebSite\",\"@id\":\"https:\/\/mitsuiairconditioner.com\/#website\",\"url\":\"https:\/\/mitsuiairconditioner.com\/\",\"name\":\"Mitsui\",\"description\":\"Air Conditioners and Heating Pumps\",\"publisher\":{\"@id\":\"https:\/\/mitsuiairconditioner.com\/#organization\"},\"potentialAction\":[{\"@type\":\"SearchAction\",\"target\":{\"@type\":\"EntryPoint\",\"urlTemplate\":\"https:\/\/mitsuiairconditioner.com\/?s={search_term_string}\"},\"query-input\":\"required name=search_term_string\"}],\"inLanguage\":\"es\"},{\"@type\":\"Organization\",\"@id\":\"https:\/\/mitsuiairconditioner.com\/#organization\",\"name\":\"Mitsui\",\"url\":\"https:\/\/mitsuiairconditioner.com\/\",\"logo\":{\"@type\":\"ImageObject\",\"inLanguage\":\"es\",\"@id\":\"https:\/\/mitsuiairconditioner.com\/#\/schema\/logo\/image\/\",\"url\":\"https:\/\/mitsuiairconditioner.com\/wp-content\/uploads\/2018\/02\/logo-mitsui.png\",\"contentUrl\":\"https:\/\/mitsuiairconditioner.com\/wp-content\/uploads\/2018\/02\/logo-mitsui.png\",\"width\":317,\"height\":213,\"caption\":\"Mitsui\"},\"image\":{\"@id\":\"https:\/\/mitsuiairconditioner.com\/#\/schema\/logo\/image\/\"},\"sameAs\":[\"https:\/\/www.facebook.com\/mitsuiairconditioners\/\"]}]}<\/script>\n<!-- \/ Yoast SEO plugin. -->","yoast_head_json":{"title":"Incentivos fiscales para aires acondicionados y bombas de calor | Mitsui","description":"Inf\u00f3rmate sobre los incentivos fiscales para aires acondicionados y bombas de calor Mitsui seg\u00fan la normativa vigente. Descubre m\u00e1s","robots":{"index":"index","follow":"follow","max-snippet":"max-snippet:-1","max-image-preview":"max-image-preview:large","max-video-preview":"max-video-preview:-1"},"canonical":"https:\/\/mitsuiairconditioner.com\/es\/incentivos-fiscales\/","og_locale":"es_ES","og_type":"article","og_title":"Incentivos fiscales para aires acondicionados y bombas de calor | Mitsui","og_description":"Inf\u00f3rmate sobre los incentivos fiscales para aires acondicionados y bombas de calor Mitsui seg\u00fan la normativa vigente. Descubre m\u00e1s","og_url":"https:\/\/mitsuiairconditioner.com\/es\/incentivos-fiscales\/","og_site_name":"Mitsui","article_publisher":"https:\/\/www.facebook.com\/mitsuiairconditioners\/","article_modified_time":"2025-12-03T08:42:30+00:00","og_image":[{"url":"https:\/\/mitsuiairconditioner.com\/wp-content\/uploads\/2022\/07\/Mitsui-top-efficienty-1024x600.jpg"}],"twitter_card":"summary_large_image","twitter_misc":{"Tiempo de lectura":"1 minuto"},"schema":{"@context":"https:\/\/schema.org","@graph":[{"@type":"WebPage","@id":"https:\/\/mitsuiairconditioner.com\/es\/incentivos-fiscales\/","url":"https:\/\/mitsuiairconditioner.com\/es\/incentivos-fiscales\/","name":"Incentivos fiscales para aires acondicionados y bombas de calor | Mitsui","isPartOf":{"@id":"https:\/\/mitsuiairconditioner.com\/#website"},"datePublished":"2025-12-03T08:42:29+00:00","dateModified":"2025-12-03T08:42:30+00:00","description":"Inf\u00f3rmate sobre los incentivos fiscales para aires acondicionados y bombas de calor Mitsui seg\u00fan la normativa vigente. Descubre m\u00e1s","breadcrumb":{"@id":"https:\/\/mitsuiairconditioner.com\/es\/incentivos-fiscales\/#breadcrumb"},"inLanguage":"es","potentialAction":[{"@type":"ReadAction","target":["https:\/\/mitsuiairconditioner.com\/es\/incentivos-fiscales\/"]}]},{"@type":"BreadcrumbList","@id":"https:\/\/mitsuiairconditioner.com\/es\/incentivos-fiscales\/#breadcrumb","itemListElement":[{"@type":"ListItem","position":1,"name":"Home","item":"https:\/\/mitsuiairconditioner.com\/es\/homepage\/"},{"@type":"ListItem","position":2,"name":"Incentivos fiscales"}]},{"@type":"WebSite","@id":"https:\/\/mitsuiairconditioner.com\/#website","url":"https:\/\/mitsuiairconditioner.com\/","name":"Mitsui","description":"Air Conditioners and Heating Pumps","publisher":{"@id":"https:\/\/mitsuiairconditioner.com\/#organization"},"potentialAction":[{"@type":"SearchAction","target":{"@type":"EntryPoint","urlTemplate":"https:\/\/mitsuiairconditioner.com\/?s={search_term_string}"},"query-input":"required name=search_term_string"}],"inLanguage":"es"},{"@type":"Organization","@id":"https:\/\/mitsuiairconditioner.com\/#organization","name":"Mitsui","url":"https:\/\/mitsuiairconditioner.com\/","logo":{"@type":"ImageObject","inLanguage":"es","@id":"https:\/\/mitsuiairconditioner.com\/#\/schema\/logo\/image\/","url":"https:\/\/mitsuiairconditioner.com\/wp-content\/uploads\/2018\/02\/logo-mitsui.png","contentUrl":"https:\/\/mitsuiairconditioner.com\/wp-content\/uploads\/2018\/02\/logo-mitsui.png","width":317,"height":213,"caption":"Mitsui"},"image":{"@id":"https:\/\/mitsuiairconditioner.com\/#\/schema\/logo\/image\/"},"sameAs":["https:\/\/www.facebook.com\/mitsuiairconditioners\/"]}]}},"_links":{"self":[{"href":"https:\/\/mitsuiairconditioner.com\/es\/wp-json\/wp\/v2\/pages\/11964","targetHints":{"allow":["GET"]}}],"collection":[{"href":"https:\/\/mitsuiairconditioner.com\/es\/wp-json\/wp\/v2\/pages"}],"about":[{"href":"https:\/\/mitsuiairconditioner.com\/es\/wp-json\/wp\/v2\/types\/page"}],"author":[{"embeddable":true,"href":"https:\/\/mitsuiairconditioner.com\/es\/wp-json\/wp\/v2\/users\/3"}],"replies":[{"embeddable":true,"href":"https:\/\/mitsuiairconditioner.com\/es\/wp-json\/wp\/v2\/comments?post=11964"}],"version-history":[{"count":1,"href":"https:\/\/mitsuiairconditioner.com\/es\/wp-json\/wp\/v2\/pages\/11964\/revisions"}],"predecessor-version":[{"id":11966,"href":"https:\/\/mitsuiairconditioner.com\/es\/wp-json\/wp\/v2\/pages\/11964\/revisions\/11966"}],"wp:attachment":[{"href":"https:\/\/mitsuiairconditioner.com\/es\/wp-json\/wp\/v2\/media?parent=11964"}],"wp:term":[{"taxonomy":"folder","embeddable":true,"href":"https:\/\/mitsuiairconditioner.com\/es\/wp-json\/wp\/v2\/folder?post=11964"}],"curies":[{"name":"wp","href":"https:\/\/api.w.org\/{rel}","templated":true}]}}